{"id":6995,"date":"2025-05-30T00:05:46","date_gmt":"2025-05-29T22:05:46","guid":{"rendered":"https:\/\/www.ngdcare.nl\/product\/sin%20categor\u00eda\/5-verduras\/"},"modified":"2025-11-26T22:43:28","modified_gmt":"2025-11-26T21:43:28","slug":"5-verduras","status":"publish","type":"product","link":"https:\/\/www.ngdcare.nl\/es\/product\/veterinary-health\/enriquecimiento\/aderezos-para-alimentos\/5-verduras\/","title":{"rendered":"Cinco greens"},"content":{"rendered":"<p data-start=\"3693\" data-end=\"4089\"><strong>Cinco Verdes<\/strong> est\u00e1 formado por cinco especies de gram\u00edneas ricas en clorofila: <strong>Kamut<\/strong> (hierba antigua de trigo), <strong>hierba de cebada<\/strong>, <strong>hierba de avena<\/strong>, <strong>hierba de trigo<\/strong> y <strong>alfalfa<\/strong>. Estos ingredientes aportan minerales naturales, fitonutrientes y tintes vegetales que tradicionalmente se han utilizado como complemento a la dieta diaria. Las plantas verdes tambi\u00e9n contienen fibra y micronutrientes que se adaptan a una dieta variada y natural. Se prensan en fr\u00edo para garantizar la calidad y contienen muchas vitaminas (diversas vitaminas del grupo B), minerales (hierro, zinc, magnesio y f\u00f3sforo) y enzimas. Contiene una alta concentraci\u00f3n de clorofila.    <\/p>\n<p data-start=\"4091\" data-end=\"4509\">La combinaci\u00f3n de estas cinco gram\u00edneas da un sabor puro y neutro que se integra bien con casi cualquier comida. Five Greens es f\u00e1cil de a\u00f1adir a batidos, yogur, agua, aperitivos caseros, carne fresca, comida enlatada o pienso. La mezcla es una forma sencilla de aumentar la ingesta de plantas verdes, tanto en individuos activos como en situaciones donde se desea un soporte o variaci\u00f3n adicional.  <\/p>\n<p data-start=\"4511\" data-end=\"4780\">Esta mezcla de superalimentos encaja en las rutinas diarias tanto para humanos como para animales y puede usarse durante todo el a\u00f1o. El equilibrio entre las diferentes plantas verdes crea una mezcla verde vers\u00e1til y completa, adecuada para un soporte suave y a largo plazo. <\/p>\n","protected":false},"excerpt":{"rendered":"<p data-start=\"7392\" data-end=\"7532\">Five Greens es una mezcla pura de superalimentos verdes con cinco gram\u00edneas ricas en clorofila para aportar minerales diarios, antioxidantes y energ\u00eda natural.<\/p>\n","protected":false},"featured_media":11166,"comment_status":"open","ping_status":"closed","template":"","meta":{"wds_primary_product_brand":0,"wds_primary_product_cat":15,"wds_primary_merken":0},"product_brand":[],"product_cat":[3493,4768],"product_tag":[],"merken":[],"class_list":{"0":"post-6995","1":"product","2":"type-product","3":"status-publish","4":"has-post-thumbnail","6":"product_cat-aderezos-para-alimentos","7":"product_cat-superalimentos","8":"infinite-scroll-item","9":"sales-flash-overlay","10":"woocommerce-text-align-center","11":"woocommerce-image-align-center","12":"do-quantity-buttons","14":"first","15":"instock","16":"taxable","17":"shipping-taxable","18":"purchasable","19":"product-type-simple"},"_links":{"self":[{"href":"https:\/\/www.ngdcare.nl\/es\/wp-json\/wp\/v2\/product\/6995","targetHints":{"allow":["GET"]}}],"collection":[{"href":"https:\/\/www.ngdcare.nl\/es\/wp-json\/wp\/v2\/product"}],"about":[{"href":"https:\/\/www.ngdcare.nl\/es\/wp-json\/wp\/v2\/types\/product"}],"replies":[{"embeddable":true,"href":"https:\/\/www.ngdcare.nl\/es\/wp-json\/wp\/v2\/comments?post=6995"}],"wp:featuredmedia":[{"embeddable":true,"href":"https:\/\/www.ngdcare.nl\/es\/wp-json\/wp\/v2\/media\/11166"}],"wp:attachment":[{"href":"https:\/\/www.ngdcare.nl\/es\/wp-json\/wp\/v2\/media?parent=6995"}],"wp:term":[{"taxonomy":"product_brand","embeddable":true,"href":"https:\/\/www.ngdcare.nl\/es\/wp-json\/wp\/v2\/product_brand?post=6995"},{"taxonomy":"product_cat","embeddable":true,"href":"https:\/\/www.ngdcare.nl\/es\/wp-json\/wp\/v2\/product_cat?post=6995"},{"taxonomy":"product_tag","embeddable":true,"href":"https:\/\/www.ngdcare.nl\/es\/wp-json\/wp\/v2\/product_tag?post=6995"},{"taxonomy":"merken","embeddable":true,"href":"https:\/\/www.ngdcare.nl\/es\/wp-json\/wp\/v2\/merken?post=6995"}],"curies":[{"name":"wp","href":"https:\/\/api.w.org\/{rel}","templated":true}]}}