{"id":7004,"date":"2025-08-24T22:38:04","date_gmt":"2025-08-24T20:38:04","guid":{"rendered":"https:\/\/www.ngdcare.nl\/product\/sin%20categor\u00eda\/spray-nasal-de-plata-coloidal-spray-nasal-de-plata-coloidal\/"},"modified":"2026-03-29T14:24:14","modified_gmt":"2026-03-29T12:24:14","slug":"spray-nasal-de-plata-coloidal-spray-nasal-de-plata-coloidal","status":"publish","type":"product","link":"https:\/\/www.ngdcare.nl\/es\/product\/veterinary-health\/coloidal-es\/spray-nasal-de-plata-coloidal-spray-nasal-de-plata-coloidal\/","title":{"rendered":"Spray nasal de plata coloidal \u2013 spray nasal de plata coloidal"},"content":{"rendered":"<p class=\"p1\">El <strong>aerosol nasal de plata coloidal<\/strong> de NGD Care proporciona un apoyo natural para los problemas nasales tanto en mascotas como en humanos. Este spray contiene plata coloidal pura en una concentraci\u00f3n de 10 PPM (partes por mill\u00f3n), disuelta en agua destilada purificada. Gracias al uso de part\u00edculas de nanoplata, el aerosol nasal es especialmente adecuado para membranas mucosas sensibles.  <\/p>\n<p class=\"p1\">La plata tiene naturalmente un efecto purificador y contribuye a un microclima saludable de las fosas nasales, sin aditivos irritantes. El spray no contiene alcohol, conservantes ni fragancias, por lo que es seguro para animales j\u00f3venes o personas sensibles. <\/p>\n<p class=\"p1\">El frasco de spray hace que la administraci\u00f3n sea f\u00e1cil y precisa: con una pulverizaci\u00f3n por fosa nasal, se llega directamente a la mucosa nasal. La acci\u00f3n es local, leve y sin efectos secundarios o interacciones conocidas. <\/p>\n<p class=\"p1\">Este aerosol nasal se utiliza principalmente para:<\/p>\n<p class=\"p1\">\u2013 secreci\u00f3n nasal excesiva<\/p>\n<p class=\"p1\">\u2013 congesti\u00f3n nasal<\/p>\n<p class=\"p1\">\u2013 soporte de senos paranasales y v\u00edas respiratorias<\/p>\n<p class=\"p1\">\u2013 cuidados postoperatorios de la cavidad nasal<\/p>\n<p class=\"p1\">\u2013 irritaciones estacionales (por ejemplo, polen)<\/p>\n","protected":false},"excerpt":{"rendered":"<p class=\"p1\">El aerosol nasal de plata coloidal de NGD Care es un aerosol suave y natural con nanoplata de 10 PPM en agua destilada. Apoya las membranas mucosas y la salud nasal en humanos y animales. <\/p>\n","protected":false},"featured_media":11088,"comment_status":"open","ping_status":"closed","template":"","meta":{"wds_primary_product_brand":0,"wds_primary_product_cat":0,"wds_primary_merken":0},"product_brand":[],"product_cat":[1971,3393,2162],"product_tag":[3394,1929,3409,3407,3395,1927,3411,3777,3773,3774,3775,3412,3776],"merken":[],"class_list":{"0":"post-7004","1":"product","2":"type-product","3":"status-publish","4":"has-post-thumbnail","6":"product_cat-antiinflamatorio","7":"product_cat-coloidal-es","8":"product_cat-vitalidad-general","9":"product_tag-coloidal-es","10":"product_tag-gato","11":"product_tag-infeccion","12":"product_tag-nano-plata","13":"product_tag-ngd-care-coloidal-es","14":"product_tag-perro","15":"product_tag-plata-coloidal","16":"product_tag-rinitis-es","17":"product_tag-sinusitis-es","18":"product_tag-spray-nasal-es","19":"product_tag-spray-nasal-plateado","20":"product_tag-uso-externo","21":"product_tag-vias-respiratorias-anteriores","22":"infinite-scroll-item","23":"sales-flash-overlay","24":"woocommerce-text-align-center","25":"woocommerce-image-align-center","26":"do-quantity-buttons","28":"first","29":"instock","30":"taxable","31":"shipping-taxable","32":"purchasable","33":"product-type-simple"},"_links":{"self":[{"href":"https:\/\/www.ngdcare.nl\/es\/wp-json\/wp\/v2\/product\/7004","targetHints":{"allow":["GET"]}}],"collection":[{"href":"https:\/\/www.ngdcare.nl\/es\/wp-json\/wp\/v2\/product"}],"about":[{"href":"https:\/\/www.ngdcare.nl\/es\/wp-json\/wp\/v2\/types\/product"}],"replies":[{"embeddable":true,"href":"https:\/\/www.ngdcare.nl\/es\/wp-json\/wp\/v2\/comments?post=7004"}],"wp:featuredmedia":[{"embeddable":true,"href":"https:\/\/www.ngdcare.nl\/es\/wp-json\/wp\/v2\/media\/11088"}],"wp:attachment":[{"href":"https:\/\/www.ngdcare.nl\/es\/wp-json\/wp\/v2\/media?parent=7004"}],"wp:term":[{"taxonomy":"product_brand","embeddable":true,"href":"https:\/\/www.ngdcare.nl\/es\/wp-json\/wp\/v2\/product_brand?post=7004"},{"taxonomy":"product_cat","embeddable":true,"href":"https:\/\/www.ngdcare.nl\/es\/wp-json\/wp\/v2\/product_cat?post=7004"},{"taxonomy":"product_tag","embeddable":true,"href":"https:\/\/www.ngdcare.nl\/es\/wp-json\/wp\/v2\/product_tag?post=7004"},{"taxonomy":"merken","embeddable":true,"href":"https:\/\/www.ngdcare.nl\/es\/wp-json\/wp\/v2\/merken?post=7004"}],"curies":[{"name":"wp","href":"https:\/\/api.w.org\/{rel}","templated":true}]}}