{"id":7034,"date":"2025-09-15T21:21:54","date_gmt":"2025-09-15T19:21:54","guid":{"rendered":"https:\/\/www.ngdcare.nl\/product\/sin%20categor\u00eda\/balsamo-para-la-piel-de-jojoba-con-ozono-balsamo-para-la-piel\/"},"modified":"2026-03-29T14:18:21","modified_gmt":"2026-03-29T12:18:21","slug":"balsamo-para-la-piel-de-jojoba-con-ozono-balsamo-para-la-piel","status":"publish","type":"product","link":"https:\/\/www.ngdcare.nl\/es\/product\/piel-y-pelaje\/balsamo-para-la-piel-de-jojoba-con-ozono-balsamo-para-la-piel\/","title":{"rendered":"B\u00e1lsamo para la piel de jojoba con ozono \u2013 B\u00e1lsamo para la piel"},"content":{"rendered":"<p data-start=\"6539\" data-end=\"6718\"><strong data-start=\"6752\" data-end=\"6783\">B\u00e1lsamo para la piel de jojoba con ozono: el b\u00e1lsamo para la piel<\/strong> utiliza el <strong data-start=\"6809\" data-end=\"6825\">car\u00e1cter de cera<\/strong> natural de la jojoba: con una ozonizaci\u00f3n m\u00e1s pesada, se forma un <strong data-start=\"6878\" data-end=\"6897\">b\u00e1lsamo estable<\/strong> que coloca una capa delgada y semioclusiva. Ideal para <strong data-start=\"6952\" data-end=\"6983\">\u00e1reas locales, secas o \u00e1speras<\/strong> (almohadillas de las patas, nariz, pliegues de la piel y estantes). Sin fragancia.  <\/p>\n<p data-start=\"4084\" data-end=\"4651\">Aceite de jojoba con ozono \u2013 <strong data-start=\"4158\" data-end=\"4171\">B\u00e1lsamo para la piel<\/strong> es un <strong data-start=\"4179\" data-end=\"4209\">b\u00e1lsamo semis\u00f3lido y estable<\/strong> a base de <strong data-start=\"4237\" data-end=\"4252\">aceite de jojoba<\/strong> ozonizado. Debido al car\u00e1cter natural de <strong data-start=\"4275\" data-end=\"4291\">la cera<\/strong> de la jojoba, una ozonizaci\u00f3n m\u00e1s pesada crea una <strong data-start=\"4341\" data-end=\"4372\">capa delgada y semioclusiva<\/strong> que <strong data-start=\"4377\" data-end=\"4404\">permanece en su lugar durante mucho tiempo<\/strong>. El b\u00e1lsamo <strong data-start=\"4419\" data-end=\"4437\">no es pegajoso<\/strong>, <strong data-start=\"4439\" data-end=\"4453\">no tiene fragancia<\/strong> y es ideal para <strong data-start=\"4469\" data-end=\"4500\">\u00e1reas locales, secas o \u00e1speras<\/strong>.  <\/p>\n<p data-start=\"4084\" data-end=\"4651\"><strong data-start=\"4653\" data-end=\"4701\">Las \u00e1reas de aplicaci\u00f3n<\/strong> son el cuidado local de los puntos secos \/ \u00e1speros, como estantes y otras \u00e1reas de descanso, almohadillas para los pies, superficie nasal y pliegues de la piel. El b\u00e1lsamo tiene un efecto de apoyo sobre las infecciones bacterianas y por hongos en la piel y penetra bien en la biopel\u00edcula. <\/p>\n","protected":false},"excerpt":{"rendered":"<p data-start=\"6539\" data-end=\"6718\"><strong data-start=\"6588\" data-end=\"6602\">B\u00e1lsamo cut\u00e1neo<\/strong> rico y semis\u00f3lido a base de aceite de jojoba ozonizado. Cuida y protege los peque\u00f1os puntos secos\/\u00e1speros y permanece en su lugar durante mucho tiempo. <\/p>\n<p data-start=\"6720\" data-end=\"7093\">\n","protected":false},"featured_media":17405,"comment_status":"open","ping_status":"closed","template":"","meta":{"wds_primary_product_brand":0,"wds_primary_product_cat":0,"wds_primary_merken":0},"product_brand":[],"product_cat":[2444,3557],"product_tag":[3563,3561,3565,3560,3558],"merken":[],"class_list":{"0":"post-7034","1":"product","2":"type-product","3":"status-publish","4":"has-post-thumbnail","6":"product_cat-piel-y-pelaje","7":"product_cat-ozono-es","8":"product_tag-cuidado-de-las-orejas-de-gato","9":"product_tag-cuidado-de-los-oidos-de-los-perros","10":"product_tag-gotas-para-los-oidos","11":"product_tag-jojoba-ozonizada","12":"product_tag-sin-fragancia","13":"infinite-scroll-item","14":"sales-flash-overlay","15":"woocommerce-text-align-center","16":"woocommerce-image-align-center","17":"do-quantity-buttons","19":"first","20":"instock","21":"taxable","22":"shipping-taxable","23":"purchasable","24":"product-type-simple"},"_links":{"self":[{"href":"https:\/\/www.ngdcare.nl\/es\/wp-json\/wp\/v2\/product\/7034","targetHints":{"allow":["GET"]}}],"collection":[{"href":"https:\/\/www.ngdcare.nl\/es\/wp-json\/wp\/v2\/product"}],"about":[{"href":"https:\/\/www.ngdcare.nl\/es\/wp-json\/wp\/v2\/types\/product"}],"replies":[{"embeddable":true,"href":"https:\/\/www.ngdcare.nl\/es\/wp-json\/wp\/v2\/comments?post=7034"}],"wp:featuredmedia":[{"embeddable":true,"href":"https:\/\/www.ngdcare.nl\/es\/wp-json\/wp\/v2\/media\/17405"}],"wp:attachment":[{"href":"https:\/\/www.ngdcare.nl\/es\/wp-json\/wp\/v2\/media?parent=7034"}],"wp:term":[{"taxonomy":"product_brand","embeddable":true,"href":"https:\/\/www.ngdcare.nl\/es\/wp-json\/wp\/v2\/product_brand?post=7034"},{"taxonomy":"product_cat","embeddable":true,"href":"https:\/\/www.ngdcare.nl\/es\/wp-json\/wp\/v2\/product_cat?post=7034"},{"taxonomy":"product_tag","embeddable":true,"href":"https:\/\/www.ngdcare.nl\/es\/wp-json\/wp\/v2\/product_tag?post=7034"},{"taxonomy":"merken","embeddable":true,"href":"https:\/\/www.ngdcare.nl\/es\/wp-json\/wp\/v2\/merken?post=7034"}],"curies":[{"name":"wp","href":"https:\/\/api.w.org\/{rel}","templated":true}]}}