{"id":7035,"date":"2025-09-27T23:26:38","date_gmt":"2025-09-27T21:26:38","guid":{"rendered":"https:\/\/www.ngdcare.nl\/product\/sin%20categor\u00eda\/operatie-herstelpakket-kit-de-recuperacion-quirurgica\/"},"modified":"2025-10-15T16:27:20","modified_gmt":"2025-10-15T14:27:20","slug":"operatie-herstelpakket-kit-de-recuperacion-quirurgica","status":"publish","type":"product","link":"https:\/\/www.ngdcare.nl\/es\/product\/protocolos\/operatie-herstelpakket-kit-de-recuperacion-quirurgica\/","title":{"rendered":"Operatie herstelpakket \u2013 Kit de recuperaci\u00f3n quir\u00fargica"},"content":{"rendered":"<p style=\"font-weight: 400;\" data-start=\"674\" data-end=\"904\">El <strong data-start=\"678\" data-end=\"703\">paquete Operation Recovery<\/strong> de NGD Care est\u00e1 especialmente formulado para la fase de recuperaci\u00f3n despu\u00e9s de la cirug\u00eda tanto en animales como en humanos. Este paquete de combinaci\u00f3n natural ofrece apoyo a nivel f\u00edsico, energ\u00e9tico y emocional. <\/p>\n<p style=\"font-weight: 400;\" data-start=\"906\" data-end=\"1105\">La poderosa composici\u00f3n promueve la eliminaci\u00f3n de residuos despu\u00e9s de la anestesia o la medicaci\u00f3n, apoya la cicatrizaci\u00f3n y recuperaci\u00f3n de heridas y ayuda a procesar el estr\u00e9s, el trauma o la confusi\u00f3n despu\u00e9s del procedimiento.<\/p>\n<p data-start=\"1112\" data-end=\"1147\">El paquete consta de 3 suplementos.<\/p>\n<ul>\n<li data-start=\"1152\" data-end=\"1372\"><strong data-start=\"1152\" data-end=\"1201\">Esencia de recuperaci\u00f3n postoperatoria  <\/strong>\n<ul>\n<li data-start=\"1152\" data-end=\"1372\">Esencia floral que contiene una huella energ\u00e9tica de terra, espada de \u00e1ngel, violeta con flecos, granate rodolita, cuidado animal, amor y esperanza, estrella de bel\u00e9n, amapola, flor de m\u00e1scara y hierba de misericordia.<\/li>\n<li data-start=\"1152\" data-end=\"1372\">Apoya la recuperaci\u00f3n energ\u00e9tica, la integraci\u00f3n del trauma y la paz interior despu\u00e9s de la cirug\u00eda.<\/li>\n<\/ul>\n<\/li>\n<li data-start=\"1377\" data-end=\"1532\"><strong data-start=\"1377\" data-end=\"1430\">Mezcla de Chlorella-Espirulina-Alfalfa<\/strong>\n<ul>\n<li data-start=\"1377\" data-end=\"1532\">Para la desintoxicaci\u00f3n natural, apoyo hep\u00e1tico y renal, rico en clorofila y antioxidantes.<\/li>\n<\/ul>\n<\/li>\n<li data-start=\"1537\" data-end=\"1701\"><strong data-start=\"1537\" data-end=\"1570\">Complejo PEA\/Boswellia  <\/strong>\n<ul>\n<li data-start=\"1537\" data-end=\"1701\">Ayuda con la inhibici\u00f3n de la inflamaci\u00f3n, apoya la reparaci\u00f3n de tejidos y la funci\u00f3n inmunol\u00f3gica. Alternativa natural a los analg\u00e9sicos regulares. <\/li>\n<\/ul>\n<\/li>\n<\/ul>\n<p data-start=\"1708\" data-end=\"1740\">Si se ha administrado un tratamiento antibi\u00f3tico durante la operaci\u00f3n, recomendamos a\u00f1adir nuestros <strong>prebi\u00f3ticos<\/strong> y <strong>probi\u00f3ticos<\/strong> .<\/p>\n<p data-start=\"1708\" data-end=\"1740\">Recomendamos agregar la <strong>membrana de c\u00e1scara de huevo<\/strong> en cirug\u00eda ortop\u00e9dica.<\/p>\n","protected":false},"excerpt":{"rendered":"<p>Apoyo postoperatorio con un potente paquete de recuperaci\u00f3n natural. Con esencia floral, PEA y chlorella para promover la desintoxicaci\u00f3n, la curaci\u00f3n y el equilibrio interior. <\/p>\n","protected":false},"featured_media":0,"comment_status":"open","ping_status":"closed","template":"","meta":[],"product_brand":[],"product_cat":[2525],"product_tag":[1973,3825,2584,3823,3824,3301,3821,3820,3311,3822],"merken":[],"class_list":{"0":"post-7035","1":"product","2":"type-product","3":"status-publish","5":"product_cat-protocolos","6":"product_tag-antiinflamatorio-natural","7":"product_tag-cicatrizacion-de-heridas","8":"product_tag-cuidado-ngd","9":"product_tag-desintoxicacion-de-chlorella","10":"product_tag-desintoxicacion-despues-de-la-anestesia","11":"product_tag-esencia-floral","12":"product_tag-operacion-recuperacion","13":"product_tag-postoperatoriamente","14":"product_tag-recuperacion-energetica","15":"product_tag-suplemento-de-curcuma","16":"infinite-scroll-item","17":"sales-flash-overlay","18":"woocommerce-text-align-center","19":"woocommerce-image-align-center","20":"do-quantity-buttons","22":"first","23":"instock","24":"sale","25":"taxable","26":"shipping-taxable","27":"purchasable","28":"product-type-simple"},"_links":{"self":[{"href":"https:\/\/www.ngdcare.nl\/es\/wp-json\/wp\/v2\/product\/7035","targetHints":{"allow":["GET"]}}],"collection":[{"href":"https:\/\/www.ngdcare.nl\/es\/wp-json\/wp\/v2\/product"}],"about":[{"href":"https:\/\/www.ngdcare.nl\/es\/wp-json\/wp\/v2\/types\/product"}],"replies":[{"embeddable":true,"href":"https:\/\/www.ngdcare.nl\/es\/wp-json\/wp\/v2\/comments?post=7035"}],"wp:attachment":[{"href":"https:\/\/www.ngdcare.nl\/es\/wp-json\/wp\/v2\/media?parent=7035"}],"wp:term":[{"taxonomy":"product_brand","embeddable":true,"href":"https:\/\/www.ngdcare.nl\/es\/wp-json\/wp\/v2\/product_brand?post=7035"},{"taxonomy":"product_cat","embeddable":true,"href":"https:\/\/www.ngdcare.nl\/es\/wp-json\/wp\/v2\/product_cat?post=7035"},{"taxonomy":"product_tag","embeddable":true,"href":"https:\/\/www.ngdcare.nl\/es\/wp-json\/wp\/v2\/product_tag?post=7035"},{"taxonomy":"merken","embeddable":true,"href":"https:\/\/www.ngdcare.nl\/es\/wp-json\/wp\/v2\/merken?post=7035"}],"curies":[{"name":"wp","href":"https:\/\/api.w.org\/{rel}","templated":true}]}}