{"id":7177,"date":"2025-05-15T09:40:40","date_gmt":"2025-05-15T07:40:40","guid":{"rendered":"https:\/\/www.ngdcare.nl\/product\/sin%20categor\u00eda\/lactoferrina-liposomale-lactoferrina-liposomal\/"},"modified":"2026-04-09T21:35:42","modified_gmt":"2026-04-09T19:35:42","slug":"lactoferrina-liposomale-lactoferrina-liposomal","status":"publish","type":"product","link":"https:\/\/www.ngdcare.nl\/es\/product\/farmacia-natural-para-mascotas\/liposomal-es\/lactoferrina-liposomale-lactoferrina-liposomal\/","title":{"rendered":"Lactoferrina liposomal"},"content":{"rendered":"<p style=\"font-weight: 400;\"><strong>Lactoferrina Liposomal<\/strong> de <strong>NGD Care<\/strong> es un suplemento potente y ampliamente aplicable para perros y gatos, a base de lactoferrina en forma liposomal. Esta f\u00f3rmula ha sido especialmente desarrollada para maximizar la absorci\u00f3n de lactoferrina, incluso en animales con funci\u00f3n intestinal alterada, bajo \u00e1cido estomacal o da\u00f1o a la mucosa intestinal. <\/p>\n<p style=\"font-weight: 400;\">La lactoferrina es una prote\u00edna multifuncional y natural que se encuentra en la leche materna (especialmente el calostro), la saliva y las l\u00e1grimas. Tiene un fuerte efecto antimicrobiano, inmunomodulador e inflamatorio que le une al hierro. <\/p>\n<p style=\"font-weight: 400;\">Gracias a su forma liposomal, la prote\u00edna permanece activa y se absorbe eficazmente en el tracto digestivo. Esto lo hace adecuado para una amplia gama de quejas, desde <strong>inflamaci\u00f3n intestinal cr\u00f3nica<\/strong> e <strong>infecciones<\/strong> hasta <strong>Giardia<\/strong>, <strong>SIBO,<\/strong> <strong>Candida<\/strong>, <strong>alergias<\/strong> y <strong>crecimiento excesivo de bacterias<\/strong>. <\/p>\n","protected":false},"excerpt":{"rendered":"<div>\n<p class=\"p3\">Lactoferrina liposomal para perros y gatos. Apoya la salud intestinal, el sistema inmunol\u00f3gico y el equilibrio microbiano. Ideal para infecciones, SIBO, Candida y alergias.  <\/p>\n<\/div>\n","protected":false},"featured_media":17700,"comment_status":"open","ping_status":"closed","template":"","meta":[],"product_brand":[],"product_cat":[1855,1852,1970,2899,1925],"product_tag":[4019,1929,3045,4017,1972,1927,4020,1870,1935,4018],"merken":[],"class_list":{"0":"post-7177","1":"product","2":"type-product","3":"status-publish","4":"has-post-thumbnail","6":"product_cat-suplementos-ortomoleculares-es","7":"product_cat-digestion-es","8":"product_cat-liposomal-es","9":"product_cat-parasitos","10":"product_cat-sistema-inmune","11":"product_tag-anticuerpos","12":"product_tag-gato","13":"product_tag-inflamacion","14":"product_tag-lactoferrina-es","15":"product_tag-liposomal-es","16":"product_tag-perro","17":"product_tag-reparacion-de-membranas-mucosas","18":"product_tag-salud-intestinal","19":"product_tag-sistema-inmune","20":"product_tag-suplemento-ngd-care-es","21":"infinite-scroll-item","22":"sales-flash-overlay","23":"woocommerce-text-align-center","24":"woocommerce-image-align-center","25":"do-quantity-buttons","27":"first","28":"instock","29":"taxable","30":"shipping-taxable","31":"purchasable","32":"product-type-simple"},"_links":{"self":[{"href":"https:\/\/www.ngdcare.nl\/es\/wp-json\/wp\/v2\/product\/7177","targetHints":{"allow":["GET"]}}],"collection":[{"href":"https:\/\/www.ngdcare.nl\/es\/wp-json\/wp\/v2\/product"}],"about":[{"href":"https:\/\/www.ngdcare.nl\/es\/wp-json\/wp\/v2\/types\/product"}],"replies":[{"embeddable":true,"href":"https:\/\/www.ngdcare.nl\/es\/wp-json\/wp\/v2\/comments?post=7177"}],"wp:featuredmedia":[{"embeddable":true,"href":"https:\/\/www.ngdcare.nl\/es\/wp-json\/wp\/v2\/media\/17700"}],"wp:attachment":[{"href":"https:\/\/www.ngdcare.nl\/es\/wp-json\/wp\/v2\/media?parent=7177"}],"wp:term":[{"taxonomy":"product_brand","embeddable":true,"href":"https:\/\/www.ngdcare.nl\/es\/wp-json\/wp\/v2\/product_brand?post=7177"},{"taxonomy":"product_cat","embeddable":true,"href":"https:\/\/www.ngdcare.nl\/es\/wp-json\/wp\/v2\/product_cat?post=7177"},{"taxonomy":"product_tag","embeddable":true,"href":"https:\/\/www.ngdcare.nl\/es\/wp-json\/wp\/v2\/product_tag?post=7177"},{"taxonomy":"merken","embeddable":true,"href":"https:\/\/www.ngdcare.nl\/es\/wp-json\/wp\/v2\/merken?post=7177"}],"curies":[{"name":"wp","href":"https:\/\/api.w.org\/{rel}","templated":true}]}}