{"id":7186,"date":"2025-04-01T15:22:59","date_gmt":"2025-04-01T13:22:59","guid":{"rendered":"https:\/\/www.ngdcare.nl\/product\/sin%20categor\u00eda\/multivitaminico-liposomal-multivitaminico-diario-liposomal\/"},"modified":"2026-04-26T21:10:45","modified_gmt":"2026-04-26T19:10:45","slug":"multivitaminico-liposomal-multivitaminico-diario-liposomal","status":"publish","type":"product","link":"https:\/\/www.ngdcare.nl\/es\/product\/veterinary-health\/suplementos-ortomoleculares-es\/multivitaminico-liposomal-multivitaminico-diario-liposomal\/","title":{"rendered":"Multi liposomal diario"},"content":{"rendered":"<p class=\"font-claude-response-body break-words whitespace-normal leading-[1.7]\">NGD Care Daily Multi: Multivitam\u00ednico Diario Completo para Perros y Gatos<\/p>\n<p class=\"font-claude-response-body break-words whitespace-normal leading-[1.7]\">Daily Multi es una f\u00f3rmula multivitam\u00ednica completa basada en extractos org\u00e1nicos de frutas y verduras, enriquecida con vitaminas y minerales esenciales en formas f\u00e1cilmente absorbibles. La tecnolog\u00eda liposomal garantiza una absorci\u00f3n celular \u00f3ptima mientras protege el est\u00f3mago y los intestinos. Esto es una consideraci\u00f3n relevante en los suplementos que se administran a diario y a largo plazo.  <\/p>\n<p class=\"font-claude-response-body break-words whitespace-normal leading-[1.7]\">La composici\u00f3n vitam\u00ednica incluye todo el complejo B, vitaminas A, C, D3, E y K2. Las vitaminas D3 y K2 act\u00faan en sinergia para el metabolismo del calcio y los huesos. El K2 como MK-7 asegura que el calcio se deposite en los lugares adecuados y no se acumule en las paredes vasculares. La vitamina E se suministra como tocoferoles mixtos para un perfil antioxidante m\u00e1s amplio que el alfa-tocoferol sint\u00e9tico solo. Los minerales, incluyendo zinc, selenio, hierro y yodo, se eligen en formas queladas o compuestos org\u00e1nicos con mayor biodisponibilidad que las sales inorg\u00e1nicas.    <\/p>\n<p class=\"font-claude-response-body break-words whitespace-normal leading-[1.7]\">Adem\u00e1s de las vitaminas y minerales estandarizados, el uso de extractos org\u00e1nicos de frutas y verduras proporciona una matriz de fitonutrientes, cofactores y oligoelementos que apoya la actividad biol\u00f3gica de los nutrientes individuales. Esta es una ventaja que las multipreparaciones sint\u00e9ticas carecen. <\/p>\n<p class=\"font-claude-response-body break-words whitespace-normal leading-[1.7]\">Daily Multi es adecuado para cachorros en crecimiento, perros adultos como suplemento nutricional diario y perros mayores con mayor necesidad de antioxidantes, soporte \u00f3seo y apoyo inmunol\u00f3gico. El producto tambi\u00e9n puede utilizarse en la recuperaci\u00f3n tras una enfermedad o cirug\u00eda, en caso de alergias o problemas cut\u00e1neos donde un estado \u00f3ptimo de micronutrientes apoya la funci\u00f3n de la barrera, la respuesta inmunitaria y, en general, la reducci\u00f3n de la vitalidad. <\/p>\n<p class=\"font-claude-response-body break-words whitespace-normal leading-[1.7]\">Los gatos pueden usar este producto, pero como faltan taurina y L-carnitina, se necesita un suplemento. Ambas sustancias son esenciales para los gatos y no pueden producirse por s\u00ed mismas, por lo que es necesario suplementar. La taurina y la L-carnitina est\u00e1n suficientemente presentes en el VVV de buena calidad y no son necesarias de inmediato para gatos adultos. En gatos mayores, con problemas card\u00edacos y hep\u00e1ticos, la taurina y la L-carnitina son un suplemento muy \u00fatil. Si tienes dudas, consulta con nuestro veterinario.    <\/p>\n<p class=\"font-claude-response-body break-words whitespace-normal leading-[1.7]\">\u00bfTe gustar\u00eda leer m\u00e1s sobre el trasfondo cient\u00edfico de las vitaminas y minerales en perros y gatos? Lee el extenso art\u00edculo de contexto: <a href=\"https:\/\/www.ngdcare.nl\/es\/blog-es\/vitaminas-y-minerales-en-perros-y-gatos\/\">Vitaminas y minerales en perros y gatos<\/a>, los pilares de la salud diaria explicados. <\/p>\n","protected":false},"excerpt":{"rendered":"<div>\n<p class=\"p3\">Multivitam\u00ednico liposomal para perros y gatos con extractos de frutas y verduras org\u00e1nicas. Apoya la resistencia, el crecimiento, la recuperaci\u00f3n y la vitalidad. <\/p>\n<\/div>\n","protected":false},"featured_media":17711,"comment_status":"open","ping_status":"closed","template":"","meta":{"wds_primary_product_brand":0,"wds_primary_product_cat":0,"wds_primary_merken":0},"product_brand":[],"product_cat":[1855,1970,1854],"product_tag":[],"merken":[],"class_list":{"0":"post-7186","1":"product","2":"type-product","3":"status-publish","4":"has-post-thumbnail","6":"product_cat-suplementos-ortomoleculares-es","7":"product_cat-liposomal-es","8":"product_cat-vitaminas-y-minerales","9":"infinite-scroll-item","10":"sales-flash-overlay","11":"woocommerce-text-align-center","12":"woocommerce-image-align-center","13":"do-quantity-buttons","15":"first","16":"instock","17":"taxable","18":"shipping-taxable","19":"purchasable","20":"product-type-simple"},"_links":{"self":[{"href":"https:\/\/www.ngdcare.nl\/es\/wp-json\/wp\/v2\/product\/7186","targetHints":{"allow":["GET"]}}],"collection":[{"href":"https:\/\/www.ngdcare.nl\/es\/wp-json\/wp\/v2\/product"}],"about":[{"href":"https:\/\/www.ngdcare.nl\/es\/wp-json\/wp\/v2\/types\/product"}],"replies":[{"embeddable":true,"href":"https:\/\/www.ngdcare.nl\/es\/wp-json\/wp\/v2\/comments?post=7186"}],"wp:featuredmedia":[{"embeddable":true,"href":"https:\/\/www.ngdcare.nl\/es\/wp-json\/wp\/v2\/media\/17711"}],"wp:attachment":[{"href":"https:\/\/www.ngdcare.nl\/es\/wp-json\/wp\/v2\/media?parent=7186"}],"wp:term":[{"taxonomy":"product_brand","embeddable":true,"href":"https:\/\/www.ngdcare.nl\/es\/wp-json\/wp\/v2\/product_brand?post=7186"},{"taxonomy":"product_cat","embeddable":true,"href":"https:\/\/www.ngdcare.nl\/es\/wp-json\/wp\/v2\/product_cat?post=7186"},{"taxonomy":"product_tag","embeddable":true,"href":"https:\/\/www.ngdcare.nl\/es\/wp-json\/wp\/v2\/product_tag?post=7186"},{"taxonomy":"merken","embeddable":true,"href":"https:\/\/www.ngdcare.nl\/es\/wp-json\/wp\/v2\/merken?post=7186"}],"curies":[{"name":"wp","href":"https:\/\/api.w.org\/{rel}","templated":true}]}}