{"id":7208,"date":"2025-05-30T00:03:10","date_gmt":"2025-05-29T22:03:10","guid":{"rendered":"https:\/\/www.ngdcare.nl\/product\/sin categor\u00eda\/arandanos-liofilizados-2\/"},"modified":"2025-05-30T00:03:10","modified_gmt":"2025-05-29T22:03:10","slug":"arandanos-liofilizados-2","status":"publish","type":"product","link":"https:\/\/www.ngdcare.nl\/es\/product\/enriquecimiento\/aderezos-para-alimentos\/arandanos-liofilizados-2\/","title":{"rendered":"Ar\u00e1ndanos liofilizados"},"content":{"rendered":"<p class=\"p1\"><span class=\"s1\"><br \/>\n  <b>NGD Care \u2013 Los ar\u00e1ndanos liofilizados<\/b><br \/>\n<\/span> son una adici\u00f3n sabrosa y nutritiva al men\u00fa diario de perros o gatos. Los ar\u00e1ndanos son una superfruta muy conocida, rica en antioxidantes (antocianinas, flavonoides), fibra, vitaminas C, K1 y B6, manganeso y polifenoles. Apoyan la salud celular, el sistema inmunol\u00f3gico y el microbioma.  <\/p>\n<p class=\"p1\">El <span class=\"s1\"><br \/>\n  <b>proceso especial de liofilizaci\u00f3n<\/b><br \/>\n<\/span> conserva al m\u00e1ximo todos los nutrientes. La estructura se vuelve crujiente y esponjosa, lo que hace que las bayas se deshagan f\u00e1cilmente y se absorban bien, incluso para carn\u00edvoros con un tracto digestivo corto. <\/p>\n<p class=\"p1\">Use las bayas como aderezo de enriquecimiento, golosina natural o m\u00e9zclelas en un batido para usted o su mascota.<\/p>\n","protected":false},"excerpt":{"rendered":"<p class=\"p1\">Ar\u00e1ndanos liofilizados crujientes, ricos en antioxidantes y perfectamente absorbibles para carn\u00edvoros. Ideal como topping o snack natural. <\/p>\n","protected":false},"featured_media":11278,"comment_status":"open","ping_status":"closed","template":"","meta":[],"product_brand":[],"product_cat":[3493,2554],"product_tag":[],"merken":[],"class_list":{"0":"post-7208","1":"product","2":"type-product","3":"status-publish","4":"has-post-thumbnail","6":"product_cat-aderezos-para-alimentos","7":"product_cat-enriquecimiento","8":"infinite-scroll-item","9":"sales-flash-overlay","10":"woocommerce-text-align-center","11":"woocommerce-image-align-center","12":"do-quantity-buttons","14":"first","15":"instock","16":"taxable","17":"shipping-taxable","18":"purchasable","19":"product-type-simple"},"_links":{"self":[{"href":"https:\/\/www.ngdcare.nl\/es\/wp-json\/wp\/v2\/product\/7208","targetHints":{"allow":["GET"]}}],"collection":[{"href":"https:\/\/www.ngdcare.nl\/es\/wp-json\/wp\/v2\/product"}],"about":[{"href":"https:\/\/www.ngdcare.nl\/es\/wp-json\/wp\/v2\/types\/product"}],"replies":[{"embeddable":true,"href":"https:\/\/www.ngdcare.nl\/es\/wp-json\/wp\/v2\/comments?post=7208"}],"wp:featuredmedia":[{"embeddable":true,"href":"https:\/\/www.ngdcare.nl\/es\/wp-json\/wp\/v2\/media\/11278"}],"wp:attachment":[{"href":"https:\/\/www.ngdcare.nl\/es\/wp-json\/wp\/v2\/media?parent=7208"}],"wp:term":[{"taxonomy":"product_brand","embeddable":true,"href":"https:\/\/www.ngdcare.nl\/es\/wp-json\/wp\/v2\/product_brand?post=7208"},{"taxonomy":"product_cat","embeddable":true,"href":"https:\/\/www.ngdcare.nl\/es\/wp-json\/wp\/v2\/product_cat?post=7208"},{"taxonomy":"product_tag","embeddable":true,"href":"https:\/\/www.ngdcare.nl\/es\/wp-json\/wp\/v2\/product_tag?post=7208"},{"taxonomy":"merken","embeddable":true,"href":"https:\/\/www.ngdcare.nl\/es\/wp-json\/wp\/v2\/merken?post=7208"}],"curies":[{"name":"wp","href":"https:\/\/api.w.org\/{rel}","templated":true}]}}