{"id":7268,"date":"2024-06-17T19:07:59","date_gmt":"2024-06-17T17:07:59","guid":{"rendered":"https:\/\/www.ngdcare.nl\/product\/sin%20categor\u00eda\/mezcla-de-enzimas-2-limpiador-de-biofilm\/"},"modified":"2026-04-29T22:57:09","modified_gmt":"2026-04-29T20:57:09","slug":"mezcla-de-enzimas-2-limpiador-de-biofilm","status":"publish","type":"product","link":"https:\/\/www.ngdcare.nl\/es\/product\/veterinary-health\/suplementos-ortomoleculares-es\/mezcla-de-enzimas-2-limpiador-de-biofilm\/","title":{"rendered":"Balance de biofilm"},"content":{"rendered":"<div>\n<div class=\"standard-markdown grid-cols-1 grid [&amp;_&gt;_*]:min-w-0 gap-3\">\n<p class=\"font-claude-response-body break-words whitespace-normal leading-[1.7]\">Biofilm Balance (anteriormente mezcla enzim\u00e1tica 2): NAC, lactoferrina y enzimas para la degradaci\u00f3n de biofilm y la remediaci\u00f3n intestinal en perros y gatos<\/p>\n<\/div>\n<\/div>\n<div>\n<div class=\"standard-markdown grid-cols-1 grid [&amp;_&gt;_*]:min-w-0 gap-3\">\n<p class=\"font-claude-response-body break-words whitespace-normal leading-[1.7]\">Las molestias intestinales cr\u00f3nicas, los problemas recurrentes de la piel, las infecciones de o\u00eddo y la inflamaci\u00f3n de bajo grado suelen tener un factor subyacente com\u00fan en perros y gatos: la biopel\u00edcula pat\u00f3gena. Una biopel\u00edcula es una matriz protectora de polisac\u00e1ridos, prote\u00ednas y ADN extracelular que permite que bacterias, levaduras y par\u00e1sitos se adhieran a la pared intestinal y se protejan eficazmente del sistema inmunitario. Mientras este biofilm est\u00e9 intacto, las quejas seguir\u00e1n reapareciendo independientemente de otras intervenciones.  <\/p>\n<\/div>\n<\/div>\n<div>\n<div class=\"standard-markdown grid-cols-1 grid [&amp;_&gt;_*]:min-w-0 gap-3\">\n<p class=\"font-claude-response-body break-words whitespace-normal leading-[1.7]\">El Balance de Biofilm combina tres componentes, cada uno de los cuales se dirige a una capa diferente de la estructura del biofilm. La NAC (N-acetilciste\u00edna) rompe la matriz de biofilm extracelular mediante la degradaci\u00f3n de puentes disulfuro en el componente proteico, causando la p\u00e9rdida de la integridad estructural del biofilm. Al mismo tiempo, el NAC es un precursor del glutati\u00f3n que restaura la capacidad antioxidante e inmunitaria del h\u00edgado y la pared intestinal.  <\/p>\n<\/div>\n<\/div>\n<div>\n<div class=\"standard-markdown grid-cols-1 grid [&amp;_&gt;_*]:min-w-0 gap-3\">\n<p class=\"font-claude-response-body break-words whitespace-normal leading-[1.7]\">La lactoferrina a\u00f1ade un segundo enfoque de biofilm, mec\u00e1nicamente complementario. Mediante la captura de hierro, la lactoferrina priva a los microorganismos pat\u00f3genos de un factor esencial de crecimiento, que inhibe directamente la formaci\u00f3n de biopel\u00edculas. Adem\u00e1s, la lactoferricina, el p\u00e9ptido activo de la lactoferrina, altera la integridad de la membrana de bacterias gramnegativas y ciertas levaduras mediante la uni\u00f3n directa al lipopolisac\u00e1rido. Estudios recientes muestran que la lactoferrina inhibe la formaci\u00f3n de biopel\u00edculas y desestabiliza las biopel\u00edculas existentes, independientemente de su actividad bactericida. La lactoferrina estimula simult\u00e1neamente bacterias comensales beneficiosas, lo que la convierte en el \u00fanico componente de este producto con una diferenciaci\u00f3n activa entre pat\u00f3genos y comensales.    <\/p>\n<\/div>\n<\/div>\n<div>\n<div class=\"standard-markdown grid-cols-1 grid [&amp;_&gt;_*]:min-w-0 gap-3\">\n<p class=\"font-claude-response-body break-words whitespace-normal leading-[1.7]\">La amilasa, la proteasa y la lipasa son enzimas digestivas que descomponen carbohidratos, prote\u00ednas y grasas, respectivamente, en la matriz de biofilm. La matriz extracelular de biofilm est\u00e1 formada por estas tres clases macromoleculares; La degradaci\u00f3n enzim\u00e1tica dirigida hace que la matriz sea progresivamente m\u00e1s porosa y accesible para los dem\u00e1s componentes y el sistema inmunitario. <\/p>\n<\/div>\n<\/div>\n<div>\n<div class=\"standard-markdown grid-cols-1 grid [&amp;_&gt;_*]:min-w-0 gap-3\">\n<p class=\"font-claude-response-body break-words whitespace-normal leading-[1.7]\">El equilibrio de biofilm est\u00e1 pensado como parte de un protocolo integral para el intestino. La descomposici\u00f3n del biofilm libera toxinas que pueden causar carga hep\u00e1tica, una reacci\u00f3n de desintoxicaci\u00f3n y una reacci\u00f3n de Herxheimer. Por ello, el producto siempre se combina con agentes de apoyo para el h\u00edgado, el intestino y el sistema inmunitario, tal y como se ofrece en el Protocolo NGD <a href=\"https:\/\/www.ngdcare.nl\/es\/product\/digestion-es\/protocolo-intestinal\/\">Care Gutter<\/a>.  <\/p>\n<\/div>\n<\/div>\n<div>\n<div class=\"standard-markdown grid-cols-1 grid [&amp;_&gt;_*]:min-w-0 gap-3\">\n<p class=\"font-claude-response-body break-words whitespace-normal leading-[1.7]\">\u00bfTe gustar\u00eda leer m\u00e1s sobre el trasfondo cient\u00edfico del biofilm, el papel de la lactoferrina y las enzimas y su aplicaci\u00f3n en perros y gatos? Lee el extenso art\u00edculo de fondo: Equilibrio de biofilmes: la ciencia detr\u00e1s de la degradaci\u00f3n de biofilm en el intestino explicada. <\/p>\n<\/div>\n<\/div>\n","protected":false},"excerpt":{"rendered":"<div>\n<p class=\"p3\">Combinaci\u00f3n potente de enzimas, lactoferrina y NAC para descomponer biofilm pat\u00f3geno en el colon en perros y gatos. Forma parte del protocolo intestinal. <\/p>\n<\/div>\n","protected":false},"featured_media":17743,"comment_status":"open","ping_status":"closed","template":"","meta":{"wds_primary_product_brand":0,"wds_primary_product_cat":16,"wds_primary_merken":0},"product_brand":[],"product_cat":[1855],"product_tag":[4150,1856,1864,1866,1868,2664,4157,4156,4155,4154,4107,4153,1860,4149,4148,2903,1858,4151,2342,4152,1870,1935],"merken":[],"class_list":{"0":"post-7268","1":"product","2":"type-product","3":"status-publish","4":"has-post-thumbnail","6":"product_cat-suplementos-ortomoleculares-es","7":"product_tag-amilasa","8":"product_tag-animales","9":"product_tag-antioxidante","10":"product_tag-desintoxicacion","11":"product_tag-desintoxicacion-es","12":"product_tag-digestion-es","13":"product_tag-digestion-es-2","14":"product_tag-digestion-de-carbohidratos","15":"product_tag-digestion-de-grasas","16":"product_tag-digestion-de-proteinas","17":"product_tag-enzimas-es","18":"product_tag-enzimas-digestivas-es","19":"product_tag-gatos-es","20":"product_tag-lipasa","21":"product_tag-n-acetilcisteina-es","22":"product_tag-nac-es","23":"product_tag-perros","24":"product_tag-proteasa","25":"product_tag-proteccion-celular","26":"product_tag-proteccion-del-higado","27":"product_tag-salud-intestinal","28":"product_tag-sistema-inmune","29":"infinite-scroll-item","30":"sales-flash-overlay","31":"woocommerce-text-align-center","32":"woocommerce-image-align-center","33":"do-quantity-buttons","35":"first","36":"instock","37":"taxable","38":"shipping-taxable","39":"purchasable","40":"product-type-simple"},"_links":{"self":[{"href":"https:\/\/www.ngdcare.nl\/es\/wp-json\/wp\/v2\/product\/7268","targetHints":{"allow":["GET"]}}],"collection":[{"href":"https:\/\/www.ngdcare.nl\/es\/wp-json\/wp\/v2\/product"}],"about":[{"href":"https:\/\/www.ngdcare.nl\/es\/wp-json\/wp\/v2\/types\/product"}],"replies":[{"embeddable":true,"href":"https:\/\/www.ngdcare.nl\/es\/wp-json\/wp\/v2\/comments?post=7268"}],"wp:featuredmedia":[{"embeddable":true,"href":"https:\/\/www.ngdcare.nl\/es\/wp-json\/wp\/v2\/media\/17743"}],"wp:attachment":[{"href":"https:\/\/www.ngdcare.nl\/es\/wp-json\/wp\/v2\/media?parent=7268"}],"wp:term":[{"taxonomy":"product_brand","embeddable":true,"href":"https:\/\/www.ngdcare.nl\/es\/wp-json\/wp\/v2\/product_brand?post=7268"},{"taxonomy":"product_cat","embeddable":true,"href":"https:\/\/www.ngdcare.nl\/es\/wp-json\/wp\/v2\/product_cat?post=7268"},{"taxonomy":"product_tag","embeddable":true,"href":"https:\/\/www.ngdcare.nl\/es\/wp-json\/wp\/v2\/product_tag?post=7268"},{"taxonomy":"merken","embeddable":true,"href":"https:\/\/www.ngdcare.nl\/es\/wp-json\/wp\/v2\/merken?post=7268"}],"curies":[{"name":"wp","href":"https:\/\/api.w.org\/{rel}","templated":true}]}}