{"id":7280,"date":"2024-04-18T12:41:39","date_gmt":"2024-04-18T10:41:39","guid":{"rendered":"https:\/\/www.ngdcare.nl\/product\/sin%20categor\u00eda\/aceite-de-calanus-o-mega-blend\/"},"modified":"2026-04-14T12:31:09","modified_gmt":"2026-04-14T10:31:09","slug":"aceite-de-calanus-o-mega-blend","status":"publish","type":"product","link":"https:\/\/www.ngdcare.nl\/es\/product\/veterinary-health\/suplementos-ortomoleculares-es\/aceite-de-calanus-o-mega-blend\/","title":{"rendered":"Aceite de Calanus \u2013 O Mega blend"},"content":{"rendered":"<p style=\"font-weight: 400;\"><strong>NGD Care \u2013 O-Mega Blend<\/strong> es una f\u00f3rmula de omega 3 sostenible y de alta calidad para perros y gatos, basada en <strong>aceite de calano<\/strong>. Este aceite se extrae del <em>Calanus finmarchicus<\/em>, un zooplancton del Atl\u00e1ntico Norte. El aceite de Calanus se diferencia del aceite de pescado y krill por su composici\u00f3n \u00fanica de \u00e1cidos grasos en forma de \u00e9ster ceroso, que aseguran una absorci\u00f3n m\u00e1s lenta y profunda en el intestino y un efecto biol\u00f3gico m\u00e1s fuerte.  <\/p>\n<p style=\"font-weight: 400;\">Los \u00e1cidos grasos de este aceite \u2014incluyendo <strong>EPA, DHA, SDA<\/strong> y <strong>el \u00e1cido alfa-lin\u00f3leno<\/strong> \u2014 apoyan el coraz\u00f3n, los m\u00fasculos, el cerebro, el sistema inmunitario y el metabolismo de las grasas, entre otras cosas. El aceite de Calanus activa el receptor FFA4 en el intestino, afectando la inhibici\u00f3n de la inflamaci\u00f3n, la supresi\u00f3n del hambre y el metabolismo de la glucosa. Por tanto, este aceite es una excelente opci\u00f3n para la obesidad, la resistencia a la insulina, los problemas card\u00edacos y la inflamaci\u00f3n cr\u00f3nica de bajo grado.  <\/p>\n<p style=\"font-weight: 400;\">Adem\u00e1s, el aceite de calanus contiene:<\/p>\n<ul>\n<li><strong>Astaxantina<\/strong> : un poderoso antioxidante que protege las c\u00e9lulas del da\u00f1o oxidativo<\/li>\n<li><strong>Policosanol<\/strong> : apoya la funci\u00f3n muscular, el control del colesterol y la agregaci\u00f3n plaquetaria<\/li>\n<\/ul>\n<p style=\"font-weight: 400;\">Nuestra mezcla O-Mega no contiene salm\u00f3n, krill ni aceite de mejillone debido a la menor pureza y el mayor impacto ecol\u00f3gico de estas fuentes. Con el aceite de calano, eliges un suplemento de omega-3 puro, eficaz y responsable. <\/p>\n","protected":false},"excerpt":{"rendered":"<div>\n<p class=\"p3\">Omega 3 sostenible del aceite de Calanus. Apoya el metabolismo de las grasas, la funci\u00f3n muscular, la salud cardiovascular y reduce la inflamaci\u00f3n en perros y gatos. <\/p>\n<\/div>\n<p>&nbsp;<\/p>\n","protected":false},"featured_media":17754,"comment_status":"open","ping_status":"closed","template":"","meta":{"wds_primary_product_brand":0,"wds_primary_product_cat":187,"wds_primary_merken":0},"product_brand":[],"product_cat":[1971,1969,1855,2444,1925,2162,1854],"product_tag":[3024,4203,1856,2334,1864,2446,4206,2340,4205,1860,1937,2175,3025,1858,4200,4202,4201,1935,2103,4204,2174],"merken":[],"class_list":{"0":"post-7280","1":"product","2":"type-product","3":"status-publish","4":"has-post-thumbnail","6":"product_cat-antiinflamatorio","7":"product_cat-articulaciones","8":"product_cat-suplementos-ortomoleculares-es","9":"product_cat-piel-y-pelaje","10":"product_cat-sistema-inmune","11":"product_cat-vitalidad-general","12":"product_cat-vitaminas-y-minerales","13":"product_tag-aceite-de-calan","14":"product_tag-alternativa-al-aceite-de-pescado","15":"product_tag-animales","16":"product_tag-antiinflamatorio","17":"product_tag-antioxidante","18":"product_tag-articulaciones","19":"product_tag-astaxantina-es","20":"product_tag-energia-es","21":"product_tag-epa-y-dha","22":"product_tag-gatos-es","23":"product_tag-holistico","24":"product_tag-longevidad","25":"product_tag-omega-3-es","26":"product_tag-perros","27":"product_tag-piel-sana","28":"product_tag-salud-del-corazon","29":"product_tag-salud-del-pelaje","30":"product_tag-sistema-inmune","31":"product_tag-suplemento-para-animales","32":"product_tag-vejez-saludable","33":"product_tag-vitalidad","34":"infinite-scroll-item","35":"sales-flash-overlay","36":"woocommerce-text-align-center","37":"woocommerce-image-align-center","38":"do-quantity-buttons","40":"first","41":"instock","42":"taxable","43":"shipping-taxable","44":"purchasable","45":"product-type-simple"},"_links":{"self":[{"href":"https:\/\/www.ngdcare.nl\/es\/wp-json\/wp\/v2\/product\/7280","targetHints":{"allow":["GET"]}}],"collection":[{"href":"https:\/\/www.ngdcare.nl\/es\/wp-json\/wp\/v2\/product"}],"about":[{"href":"https:\/\/www.ngdcare.nl\/es\/wp-json\/wp\/v2\/types\/product"}],"replies":[{"embeddable":true,"href":"https:\/\/www.ngdcare.nl\/es\/wp-json\/wp\/v2\/comments?post=7280"}],"wp:featuredmedia":[{"embeddable":true,"href":"https:\/\/www.ngdcare.nl\/es\/wp-json\/wp\/v2\/media\/17754"}],"wp:attachment":[{"href":"https:\/\/www.ngdcare.nl\/es\/wp-json\/wp\/v2\/media?parent=7280"}],"wp:term":[{"taxonomy":"product_brand","embeddable":true,"href":"https:\/\/www.ngdcare.nl\/es\/wp-json\/wp\/v2\/product_brand?post=7280"},{"taxonomy":"product_cat","embeddable":true,"href":"https:\/\/www.ngdcare.nl\/es\/wp-json\/wp\/v2\/product_cat?post=7280"},{"taxonomy":"product_tag","embeddable":true,"href":"https:\/\/www.ngdcare.nl\/es\/wp-json\/wp\/v2\/product_tag?post=7280"},{"taxonomy":"merken","embeddable":true,"href":"https:\/\/www.ngdcare.nl\/es\/wp-json\/wp\/v2\/merken?post=7280"}],"curies":[{"name":"wp","href":"https:\/\/api.w.org\/{rel}","templated":true}]}}