{"id":7527,"date":"2024-01-22T22:52:12","date_gmt":"2024-01-22T22:52:12","guid":{"rendered":"https:\/\/www.ngdcare.nl\/product\/sin%20categor\u00eda\/nac-berberina-para-limpiar\/"},"modified":"2026-04-09T21:33:02","modified_gmt":"2026-04-09T19:33:02","slug":"nac-berberina-para-limpiar","status":"publish","type":"product","link":"https:\/\/www.ngdcare.nl\/es\/product\/suplementos-ortomoleculares-es\/nac-berberina-para-limpiar\/","title":{"rendered":"NAC Berberina \u2013 Para Reset"},"content":{"rendered":"<p style=\"font-weight: 400;\"><strong>NGD Care \u2013 NAC Berberina \u2013 Para Reset <\/strong>es una f\u00f3rmula potente destinada a romper la formaci\u00f3n de biofilm en <strong>par\u00e1sitos, levaduras y hongos<\/strong>, como <em>Giardia lamblia<\/em> y <em>Candida albicans<\/em>. Esta combinaci\u00f3n apoya el tracto gastrointestinal, fortalece la desintoxicaci\u00f3n y ayuda al cuerpo a recuperarse de procesos inflamatorios cr\u00f3nicos de los intestinos, la piel y las v\u00edas respiratorias. <\/p>\n<p style=\"font-weight: 400;\"><strong>La N-acetilciste\u00edna (NAC)<\/strong> es un precursor del glutati\u00f3n, un antioxidante importante que protege a las c\u00e9lulas del estr\u00e9s oxidativo. La NAC puede descomponer biopel\u00edculas de pat\u00f3genos, apoyar al h\u00edgado en la desintoxicaci\u00f3n y proteger el cuerpo de toxinas liberadas durante la descomposici\u00f3n de microorganismos infecciosos. Adem\u00e1s, contribuye a la regulaci\u00f3n del glutamato en el cerebro, lo cual es relevante para el comportamiento, el estr\u00e9s y las funciones cognitivas.  <\/p>\n<p style=\"font-weight: 400;\"><strong>La berberina<\/strong> es un alcaloide natural con un amplio espectro antimicrobiano. Es eficaz contra par\u00e1sitos, bacterias, virus, levaduras y hongos, especialmente <em>contra la Giardia<\/em> y <em>la C\u00e1ndida<\/em>. La berberina tambi\u00e9n favorece un microbioma saludable y previene el crecimiento excesivo de especies pat\u00f3genas. Tambi\u00e9n afecta a la sensibilidad a la insulina y al epitelio intestinal. En combinaci\u00f3n con terapias regulares (como Panacur o medicamentos antif\u00fangicos), la berberina tiene un efecto fortalecedor. La berberina tiene un efecto t\u00f3xico cuando entra en el torrente sangu\u00edneo. Cuando se administra por v\u00eda oral, no es t\u00f3xico. Como resultado, se decidi\u00f3 no fabricar la berberina liposomal.       <\/p>\n<p style=\"font-weight: 400;\">Para Reset forma parte del <strong>protocolo Giardia<\/strong> de NGD Care, pero tambi\u00e9n puede utilizarse para otras infecciones intestinales, problemas cut\u00e1neos, problemas pulmonares o trastornos cr\u00f3nicos relacionados con biofilmes.<\/p>\n","protected":false},"excerpt":{"rendered":"<p style=\"font-weight: 400;\">Para Reset combina NAC y berberina para apoyar la formaci\u00f3n de par\u00e1sitos, levaduras y biofilm. Trabaja en los intestinos, la piel, las v\u00edas respiratorias y ayuda en la recuperaci\u00f3n del microbioma. <\/p>\n","protected":false},"featured_media":17765,"comment_status":"open","ping_status":"closed","template":"","meta":[],"product_brand":[],"product_cat":[1855,1852,2899],"product_tag":[4365,2911,1929,2906,4363,2903,2908,4364,1882,4366],"merken":[],"class_list":{"0":"post-7527","1":"product","2":"type-product","3":"status-publish","4":"has-post-thumbnail","6":"product_cat-suplementos-ortomoleculares-es","7":"product_cat-digestion-es","8":"product_cat-parasitos","9":"product_tag-apoyo-intestinal","10":"product_tag-biofilm-es","11":"product_tag-gato","12":"product_tag-giardia-es","13":"product_tag-n-acetilcisteina-es-2","14":"product_tag-nac-es","15":"product_tag-parasitos","16":"product_tag-patogenos","17":"product_tag-suplementos-ngd-care","18":"product_tag-tenia","19":"infinite-scroll-item","20":"sales-flash-overlay","21":"woocommerce-text-align-center","22":"woocommerce-image-align-center","23":"do-quantity-buttons","25":"first","26":"instock","27":"downloadable","28":"taxable","29":"shipping-taxable","30":"purchasable","31":"product-type-simple"},"_links":{"self":[{"href":"https:\/\/www.ngdcare.nl\/es\/wp-json\/wp\/v2\/product\/7527","targetHints":{"allow":["GET"]}}],"collection":[{"href":"https:\/\/www.ngdcare.nl\/es\/wp-json\/wp\/v2\/product"}],"about":[{"href":"https:\/\/www.ngdcare.nl\/es\/wp-json\/wp\/v2\/types\/product"}],"replies":[{"embeddable":true,"href":"https:\/\/www.ngdcare.nl\/es\/wp-json\/wp\/v2\/comments?post=7527"}],"wp:featuredmedia":[{"embeddable":true,"href":"https:\/\/www.ngdcare.nl\/es\/wp-json\/wp\/v2\/media\/17765"}],"wp:attachment":[{"href":"https:\/\/www.ngdcare.nl\/es\/wp-json\/wp\/v2\/media?parent=7527"}],"wp:term":[{"taxonomy":"product_brand","embeddable":true,"href":"https:\/\/www.ngdcare.nl\/es\/wp-json\/wp\/v2\/product_brand?post=7527"},{"taxonomy":"product_cat","embeddable":true,"href":"https:\/\/www.ngdcare.nl\/es\/wp-json\/wp\/v2\/product_cat?post=7527"},{"taxonomy":"product_tag","embeddable":true,"href":"https:\/\/www.ngdcare.nl\/es\/wp-json\/wp\/v2\/product_tag?post=7527"},{"taxonomy":"merken","embeddable":true,"href":"https:\/\/www.ngdcare.nl\/es\/wp-json\/wp\/v2\/merken?post=7527"}],"curies":[{"name":"wp","href":"https:\/\/api.w.org\/{rel}","templated":true}]}}