{"id":7570,"date":"2024-01-22T22:42:58","date_gmt":"2024-01-22T22:42:58","guid":{"rendered":"https:\/\/www.ngdcare.nl\/product\/sin%20categor\u00eda\/quercetina-msm-liposomal-equilibrio-de-histamina-liposomal\/"},"modified":"2026-04-07T15:57:54","modified_gmt":"2026-04-07T13:57:54","slug":"quercetina-msm-liposomal-equilibrio-de-histamina-liposomal","status":"publish","type":"product","link":"https:\/\/www.ngdcare.nl\/es\/product\/farmacia-natural-para-mascotas\/liposomal-es\/quercetina-msm-liposomal-equilibrio-de-histamina-liposomal\/","title":{"rendered":"Quercetina MSM liposomal \u2013 Equilibrio de histamina liposomal"},"content":{"rendered":"<p style=\"font-weight: 400;\">El <strong>balance de histamina<\/strong> <strong>lipos\u00f3mica<\/strong> es un suplemento alimenticio avanzado para mascotas de NGD Care, desarrollado especialmente para animales con alergias, problemas cut\u00e1neos o inflamaci\u00f3n cr\u00f3nica. Combina MSM (metilsulfonilmetano) y quercetina, ambos conocidos por sus propiedades antiinflamatorias, antioxidantes y antihistam\u00ednicas. <\/p>\n<p style=\"font-weight: 400;\">La administraci\u00f3n liposomal aumenta la biodisponibilidad, lo que garantiza una absorci\u00f3n \u00f3ptima de las sustancias activas en el cuerpo de perro o gato. Esto hace que este suplemento sea especialmente eficaz para las quejas asociadas a reacciones de hipersensibilidad, como picor, eccema, atopia, fiebre del heno, bronquitis o rinitis cr\u00f3nica. <\/p>\n<p style=\"font-weight: 400;\">Adem\u00e1s de su compromiso con la alergia y la inflamaci\u00f3n, este suplemento tambi\u00e9n apoya la salud articular, la inmunidad, la circulaci\u00f3n sangu\u00ednea y el proceso de envejecimiento, convirti\u00e9ndolo en un suplemento valioso tanto para animales j\u00f3venes como mayores.<\/p>\n","protected":false},"excerpt":{"rendered":"<div>\n<p class=\"p3\">Combinaci\u00f3n liposomal de MSM y quercetina para perros y gatos. Favorece la alergia, el eccema, el picor, los problemas respiratorios y la inflamaci\u00f3n. <\/p>\n<\/div>\n","protected":false},"featured_media":17776,"comment_status":"open","ping_status":"closed","template":"","meta":[],"product_brand":[],"product_cat":[1971,1855,1970,2444,1925],"product_tag":[3033,1856,4436,4438,1973,1860,4437,1937,3045,1972,3026,1858,3028,1935,1882],"merken":[],"class_list":{"0":"post-7570","1":"product","2":"type-product","3":"status-publish","4":"has-post-thumbnail","6":"product_cat-antiinflamatorio","7":"product_cat-suplementos-ortomoleculares-es","8":"product_cat-liposomal-es","9":"product_cat-piel-y-pelaje","10":"product_cat-sistema-inmune","11":"product_tag-alergia","12":"product_tag-animales","13":"product_tag-antihistaminicos","14":"product_tag-antihistaminicos-naturales","15":"product_tag-antiinflamatorio-natural","16":"product_tag-gatos-es","17":"product_tag-histamina-es","18":"product_tag-holistico","19":"product_tag-inflamacion","20":"product_tag-liposomal-es","21":"product_tag-msm-es","22":"product_tag-perros","23":"product_tag-quercetina-es","24":"product_tag-sistema-inmune","25":"product_tag-suplementos-ngd-care","26":"infinite-scroll-item","27":"sales-flash-overlay","28":"woocommerce-text-align-center","29":"woocommerce-image-align-center","30":"do-quantity-buttons","32":"first","33":"instock","34":"taxable","35":"shipping-taxable","36":"purchasable","37":"product-type-simple"},"_links":{"self":[{"href":"https:\/\/www.ngdcare.nl\/es\/wp-json\/wp\/v2\/product\/7570","targetHints":{"allow":["GET"]}}],"collection":[{"href":"https:\/\/www.ngdcare.nl\/es\/wp-json\/wp\/v2\/product"}],"about":[{"href":"https:\/\/www.ngdcare.nl\/es\/wp-json\/wp\/v2\/types\/product"}],"replies":[{"embeddable":true,"href":"https:\/\/www.ngdcare.nl\/es\/wp-json\/wp\/v2\/comments?post=7570"}],"wp:featuredmedia":[{"embeddable":true,"href":"https:\/\/www.ngdcare.nl\/es\/wp-json\/wp\/v2\/media\/17776"}],"wp:attachment":[{"href":"https:\/\/www.ngdcare.nl\/es\/wp-json\/wp\/v2\/media?parent=7570"}],"wp:term":[{"taxonomy":"product_brand","embeddable":true,"href":"https:\/\/www.ngdcare.nl\/es\/wp-json\/wp\/v2\/product_brand?post=7570"},{"taxonomy":"product_cat","embeddable":true,"href":"https:\/\/www.ngdcare.nl\/es\/wp-json\/wp\/v2\/product_cat?post=7570"},{"taxonomy":"product_tag","embeddable":true,"href":"https:\/\/www.ngdcare.nl\/es\/wp-json\/wp\/v2\/product_tag?post=7570"},{"taxonomy":"merken","embeddable":true,"href":"https:\/\/www.ngdcare.nl\/es\/wp-json\/wp\/v2\/merken?post=7570"}],"curies":[{"name":"wp","href":"https:\/\/api.w.org\/{rel}","templated":true}]}}