{"id":7824,"date":"2024-01-22T21:37:26","date_gmt":"2024-01-22T21:37:26","guid":{"rendered":"https:\/\/www.ngdcare.nl\/product\/sin%20categor\u00eda\/complejo-vitaminico-b-liposomal-complejo-vititrofe-b-activo-liposomal\/"},"modified":"2026-04-07T16:13:36","modified_gmt":"2026-04-07T14:13:36","slug":"complejo-vitaminico-b-liposomal-complejo-vititrofe-b-activo-liposomal","status":"publish","type":"product","link":"https:\/\/www.ngdcare.nl\/es\/product\/veterinary-health\/suplementos-ortomoleculares-es\/complejo-vitaminico-b-liposomal-complejo-vititrofe-b-activo-liposomal\/","title":{"rendered":"Complejo liposomal activo de vitamina B"},"content":{"rendered":"<p style=\"font-weight: 400;\"><strong>NGD Care \u2013 El complejo activo liposomal de vitamina B<\/strong> contiene las ocho vitaminas esenciales del complejo B en forma lipos\u00f3mica, especialmente desarrolladas para perros y gatos. Las vitaminas del grupo B funcionan como un todo sin\u00e9rgico: apoyan la transformaci\u00f3n energ\u00e9tica de los alimentos, la producci\u00f3n de gl\u00f3bulos rojos, el sistema nervioso, la piel, y el equilibrio hormonal y mental. <\/p>\n<p style=\"font-weight: 400;\"><span style=\"font-size: inherit;\"><span style=\"font-weight: 400;\">Debido a que la absorci\u00f3n de vitaminas del grupo B suele estar limitada en caso de problemas intestinales, vejez o enfermedad, se empaquetan lipos\u00f3micamente en este suplemento. Esto las protege mejor contra el \u00e1cido estomacal y las absorbe de forma m\u00e1s eficiente a trav\u00e9s de la pared intestinal <\/span><\/span><span style=\"font-size: inherit;\">.<\/span><\/p>\n<p style=\"font-weight: 400;\">Este complejo vitam\u00ednico B se utiliza para:<\/p>\n<ul style=\"font-weight: 400;\">\n<li>fatiga y poca energ\u00eda<\/li>\n<li>Problemas de concentraci\u00f3n y estr\u00e9s mental<\/li>\n<li>anemia y molestias neurol\u00f3gicas<\/li>\n<li>problemas gastrointestinales cr\u00f3nicos<\/li>\n<\/ul>\n<p style=\"font-weight: 400;\">Una deficiencia de una vitamina B puede interferir con el funcionamiento de las dem\u00e1s, haciendo que un complejo completo sea importante para un equilibrio \u00f3ptimo.<\/p>\n","protected":false},"excerpt":{"rendered":"<p style=\"font-weight: 400;\">Complejo vitam\u00ednico B liposomal con las 8 vitaminas B. Para la energ\u00eda, el sistema nervioso, la producci\u00f3n de sangre y el equilibrio mental en perros y gatos. Alta capacidad de absorci\u00f3n gracias a los liposomas.  <\/p>\n","protected":false},"featured_media":17870,"comment_status":"open","ping_status":"closed","template":"","meta":{"wds_primary_product_brand":0,"wds_primary_product_cat":23,"wds_primary_merken":0},"product_brand":[],"product_cat":[1855,1852,1970,1854],"product_tag":[1856,4633,4632,4631,4643,4639,4629,2489,4647,2901,2340,2094,4634,4644,1860,4642,1972,4648,4645,4638,4640,1858,4641,2448,4637,4646,4636,4628,4630,4635],"merken":[],"class_list":{"0":"post-7824","1":"product","2":"type-product","3":"status-publish","4":"has-post-thumbnail","6":"product_cat-suplementos-ortomoleculares-es","7":"product_cat-digestion-es","8":"product_cat-liposomal-es","9":"product_cat-vitaminas-y-minerales","10":"product_tag-animales","11":"product_tag-b11-es","12":"product_tag-b12-es","13":"product_tag-b6-es","14":"product_tag-biotina-es","15":"product_tag-bitartrato-de-colina","16":"product_tag-complejo-b","17":"product_tag-comportamiento","18":"product_tag-concentracion","19":"product_tag-diarrea-es","20":"product_tag-energia-es","21":"product_tag-entranas","22":"product_tag-estomago-es","23":"product_tag-folato-de-calcio-es","24":"product_tag-gatos-es","25":"product_tag-inositol-es","26":"product_tag-liposomal-es","27":"product_tag-memoria-es","28":"product_tag-metilcobalamina-es","29":"product_tag-nicotinamida-es","30":"product_tag-pantotenato-de-calcio-es","31":"product_tag-perros","32":"product_tag-piridoxal-5-fosfato-es","33":"product_tag-problemas-estomacales-e-intestinales","34":"product_tag-riboflavina-es","35":"product_tag-sangre","36":"product_tag-tiamina-hcl-es","37":"product_tag-vitamina-b-es","38":"product_tag-vitaminas-es","39":"product_tag-vomitar","40":"infinite-scroll-item","41":"sales-flash-overlay","42":"woocommerce-text-align-center","43":"woocommerce-image-align-center","44":"do-quantity-buttons","46":"first","47":"instock","48":"taxable","49":"shipping-taxable","50":"purchasable","51":"product-type-simple"},"_links":{"self":[{"href":"https:\/\/www.ngdcare.nl\/es\/wp-json\/wp\/v2\/product\/7824","targetHints":{"allow":["GET"]}}],"collection":[{"href":"https:\/\/www.ngdcare.nl\/es\/wp-json\/wp\/v2\/product"}],"about":[{"href":"https:\/\/www.ngdcare.nl\/es\/wp-json\/wp\/v2\/types\/product"}],"replies":[{"embeddable":true,"href":"https:\/\/www.ngdcare.nl\/es\/wp-json\/wp\/v2\/comments?post=7824"}],"wp:featuredmedia":[{"embeddable":true,"href":"https:\/\/www.ngdcare.nl\/es\/wp-json\/wp\/v2\/media\/17870"}],"wp:attachment":[{"href":"https:\/\/www.ngdcare.nl\/es\/wp-json\/wp\/v2\/media?parent=7824"}],"wp:term":[{"taxonomy":"product_brand","embeddable":true,"href":"https:\/\/www.ngdcare.nl\/es\/wp-json\/wp\/v2\/product_brand?post=7824"},{"taxonomy":"product_cat","embeddable":true,"href":"https:\/\/www.ngdcare.nl\/es\/wp-json\/wp\/v2\/product_cat?post=7824"},{"taxonomy":"product_tag","embeddable":true,"href":"https:\/\/www.ngdcare.nl\/es\/wp-json\/wp\/v2\/product_tag?post=7824"},{"taxonomy":"merken","embeddable":true,"href":"https:\/\/www.ngdcare.nl\/es\/wp-json\/wp\/v2\/merken?post=7824"}],"curies":[{"name":"wp","href":"https:\/\/api.w.org\/{rel}","templated":true}]}}