{"id":8785,"date":"2025-10-02T20:07:09","date_gmt":"2025-10-02T18:07:09","guid":{"rendered":"https:\/\/www.ngdcare.nl\/?post_type=product&#038;p=8785"},"modified":"2025-10-02T22:07:13","modified_gmt":"2025-10-02T20:07:13","slug":"esencia-de-alineacion-interior-chakra-1-4-y-7-kopie","status":"publish","type":"product","link":"https:\/\/www.ngdcare.nl\/es\/product\/human-health\/remedios-florales-es\/esencia-de-alineacion-interior-chakra-1-4-y-7-kopie\/","title":{"rendered":"Esencia de Alineaci\u00f3n Interior \u2013 Chakra 1, 4 y 7"},"content":{"rendered":"<p data-start=\"437\" data-end=\"757\"><strong data-start=\"437\" data-end=\"456\">La Alineaci\u00f3n Interior<\/strong> es una esencia floral cuidadosamente compuesta basada en el eje del <strong data-start=\"531\" data-end=\"572\">1er chakra (encarnaci\u00f3n y seguridad),<\/strong> el <strong data-start=\"578\" data-end=\"614\">4\u00ba chakra (amor y conexi\u00f3n)<\/strong> y el <strong data-start=\"622\" data-end=\"660\">7\u00ba chakra (conciencia e intuici\u00f3n).<\/strong> Esta trinidad interior forma la base para el equilibrio, el amor propio y la sinton\u00eda espiritual. <\/p>\n<p data-start=\"759\" data-end=\"1014\">El remedio es especialmente adecuado para <strong data-start=\"797\" data-end=\"833\">personas altamente sensibles y ni\u00f1os<\/strong> que tienen dificultades para aterrizar firmemente en sus cuerpos o se sobreestimulan f\u00e1cilmente. La alineaci\u00f3n interior tambi\u00e9n puede ofrecer apoyo para los sentimientos de soledad, duelo o alienaci\u00f3n. <\/p>\n<p data-start=\"1016\" data-end=\"1103\">Al combinar 12 flores cuidadosamente seleccionadas, la alineaci\u00f3n interior ayuda a:<\/p>\n<ul data-start=\"1104\" data-end=\"1276\">\n<li data-start=\"1104\" data-end=\"1166\">\n<p data-start=\"1106\" data-end=\"1166\"><strong data-start=\"1116\" data-end=\"1127\">Para arraigar<\/strong> m\u00e1s profundamente y sentirse seguro en su cuerpo<\/p>\n<\/li>\n<li data-start=\"1167\" data-end=\"1221\">\n<p data-start=\"1169\" data-end=\"1221\"><strong data-start=\"1173\" data-end=\"1191\">Abrir el coraz\u00f3n a la<\/strong> conexi\u00f3n amorosa<\/p>\n<\/li>\n<li data-start=\"1222\" data-end=\"1276\">\n<p data-start=\"1224\" data-end=\"1276\"><strong data-start=\"1230\" data-end=\"1262\">Conectando con tu yo superior y tu<\/strong> intuici\u00f3n<\/p>\n<\/li>\n<\/ul>\n<p data-start=\"1278\" data-end=\"1401\">Esta esencia te invita a no sobrevivir m\u00e1s, sino a vivir la vida al m\u00e1ximo, desde la paz interior, el amor y la confianza.<\/p>\n<p data-start=\"1403\" data-end=\"1448\"><strong data-start=\"1403\" data-end=\"1446\">Aplicaci\u00f3n en adultos y ni\u00f1os:<\/strong><\/p>\n<ul data-start=\"1449\" data-end=\"1676\">\n<li data-start=\"1449\" data-end=\"1490\">\n<p data-start=\"1451\" data-end=\"1490\">En el duelo, la soledad o la alienaci\u00f3n<\/p>\n<\/li>\n<li data-start=\"1491\" data-end=\"1567\">\n<p data-start=\"1493\" data-end=\"1567\">Para ni\u00f1os muy sensibles que tienen dificultades con los est\u00edmulos o la seguridad<\/p>\n<\/li>\n<li data-start=\"1568\" data-end=\"1611\">\n<p data-start=\"1570\" data-end=\"1611\">Cuando luchas con el amor propio y la conexi\u00f3n<\/p>\n<\/li>\n<li data-start=\"1612\" data-end=\"1676\">\n<p data-start=\"1614\" data-end=\"1676\">Como apoyo en per\u00edodos de desequilibrio espiritual o emocional<\/p>\n<\/li>\n<\/ul>\n<p data-start=\"1678\" data-end=\"1711\"><strong data-start=\"1678\" data-end=\"1709\">Contiene las siguientes flores:<\/strong><\/p>\n<ul data-start=\"1712\" data-end=\"2454\">\n<li data-start=\"1712\" data-end=\"1785\">\n<p data-start=\"1714\" data-end=\"1785\"><strong data-start=\"1714\" data-end=\"1729\">Flor de m\u00e1scara<\/strong> : liberaci\u00f3n de mecanismos de protecci\u00f3n, conexi\u00f3n a tierra profunda<\/p>\n<\/li>\n<li data-start=\"1786\" data-end=\"1836\">\n<p data-start=\"1788\" data-end=\"1836\"><strong data-start=\"1788\" data-end=\"1806\">Borraja<\/strong> : coraje, consuelo y dulzura<\/p>\n<\/li>\n<li data-start=\"1837\" data-end=\"1900\">\n<p data-start=\"1839\" data-end=\"1900\"><strong data-start=\"1839\" data-end=\"1853\">Nen\u00fafar<\/strong> : conecta el cuerpo et\u00e9rico con el f\u00edsico<\/p>\n<\/li>\n<li data-start=\"1901\" data-end=\"1962\">\n<p data-start=\"1903\" data-end=\"1962\"><strong data-start=\"1903\" data-end=\"1917\">Siempreviva<\/strong> : sanaci\u00f3n k\u00e1rmica, fortalece la conexi\u00f3n a tierra del alma<\/p>\n<\/li>\n<li data-start=\"1963\" data-end=\"2019\">\n<p data-start=\"1965\" data-end=\"2019\"><strong data-start=\"1965\" data-end=\"1975\">Equilibrio<\/strong> : armoniza el sentimiento, el pensamiento y la acci\u00f3n.<\/p>\n<\/li>\n<li data-start=\"2020\" data-end=\"2075\">\n<p data-start=\"2022\" data-end=\"2075\"><strong data-start=\"2022\" data-end=\"2042\">Flor de cuco de d\u00eda<\/strong> : coraje para abrirse<\/p>\n<\/li>\n<li data-start=\"2076\" data-end=\"2142\">\n<p data-start=\"2078\" data-end=\"2142\"><strong data-start=\"2078\" data-end=\"2104\">Reina de las costas<\/strong> : abre el coraz\u00f3n y la corona del amor<\/p>\n<\/li>\n<li data-start=\"2143\" data-end=\"2216\">\n<p data-start=\"2145\" data-end=\"2216\"><strong data-start=\"2145\" data-end=\"2166\">Estrella de Bel\u00e9n<\/strong> : curaci\u00f3n de traumas profundos, restauraci\u00f3n de la l\u00ednea del alma<\/p>\n<\/li>\n<li data-start=\"2217\" data-end=\"2275\">\n<p data-start=\"2219\" data-end=\"2275\"><strong data-start=\"2219\" data-end=\"2235\">Knotweed<\/strong> : fortalece la conexi\u00f3n tierra \u2194 cosmos<\/p>\n<\/li>\n<li data-start=\"2276\" data-end=\"2338\">\n<p data-start=\"2278\" data-end=\"2338\"><strong data-start=\"2278\" data-end=\"2295\">Flor de mayo amarilla:<\/strong> apertura suave y limpia de la corona<\/p>\n<\/li>\n<li data-start=\"2339\" data-end=\"2390\">\n<p data-start=\"2341\" data-end=\"2390\"><strong data-start=\"2341\" data-end=\"2354\">3-Unidad<\/strong> : conecta cuerpo, alma y esp\u00edritu<\/p>\n<\/li>\n<li data-start=\"2391\" data-end=\"2454\">\n<p data-start=\"2393\" data-end=\"2454\"><strong data-start=\"2393\" data-end=\"2417\">Kruidje Roerje Me Niet<\/strong> \u2013 protecci\u00f3n contra la sobreestimulaci\u00f3n<\/p>\n<\/li>\n<\/ul>\n","protected":false},"excerpt":{"rendered":"<p>Esencia floral para una conexi\u00f3n profunda, apertura del coraz\u00f3n y conexi\u00f3n interior. Apoya a adultos y ni\u00f1os con alta sensibilidad, sobreestimulaci\u00f3n y recuperaci\u00f3n emocional. <\/p>\n","protected":false},"featured_media":5497,"comment_status":"open","ping_status":"closed","template":"","meta":{"wds_primary_product_brand":0,"wds_primary_product_cat":0,"wds_primary_merken":0},"product_brand":[],"product_cat":[4706],"product_tag":[3537,3545,3543,3535,3544,3541,3301,3303,3540,3542],"merken":[],"class_list":{"0":"post-8785","1":"product","2":"type-product","3":"status-publish","4":"has-post-thumbnail","6":"product_cat-remedios-florales-es","7":"product_tag-alineacion-interna","8":"product_tag-alta-sensibilidad","9":"product_tag-apertura-del-corazon","10":"product_tag-chakra-1-4-7-es","11":"product_tag-chakra-de-la-corona","12":"product_tag-conexion-espiritual","13":"product_tag-esencia-floral","14":"product_tag-ngd-care-blossoms-es","15":"product_tag-remedios-estrella","16":"product_tag-tierra","17":"infinite-scroll-item","18":"sales-flash-overlay","19":"woocommerce-text-align-center","20":"woocommerce-image-align-center","21":"do-quantity-buttons","23":"first","24":"instock","25":"taxable","26":"shipping-taxable","27":"purchasable","28":"product-type-simple"},"_links":{"self":[{"href":"https:\/\/www.ngdcare.nl\/es\/wp-json\/wp\/v2\/product\/8785","targetHints":{"allow":["GET"]}}],"collection":[{"href":"https:\/\/www.ngdcare.nl\/es\/wp-json\/wp\/v2\/product"}],"about":[{"href":"https:\/\/www.ngdcare.nl\/es\/wp-json\/wp\/v2\/types\/product"}],"replies":[{"embeddable":true,"href":"https:\/\/www.ngdcare.nl\/es\/wp-json\/wp\/v2\/comments?post=8785"}],"wp:featuredmedia":[{"embeddable":true,"href":"https:\/\/www.ngdcare.nl\/es\/wp-json\/wp\/v2\/media\/5497"}],"wp:attachment":[{"href":"https:\/\/www.ngdcare.nl\/es\/wp-json\/wp\/v2\/media?parent=8785"}],"wp:term":[{"taxonomy":"product_brand","embeddable":true,"href":"https:\/\/www.ngdcare.nl\/es\/wp-json\/wp\/v2\/product_brand?post=8785"},{"taxonomy":"product_cat","embeddable":true,"href":"https:\/\/www.ngdcare.nl\/es\/wp-json\/wp\/v2\/product_cat?post=8785"},{"taxonomy":"product_tag","embeddable":true,"href":"https:\/\/www.ngdcare.nl\/es\/wp-json\/wp\/v2\/product_tag?post=8785"},{"taxonomy":"merken","embeddable":true,"href":"https:\/\/www.ngdcare.nl\/es\/wp-json\/wp\/v2\/merken?post=8785"}],"curies":[{"name":"wp","href":"https:\/\/api.w.org\/{rel}","templated":true}]}}