{"id":8797,"date":"2025-10-02T21:50:46","date_gmt":"2025-10-02T19:50:46","guid":{"rendered":"https:\/\/www.ngdcare.nl\/?post_type=product&#038;p=8797"},"modified":"2025-10-02T22:03:22","modified_gmt":"2025-10-02T20:03:22","slug":"esencia-de-la-intuicion-chakra-3-y-6-kopie-2","status":"publish","type":"product","link":"https:\/\/www.ngdcare.nl\/es\/product\/human-health\/remedios-florales-es\/esencia-de-la-intuicion-chakra-3-y-6-kopie-2\/","title":{"rendered":"Esencia de la Intuici\u00f3n \u2013 Chakra 3 y 6"},"content":{"rendered":"<p data-start=\"458\" data-end=\"660\"><strong data-start=\"458\" data-end=\"473\">Gut Feeling<\/strong> es una esencia floral cuidadosamente compuesta que conecta el <strong data-start=\"529\" data-end=\"591\">tercer chakra (fuerza personal, decisi\u00f3n y direcci\u00f3n)<\/strong> y el <strong data-start=\"599\" data-end=\"637\">sexto chakra (intuici\u00f3n y perspicacia).<\/strong><\/p>\n<p data-start=\"662\" data-end=\"1040\">Este remedio est\u00e1 destinado a personas que tienen dificultades para tomar decisiones, son inseguras o est\u00e1n demasiado \u201cen la cabeza\u00bb. El tercer chakra representa la fuerza de voluntad y la direcci\u00f3n, mientras que el sexto chakra est\u00e1 conectado con la percepci\u00f3n intuitiva y el conocimiento interno. Cuando estos centros se desequilibran, puede llevar a la confusi\u00f3n, la indecisi\u00f3n o el control excesivo.  <\/p>\n<p data-start=\"1042\" data-end=\"1187\">El instinto ayuda a armonizar el pensamiento, el sentimiento y el hacer entre s\u00ed, de modo que se puedan tomar decisiones desde una br\u00fajula interior pura.<\/p>\n<p data-start=\"1189\" data-end=\"1477\"><strong data-start=\"1189\" data-end=\"1206\">Para ni\u00f1os<\/strong><br data-start=\"1206\" data-end=\"1209\">Los ni\u00f1os que son sensibles a los est\u00edmulos o tienen dificultades con la confianza en s\u00ed mismos pueden beneficiarse de este remedio. Les ayuda a confiar mejor en sus propios sentimientos, a guiarse menos por el miedo o al fracaso y a seguir su intuici\u00f3n de una manera l\u00fadica. <\/p>\n<p data-start=\"1479\" data-end=\"1524\"><strong data-start=\"1479\" data-end=\"1522\">Aplicaci\u00f3n en adultos y ni\u00f1os:<\/strong><\/p>\n<ul data-start=\"1525\" data-end=\"1732\">\n<li data-start=\"1525\" data-end=\"1551\">\n<p data-start=\"1527\" data-end=\"1551\">En caso de estr\u00e9s y preocupaci\u00f3n<\/p>\n<\/li>\n<li data-start=\"1552\" data-end=\"1589\">\n<p data-start=\"1554\" data-end=\"1589\">En caso de miedo al fracaso o a la indecisi\u00f3n<\/p>\n<\/li>\n<li data-start=\"1590\" data-end=\"1637\">\n<p data-start=\"1592\" data-end=\"1637\">En caso de bloqueos en la confianza en s\u00ed mismo o la intuici\u00f3n<\/p>\n<\/li>\n<li data-start=\"1638\" data-end=\"1680\">\n<p data-start=\"1640\" data-end=\"1680\">En caso de sobreestimulaci\u00f3n y alta sensibilidad<\/p>\n<\/li>\n<li data-start=\"1681\" data-end=\"1732\">\n<p data-start=\"1683\" data-end=\"1732\">Como apoyo para el agotamiento y el agotamiento emocional<\/p>\n<\/li>\n<\/ul>\n<p data-start=\"1734\" data-end=\"1767\"><strong data-start=\"1734\" data-end=\"1765\">Contiene las siguientes flores:<\/strong><\/p>\n<ul data-start=\"1768\" data-end=\"2441\">\n<li data-start=\"1768\" data-end=\"1816\">\n<p data-start=\"1770\" data-end=\"1816\"><strong data-start=\"1770\" data-end=\"1783\">Leadwort<\/strong> : acci\u00f3n y direcci\u00f3n intuitivas<\/p>\n<\/li>\n<li data-start=\"1817\" data-end=\"1864\">\n<p data-start=\"1819\" data-end=\"1864\"><strong data-start=\"1819\" data-end=\"1835\">Perejil de vaca<\/strong> : autoexpresi\u00f3n relajada<\/p>\n<\/li>\n<li data-start=\"1865\" data-end=\"1939\">\n<p data-start=\"1867\" data-end=\"1939\"><strong data-start=\"1867\" data-end=\"1884\">Arbusto de mariposas<\/strong> : fuerza interior, liber\u00e1ndose de viejas creencias<\/p>\n<\/li>\n<li data-start=\"1940\" data-end=\"1995\">\n<p data-start=\"1942\" data-end=\"1995\"><strong data-start=\"1942\" data-end=\"1957\">Manzana silvestre<\/strong> : limpieza de la autoimagen limitante<\/p>\n<\/li>\n<li data-start=\"1996\" data-end=\"2060\">\n<p data-start=\"1998\" data-end=\"2060\"><strong data-start=\"1998\" data-end=\"2019\">Estrella de Bel\u00e9n<\/strong> : recuperaci\u00f3n despu\u00e9s de un shock, trauma o agotamiento<\/p>\n<\/li>\n<li data-start=\"2061\" data-end=\"2110\">\n<p data-start=\"2063\" data-end=\"2110\"><strong data-start=\"2063\" data-end=\"2078\">Cal\u00e9ndula de pantano<\/strong> \u2013 activaci\u00f3n del tercer ojo<\/p>\n<\/li>\n<li data-start=\"2111\" data-end=\"2163\">\n<p data-start=\"2113\" data-end=\"2163\"><strong data-start=\"2113\" data-end=\"2125\">El ni\u00f1o<\/strong> : confianza en los impulsos intuitivos<\/p>\n<\/li>\n<li data-start=\"2164\" data-end=\"2214\">\n<p data-start=\"2166\" data-end=\"2214\"><strong data-start=\"2166\" data-end=\"2176\">Ismene<\/strong> \u2013 sensibilidad, conocimiento interior<\/p>\n<\/li>\n<li data-start=\"2215\" data-end=\"2264\">\n<p data-start=\"2217\" data-end=\"2264\"><strong data-start=\"2217\" data-end=\"2230\">Hortensia<\/strong> : equilibrio entre la cabeza y la sensaci\u00f3n<\/p>\n<\/li>\n<li data-start=\"2265\" data-end=\"2325\">\n<p data-start=\"2267\" data-end=\"2325\"><strong data-start=\"2267\" data-end=\"2281\">Siempreviva<\/strong> \u2013 memoria del alma, profundizaci\u00f3n espiritual<\/p>\n<\/li>\n<li data-start=\"2326\" data-end=\"2377\">\n<p data-start=\"2328\" data-end=\"2377\"><strong data-start=\"2328\" data-end=\"2338\">Equilibrio<\/strong> : armoniza la voluntad, el pensamiento y el sentimiento<\/p>\n<\/li>\n<li data-start=\"2378\" data-end=\"2441\">\n<p data-start=\"2380\" data-end=\"2441\"><strong data-start=\"2380\" data-end=\"2404\">Kruidje Roerje Me Niet<\/strong> \u2013 protecci\u00f3n contra la sobreestimulaci\u00f3n<\/p>\n<\/li>\n<\/ul>\n","protected":false},"excerpt":{"rendered":"<p>Esencia floral que equilibra el poder personal y la intuici\u00f3n. Apoya a adultos y ni\u00f1os con estr\u00e9s, indecisi\u00f3n y sobreestimulaci\u00f3n. <\/p>\n","protected":false},"featured_media":5501,"comment_status":"open","ping_status":"closed","template":"","meta":{"wds_primary_product_brand":0,"wds_primary_product_cat":0,"wds_primary_merken":0},"product_brand":[],"product_cat":[4706],"product_tag":[3691,3682,3683,2584,3687,3693,3689,3684,3540,3695,3686],"merken":[],"class_list":{"0":"post-8797","1":"product","2":"type-product","3":"status-publish","4":"has-post-thumbnail","6":"product_cat-remedios-florales-es","7":"product_tag-apoyo-espiritual","8":"product_tag-chakra-3-es","9":"product_tag-chakra-6-es","10":"product_tag-cuidado-ngd","11":"product_tag-esencia-floral-autoconfianza","12":"product_tag-fuerza-interior","13":"product_tag-intuicion-de-la-flor","14":"product_tag-luz-solar","15":"product_tag-remedios-estrella","16":"product_tag-sobreestimulacion","17":"product_tag-tercer-ojo","18":"infinite-scroll-item","19":"sales-flash-overlay","20":"woocommerce-text-align-center","21":"woocommerce-image-align-center","22":"do-quantity-buttons","24":"first","25":"instock","26":"taxable","27":"shipping-taxable","28":"purchasable","29":"product-type-simple"},"_links":{"self":[{"href":"https:\/\/www.ngdcare.nl\/es\/wp-json\/wp\/v2\/product\/8797","targetHints":{"allow":["GET"]}}],"collection":[{"href":"https:\/\/www.ngdcare.nl\/es\/wp-json\/wp\/v2\/product"}],"about":[{"href":"https:\/\/www.ngdcare.nl\/es\/wp-json\/wp\/v2\/types\/product"}],"replies":[{"embeddable":true,"href":"https:\/\/www.ngdcare.nl\/es\/wp-json\/wp\/v2\/comments?post=8797"}],"wp:featuredmedia":[{"embeddable":true,"href":"https:\/\/www.ngdcare.nl\/es\/wp-json\/wp\/v2\/media\/5501"}],"wp:attachment":[{"href":"https:\/\/www.ngdcare.nl\/es\/wp-json\/wp\/v2\/media?parent=8797"}],"wp:term":[{"taxonomy":"product_brand","embeddable":true,"href":"https:\/\/www.ngdcare.nl\/es\/wp-json\/wp\/v2\/product_brand?post=8797"},{"taxonomy":"product_cat","embeddable":true,"href":"https:\/\/www.ngdcare.nl\/es\/wp-json\/wp\/v2\/product_cat?post=8797"},{"taxonomy":"product_tag","embeddable":true,"href":"https:\/\/www.ngdcare.nl\/es\/wp-json\/wp\/v2\/product_tag?post=8797"},{"taxonomy":"merken","embeddable":true,"href":"https:\/\/www.ngdcare.nl\/es\/wp-json\/wp\/v2\/merken?post=8797"}],"curies":[{"name":"wp","href":"https:\/\/api.w.org\/{rel}","templated":true}]}}