{"id":8808,"date":"2025-10-02T22:06:35","date_gmt":"2025-10-02T20:06:35","guid":{"rendered":"https:\/\/www.ngdcare.nl\/?post_type=product&#038;p=8808"},"modified":"2025-10-02T22:14:24","modified_gmt":"2025-10-02T20:14:24","slug":"esencia-de-expresion-chakra-2-y-5-kopie","status":"publish","type":"product","link":"https:\/\/www.ngdcare.nl\/es\/product\/human-health\/remedios-florales-es\/esencia-de-expresion-chakra-2-y-5-kopie\/","title":{"rendered":"Esencia de expresi\u00f3n \u2013 Chakra 2 y 5"},"content":{"rendered":"<p data-start=\"507\" data-end=\"767\"><strong data-start=\"507\" data-end=\"536\">Expresi\u00f3n \u2013 Los chakras 2 y 5<\/strong> son una esencia floral cuidadosamente compuesta que apoya la conexi\u00f3n entre el <strong data-start=\"625\" data-end=\"696\">segundo chakra (sacro \u2013 energ\u00eda vital, creatividad, sensualidad)<\/strong> y el <strong data-start=\"704\" data-end=\"764\">quinto chakra (garganta \u2013 comunicaci\u00f3n, expresi\u00f3n, verdad).<\/strong><\/p>\n<p data-start=\"769\" data-end=\"1072\">Esta combinaci\u00f3n te ayuda a conectarte con tu flujo interior, energ\u00eda creativa y tu capacidad para expresarte de manera suave y aut\u00e9ntica. Muchas personas experimentan bloqueos en este eje: dificultad para expresar sentimientos, estancamiento creativo, miedo a ser visible o sensibilidad emocional excesiva. <\/p>\n<p data-start=\"1074\" data-end=\"1204\">La expresi\u00f3n aporta suavidad, protecci\u00f3n y espacio, para que los sentimientos y las palabras vuelvan a estar en equilibrio con lo que realmente eres.<\/p>\n<p data-start=\"1206\" data-end=\"1451\"><strong data-start=\"1206\" data-end=\"1223\">Para ni\u00f1os<\/strong><br data-start=\"1223\" data-end=\"1226\">Los ni\u00f1os que tienen dificultades para expresarse o que a menudo bloquean las emociones pueden beneficiarse de este remedio. Les ayuda a comunicarse de forma m\u00e1s suave, a ser creativos de forma l\u00fadica y a mostrar sus emociones de forma segura. <\/p>\n<p data-start=\"1453\" data-end=\"1498\"><strong data-start=\"1453\" data-end=\"1496\">Aplicaci\u00f3n en adultos y ni\u00f1os:<\/strong><\/p>\n<ul data-start=\"1499\" data-end=\"1845\">\n<li data-start=\"1499\" data-end=\"1562\">\n<p data-start=\"1501\" data-end=\"1562\">Para bloqueos emocionales como tristeza, verg\u00fcenza o culpa<\/p>\n<\/li>\n<li data-start=\"1563\" data-end=\"1611\">\n<p data-start=\"1565\" data-end=\"1611\">Cuando es dif\u00edcil expresarse o comunicarse<\/p>\n<\/li>\n<li data-start=\"1612\" data-end=\"1665\">\n<p data-start=\"1614\" data-end=\"1665\">En caso de estancamiento creativo o tensiones relacionales<\/p>\n<\/li>\n<li data-start=\"1666\" data-end=\"1730\">\n<p data-start=\"1668\" data-end=\"1730\">En caso de alta sensibilidad o sensibilidad a los est\u00edmulos alrededor de la garganta \/ habla<\/p>\n<\/li>\n<li data-start=\"1731\" data-end=\"1792\">\n<p data-start=\"1733\" data-end=\"1792\">Apoyar el desequilibrio hormonal o los trastornos de garganta<\/p>\n<\/li>\n<li data-start=\"1793\" data-end=\"1845\">\n<p data-start=\"1795\" data-end=\"1845\">En per\u00edodos de transici\u00f3n o procesos creativos<\/p>\n<\/li>\n<\/ul>\n<p data-start=\"1847\" data-end=\"1880\"><strong data-start=\"1847\" data-end=\"1878\">Contiene las siguientes flores:<\/strong><\/p>\n<ul data-start=\"1881\" data-end=\"2529\">\n<li data-start=\"1881\" data-end=\"1943\">\n<p data-start=\"1883\" data-end=\"1943\"><strong data-start=\"1883\" data-end=\"1896\">Perd\u00f3n<\/strong> : dejar ir, abre el coraz\u00f3n y la ropa de cama emocional<\/p>\n<\/li>\n<li data-start=\"1944\" data-end=\"2004\">\n<p data-start=\"1946\" data-end=\"2004\"><strong data-start=\"1946\" data-end=\"1962\">Perejil de vaca<\/strong> : alegr\u00eda, creatividad y ligereza<\/p>\n<\/li>\n<li data-start=\"2005\" data-end=\"2067\">\n<p data-start=\"2007\" data-end=\"2067\"><strong data-start=\"2007\" data-end=\"2023\">Cactus coral<\/strong> : flujo femenino suave, sensualidad<\/p>\n<\/li>\n<li data-start=\"2068\" data-end=\"2122\">\n<p data-start=\"2070\" data-end=\"2122\"><strong data-start=\"2070\" data-end=\"2090\">Flor de cuco de d\u00eda<\/strong> : atr\u00e9vete a ser t\u00fa mismo y expresarte<\/p>\n<\/li>\n<li data-start=\"2123\" data-end=\"2179\">\n<p data-start=\"2125\" data-end=\"2179\"><strong data-start=\"2125\" data-end=\"2146\">Estrella de Bel\u00e9n<\/strong> : sanando el trauma emocional<\/p>\n<\/li>\n<li data-start=\"2180\" data-end=\"2235\">\n<p data-start=\"2182\" data-end=\"2235\"><strong data-start=\"2182\" data-end=\"2202\">Almendra india<\/strong> : protecci\u00f3n contra la sensibilidad<\/p>\n<\/li>\n<li data-start=\"2236\" data-end=\"2292\">\n<p data-start=\"2238\" data-end=\"2292\"><strong data-start=\"2238\" data-end=\"2255\">Amor y esperanza<\/strong> : ablandamiento y fuerza interior<\/p>\n<\/li>\n<li data-start=\"2293\" data-end=\"2342\">\n<p data-start=\"2295\" data-end=\"2342\"><strong data-start=\"2295\" data-end=\"2303\">Rosa:<\/strong> energ\u00eda de coraz\u00f3n suave en la comunicaci\u00f3n<\/p>\n<\/li>\n<li data-start=\"2343\" data-end=\"2396\">\n<p data-start=\"2345\" data-end=\"2396\"><strong data-start=\"2345\" data-end=\"2358\">3-Unidad<\/strong> \u2013 alineaci\u00f3n cuerpo, alma y esp\u00edritu<\/p>\n<\/li>\n<li data-start=\"2397\" data-end=\"2465\">\n<p data-start=\"2399\" data-end=\"2465\"><strong data-start=\"2399\" data-end=\"2416\">Arbusto de mariposas<\/strong> : transformaci\u00f3n y confianza en s\u00ed mismo en la expresi\u00f3n<\/p>\n<\/li>\n<li data-start=\"2466\" data-end=\"2529\">\n<p data-start=\"2468\" data-end=\"2529\"><strong data-start=\"2468\" data-end=\"2480\">Turquesa<\/strong> : fortalece la conexi\u00f3n entre el sentimiento y la expresi\u00f3n<\/p>\n<\/li>\n<\/ul>\n","protected":false},"excerpt":{"rendered":"<p>Esencia floral que apoya la creatividad y la autoexpresi\u00f3n. Para adultos y ni\u00f1os con bloqueos emocionales, alta sensibilidad y problemas de comunicaci\u00f3n. <\/p>\n","protected":false},"featured_media":5493,"comment_status":"open","ping_status":"closed","template":"","meta":{"wds_primary_product_brand":0,"wds_primary_product_cat":0,"wds_primary_merken":0},"product_brand":[],"product_cat":[4706],"product_tag":[3545,3645,3643,3640,3641,3642,3301,3303,3304,3644],"merken":[],"class_list":{"0":"post-8808","1":"product","2":"type-product","3":"status-publish","4":"has-post-thumbnail","6":"product_cat-remedios-florales-es","7":"product_tag-alta-sensibilidad","8":"product_tag-animales-sensibles","9":"product_tag-autoexpresion","10":"product_tag-chakra-2-es","11":"product_tag-chakra-5-es","12":"product_tag-creatividad","13":"product_tag-esencia-floral","14":"product_tag-ngd-care-blossoms-es","15":"product_tag-proteccion-energetica","16":"product_tag-sanacion-emocional","17":"infinite-scroll-item","18":"sales-flash-overlay","19":"woocommerce-text-align-center","20":"woocommerce-image-align-center","21":"do-quantity-buttons","23":"first","24":"instock","25":"taxable","26":"shipping-taxable","27":"purchasable","28":"product-type-simple"},"_links":{"self":[{"href":"https:\/\/www.ngdcare.nl\/es\/wp-json\/wp\/v2\/product\/8808","targetHints":{"allow":["GET"]}}],"collection":[{"href":"https:\/\/www.ngdcare.nl\/es\/wp-json\/wp\/v2\/product"}],"about":[{"href":"https:\/\/www.ngdcare.nl\/es\/wp-json\/wp\/v2\/types\/product"}],"replies":[{"embeddable":true,"href":"https:\/\/www.ngdcare.nl\/es\/wp-json\/wp\/v2\/comments?post=8808"}],"wp:featuredmedia":[{"embeddable":true,"href":"https:\/\/www.ngdcare.nl\/es\/wp-json\/wp\/v2\/media\/5493"}],"wp:attachment":[{"href":"https:\/\/www.ngdcare.nl\/es\/wp-json\/wp\/v2\/media?parent=8808"}],"wp:term":[{"taxonomy":"product_brand","embeddable":true,"href":"https:\/\/www.ngdcare.nl\/es\/wp-json\/wp\/v2\/product_brand?post=8808"},{"taxonomy":"product_cat","embeddable":true,"href":"https:\/\/www.ngdcare.nl\/es\/wp-json\/wp\/v2\/product_cat?post=8808"},{"taxonomy":"product_tag","embeddable":true,"href":"https:\/\/www.ngdcare.nl\/es\/wp-json\/wp\/v2\/product_tag?post=8808"},{"taxonomy":"merken","embeddable":true,"href":"https:\/\/www.ngdcare.nl\/es\/wp-json\/wp\/v2\/merken?post=8808"}],"curies":[{"name":"wp","href":"https:\/\/api.w.org\/{rel}","templated":true}]}}