{"id":8830,"date":"2025-10-02T22:38:44","date_gmt":"2025-10-02T20:38:44","guid":{"rendered":"https:\/\/www.ngdcare.nl\/?post_type=product&#038;p=8830"},"modified":"2025-10-02T22:47:34","modified_gmt":"2025-10-02T20:47:34","slug":"balsamo-para-la-piel-de-jojoba-con-ozono-balsamo-para-la-piel-kopie","status":"publish","type":"product","link":"https:\/\/www.ngdcare.nl\/es\/product\/productos-de-ozono\/balsamo-para-la-piel-de-jojoba-con-ozono-balsamo-para-la-piel-kopie\/","title":{"rendered":"B\u00e1lsamo para la piel de jojoba con ozono \u2013 B\u00e1lsamo para la piel"},"content":{"rendered":"<p data-start=\"491\" data-end=\"760\"><strong data-start=\"491\" data-end=\"529\">B\u00e1lsamo para la piel de jojoba con ozono: el b\u00e1lsamo<\/strong> para la piel combina las propiedades de cuidado de la jojoba con el poder del ozono. Debido al car\u00e1cter natural de la cera de la jojoba, una ozonizaci\u00f3n m\u00e1s pesada crea un b\u00e1lsamo semis\u00f3lido que forma una capa delgada y semioclusiva en la piel. <\/p>\n<p data-start=\"762\" data-end=\"1003\">Esta capa apoya la barrera natural de la piel, mantiene la piel flexible y asegura que el b\u00e1lsamo contin\u00fae funcionando en su lugar durante mucho tiempo. El b\u00e1lsamo <strong data-start=\"902\" data-end=\"920\">no es pegajoso<\/strong>, no tiene <strong data-start=\"931\" data-end=\"945\">fragancia<\/strong> y, por lo tanto, es adecuado para las pieles m\u00e1s sensibles. <\/p>\n<p data-start=\"1005\" data-end=\"1262\">El B\u00e1lsamo para la Piel est\u00e1 especialmente indicado para el cuidado de zonas de piel local, secas o \u00e1speras, como codos, talones, labios o pliegues cut\u00e1neos. Tambi\u00e9n se puede utilizar como cuidado extra para pieles sensibles que necesitan protecci\u00f3n y equilibrio extra. <\/p>\n<p data-start=\"1264\" data-end=\"1281\"><strong data-start=\"1264\" data-end=\"1279\">Aplicaci\u00f3n:<\/strong><\/p>\n<ul data-start=\"1282\" data-end=\"1538\">\n<li data-start=\"1282\" data-end=\"1361\">\n<p data-start=\"1284\" data-end=\"1361\">Para \u00e1reas locales, secas o \u00e1speras (codos, talones, labios, pliegues de la piel)<\/p>\n<\/li>\n<li data-start=\"1362\" data-end=\"1420\">\n<p data-start=\"1364\" data-end=\"1420\">Para apoyar la barrera cut\u00e1nea en caso de sensibilidad<\/p>\n<\/li>\n<li data-start=\"1421\" data-end=\"1474\">\n<p data-start=\"1423\" data-end=\"1474\">Protector en condiciones clim\u00e1ticas fr\u00edas o secas<\/p>\n<\/li>\n<li data-start=\"1475\" data-end=\"1538\">\n<p data-start=\"1477\" data-end=\"1538\">Adecuado para uso diario en adultos y ni\u00f1os<\/p>\n<\/li>\n<\/ul>\n","protected":false},"excerpt":{"rendered":"<p data-start=\"325\" data-end=\"448\">B\u00e1lsamo natural para la piel a base de aceite de jojoba ozonizado. Protege, cuida e hidrata las zonas de piel seca o \u00e1spera. <\/p>\n<p data-start=\"6720\" data-end=\"7093\">\n","protected":false},"featured_media":5432,"comment_status":"open","ping_status":"closed","template":"","meta":[],"product_brand":[],"product_cat":[4718],"product_tag":[4720,3560,3558],"merken":[],"class_list":{"0":"post-8830","1":"product","2":"type-product","3":"status-publish","4":"has-post-thumbnail","6":"product_cat-productos-de-ozono","7":"product_tag-balsamo-para-la-piel","8":"product_tag-jojoba-ozonizada","9":"product_tag-sin-fragancia","10":"infinite-scroll-item","11":"sales-flash-overlay","12":"woocommerce-text-align-center","13":"woocommerce-image-align-center","14":"do-quantity-buttons","16":"first","17":"instock","18":"taxable","19":"shipping-taxable","20":"purchasable","21":"product-type-simple"},"_links":{"self":[{"href":"https:\/\/www.ngdcare.nl\/es\/wp-json\/wp\/v2\/product\/8830","targetHints":{"allow":["GET"]}}],"collection":[{"href":"https:\/\/www.ngdcare.nl\/es\/wp-json\/wp\/v2\/product"}],"about":[{"href":"https:\/\/www.ngdcare.nl\/es\/wp-json\/wp\/v2\/types\/product"}],"replies":[{"embeddable":true,"href":"https:\/\/www.ngdcare.nl\/es\/wp-json\/wp\/v2\/comments?post=8830"}],"wp:featuredmedia":[{"embeddable":true,"href":"https:\/\/www.ngdcare.nl\/es\/wp-json\/wp\/v2\/media\/5432"}],"wp:attachment":[{"href":"https:\/\/www.ngdcare.nl\/es\/wp-json\/wp\/v2\/media?parent=8830"}],"wp:term":[{"taxonomy":"product_brand","embeddable":true,"href":"https:\/\/www.ngdcare.nl\/es\/wp-json\/wp\/v2\/product_brand?post=8830"},{"taxonomy":"product_cat","embeddable":true,"href":"https:\/\/www.ngdcare.nl\/es\/wp-json\/wp\/v2\/product_cat?post=8830"},{"taxonomy":"product_tag","embeddable":true,"href":"https:\/\/www.ngdcare.nl\/es\/wp-json\/wp\/v2\/product_tag?post=8830"},{"taxonomy":"merken","embeddable":true,"href":"https:\/\/www.ngdcare.nl\/es\/wp-json\/wp\/v2\/merken?post=8830"}],"curies":[{"name":"wp","href":"https:\/\/api.w.org\/{rel}","templated":true}]}}