{"id":8851,"date":"2025-10-02T22:49:39","date_gmt":"2025-10-02T20:49:39","guid":{"rendered":"https:\/\/www.ngdcare.nl\/?post_type=product&#038;p=8851"},"modified":"2025-10-02T22:55:51","modified_gmt":"2025-10-02T20:55:51","slug":"gel-para-la-piel-con-glicerina-de-ozono-gel-para-la-piel-kopie","status":"publish","type":"product","link":"https:\/\/www.ngdcare.nl\/es\/product\/productos-de-ozono\/gel-para-la-piel-con-glicerina-de-ozono-gel-para-la-piel-kopie\/","title":{"rendered":"Gel para la piel con glicerina de ozono \u2013 Gel para la piel"},"content":{"rendered":"<p data-start=\"442\" data-end=\"700\"><strong data-start=\"442\" data-end=\"479\">Gel para la piel con glicerina de ozono \u2013 El gel para la piel<\/strong> es un gel concentrado a base de glicerina ozonizada 100% premium. Gracias a su alta viscosidad, el gel se mantiene firmemente en su lugar en el \u00e1rea aplicada, lo que lo hace ideal para \u00e1reas peque\u00f1as y localizadas de la piel. <\/p>\n<p data-start=\"702\" data-end=\"966\">La f\u00f3rmula sin fragancia no se siente grasosa, es f\u00e1cil de extender finamente y proporciona una sensaci\u00f3n agradable en la piel con un tiempo de contacto m\u00e1s largo que una soluci\u00f3n acuosa. En comparaci\u00f3n con el aceite de oliva ozonizado, el aroma de este gel es m\u00e1s sutil y agradable. <\/p>\n<p data-start=\"968\" data-end=\"1200\">El gel para la piel tiene el <strong data-start=\"989\" data-end=\"1015\">\u00edndice de per\u00f3xido m\u00e1s alto<\/strong> de todos los productos de ozono de la l\u00ednea. Esto significa que el gel es rico en compuestos estables de ox\u00edgeno, que apoyan intensamente la piel y fortalecen su funci\u00f3n de barrera natural. <\/p>\n<p data-start=\"1202\" data-end=\"1219\"><strong data-start=\"1202\" data-end=\"1217\">Aplicaci\u00f3n:<\/strong><\/p>\n<ul data-start=\"1220\" data-end=\"1509\">\n<li data-start=\"1220\" data-end=\"1302\">\n<p data-start=\"1222\" data-end=\"1302\">Para manchas locales, \u00e1speras o engrosadas (por ejemplo, codos, rodillas, talones)<\/p>\n<\/li>\n<li data-start=\"1303\" data-end=\"1376\">\n<p data-start=\"1305\" data-end=\"1376\">Para cuidar la piel en \u00e1reas peque\u00f1as que requieren atenci\u00f3n adicional<\/p>\n<\/li>\n<li data-start=\"1377\" data-end=\"1445\">\n<p data-start=\"1379\" data-end=\"1445\">Para \u00e1reas de piel sensible que se benefician de un mayor tiempo de contacto<\/p>\n<\/li>\n<li data-start=\"1446\" data-end=\"1509\">\n<p data-start=\"1448\" data-end=\"1509\">Adecuado para uso diario en adultos y ni\u00f1os<\/p>\n<\/li>\n<\/ul>\n<hr data-start=\"1511\" data-end=\"1514\">\n<h3 data-start=\"1516\" data-end=\"1533\"><strong data-start=\"1520\" data-end=\"1531\">Balas<\/strong><\/h3>\n<ul data-start=\"1534\" data-end=\"1773\">\n<li data-start=\"1534\" data-end=\"1587\">\n<p data-start=\"1536\" data-end=\"1587\">Gel cut\u00e1neo de alta viscosidad con glicerina ozonizada<\/p>\n<\/li>\n<li data-start=\"1588\" data-end=\"1641\">\n<p data-start=\"1590\" data-end=\"1641\">Se mantiene bien en su lugar, ideal para \u00e1reas peque\u00f1as<\/p>\n<\/li>\n<li data-start=\"1642\" data-end=\"1686\">\n<p data-start=\"1644\" data-end=\"1686\">Aroma sutil, sin fragancia y no graso<\/p>\n<\/li>\n<li data-start=\"1687\" data-end=\"1729\">\n<p data-start=\"1689\" data-end=\"1729\">\u00cdndice de per\u00f3xido de l\u00ednea de ozono m\u00e1s alto<\/p>\n<\/li>\n<li data-start=\"1730\" data-end=\"1773\">\n<p data-start=\"1732\" data-end=\"1773\">Apoya la barrera natural de la piel<\/p>\n<\/li>\n<\/ul>\n<p data-start=\"4723\" data-end=\"5116\">\n","protected":false},"excerpt":{"rendered":"<p>Gel cut\u00e1neo de alta viscosidad a base de glicerina ozonizada. Ideal para zonas locales, secas o \u00e1speras. Cuidadoso, sin perfume y puramente natural.  <\/p>\n","protected":false},"featured_media":18243,"comment_status":"open","ping_status":"closed","template":"","meta":[],"product_brand":[],"product_cat":[4718],"product_tag":[1929,3835,3834,1927,3558],"merken":[],"class_list":{"0":"post-8851","1":"product","2":"type-product","3":"status-publish","4":"has-post-thumbnail","6":"product_cat-productos-de-ozono","7":"product_tag-gato","8":"product_tag-gel-para-la-piel","9":"product_tag-glicerina-ozonizada","10":"product_tag-perro","11":"product_tag-sin-fragancia","12":"infinite-scroll-item","13":"sales-flash-overlay","14":"woocommerce-text-align-center","15":"woocommerce-image-align-center","16":"do-quantity-buttons","18":"first","19":"outofstock","20":"taxable","21":"shipping-taxable","22":"purchasable","23":"product-type-variable"},"_links":{"self":[{"href":"https:\/\/www.ngdcare.nl\/es\/wp-json\/wp\/v2\/product\/8851","targetHints":{"allow":["GET"]}}],"collection":[{"href":"https:\/\/www.ngdcare.nl\/es\/wp-json\/wp\/v2\/product"}],"about":[{"href":"https:\/\/www.ngdcare.nl\/es\/wp-json\/wp\/v2\/types\/product"}],"replies":[{"embeddable":true,"href":"https:\/\/www.ngdcare.nl\/es\/wp-json\/wp\/v2\/comments?post=8851"}],"wp:featuredmedia":[{"embeddable":true,"href":"https:\/\/www.ngdcare.nl\/es\/wp-json\/wp\/v2\/media\/18243"}],"wp:attachment":[{"href":"https:\/\/www.ngdcare.nl\/es\/wp-json\/wp\/v2\/media?parent=8851"}],"wp:term":[{"taxonomy":"product_brand","embeddable":true,"href":"https:\/\/www.ngdcare.nl\/es\/wp-json\/wp\/v2\/product_brand?post=8851"},{"taxonomy":"product_cat","embeddable":true,"href":"https:\/\/www.ngdcare.nl\/es\/wp-json\/wp\/v2\/product_cat?post=8851"},{"taxonomy":"product_tag","embeddable":true,"href":"https:\/\/www.ngdcare.nl\/es\/wp-json\/wp\/v2\/product_tag?post=8851"},{"taxonomy":"merken","embeddable":true,"href":"https:\/\/www.ngdcare.nl\/es\/wp-json\/wp\/v2\/merken?post=8851"}],"curies":[{"name":"wp","href":"https:\/\/api.w.org\/{rel}","templated":true}]}}