{"id":8894,"date":"2025-10-02T22:57:11","date_gmt":"2025-10-02T20:57:11","guid":{"rendered":"https:\/\/www.ngdcare.nl\/?post_type=product&#038;p=8894"},"modified":"2025-11-24T15:19:15","modified_gmt":"2025-11-24T14:19:15","slug":"spray-nasal-de-plata-coloidal-spray-nasal-de-plata-coloidal-kopie","status":"publish","type":"product","link":"https:\/\/www.ngdcare.nl\/es\/product\/human-health\/productos-coloidales\/spray-nasal-de-plata-coloidal-spray-nasal-de-plata-coloidal-kopie\/","title":{"rendered":"Spray nasal de plata coloidal"},"content":{"rendered":"<p data-start=\"472\" data-end=\"833\">El <strong data-start=\"475\" data-end=\"519\">aerosol nasal de plata coloidal de NGD Care<\/strong> proporciona un soporte natural para la nariz y las v\u00edas respiratorias. Este spray contiene <g id=\"gid_1\">plata coloidal pura en una concentraci\u00f3n de 10 PPM<\/g>, disuelta en agua destilada purificada. Gracias al uso de part\u00edculas de nanoplata, el spray es suave y especialmente adecuado para las sensibles membranas mucosas de la cavidad nasal.  <\/p>\n<p data-start=\"835\" data-end=\"1101\">La plata coloidal contribuye a un microclima limpio y saludable en la nariz, sin aditivos irritantes. El spray no contiene <strong data-start=\"963\" data-end=\"1021\">alcohol, conservantes ni fragancias<\/strong>, por lo que tambi\u00e9n es adecuado para ni\u00f1os y personas con narices sensibles. <\/p>\n<p data-start=\"1103\" data-end=\"1309\">La pr\u00e1ctica botella de spray facilita su aplicaci\u00f3n de forma espec\u00edfica y precisa. Con una pulverizaci\u00f3n por fosa nasal, se llega directamente a la mucosa nasal, para un soporte respiratorio fresco y suave. <\/p>\n<p data-start=\"1311\" data-end=\"1328\"><strong data-start=\"1311\" data-end=\"1326\">Aplicaci\u00f3n:<\/strong><\/p>\n<ul>\n<li data-start=\"1331\" data-end=\"1381\">En caso de secreci\u00f3n nasal excesiva o congesti\u00f3n nasal<\/li>\n<li data-start=\"1384\" data-end=\"1441\">Apoya el polen o las irritaciones estacionales<\/li>\n<li data-start=\"1444\" data-end=\"1498\">Para cuidar la nariz y los senos paranasales en caso de sensibilidad<\/li>\n<li data-start=\"1501\" data-end=\"1559\">Despu\u00e9s de procedimientos m\u00e9dicos (postoperatorios) como una limpieza suave<\/li>\n<li data-start=\"1562\" data-end=\"1618\">Para uso diario en caso de nariz sensible o seca<\/li>\n<\/ul>\n","protected":false},"excerpt":{"rendered":"<p class=\"p1\">Spray nasal puro con plata coloidal (10 PPM) en agua destilada. Para una nariz fresca y limpia y apoyo para el equilibrio nasal natural. <\/p>\n","protected":false},"featured_media":11098,"comment_status":"open","ping_status":"closed","template":"","meta":{"wds_primary_product_brand":0,"wds_primary_product_cat":0,"wds_primary_merken":0},"product_brand":[],"product_cat":[4736],"product_tag":[3394,1929,3409,3407,3395,1927,3411,3777,3773,3774,3775,3412,3776],"merken":[2756],"class_list":{"0":"post-8894","1":"product","2":"type-product","3":"status-publish","4":"has-post-thumbnail","6":"product_cat-productos-coloidales","7":"product_tag-coloidal-es","8":"product_tag-gato","9":"product_tag-infeccion","10":"product_tag-nano-plata","11":"product_tag-ngd-care-coloidal-es","12":"product_tag-perro","13":"product_tag-plata-coloidal","14":"product_tag-rinitis-es","15":"product_tag-sinusitis-es","16":"product_tag-spray-nasal-es","17":"product_tag-spray-nasal-plateado","18":"product_tag-uso-externo","19":"product_tag-vias-respiratorias-anteriores","20":"merken-ngdcare","21":"infinite-scroll-item","22":"sales-flash-overlay","23":"woocommerce-text-align-center","24":"woocommerce-image-align-center","25":"do-quantity-buttons","27":"first","28":"instock","29":"taxable","30":"shipping-taxable","31":"purchasable","32":"product-type-simple"},"_links":{"self":[{"href":"https:\/\/www.ngdcare.nl\/es\/wp-json\/wp\/v2\/product\/8894","targetHints":{"allow":["GET"]}}],"collection":[{"href":"https:\/\/www.ngdcare.nl\/es\/wp-json\/wp\/v2\/product"}],"about":[{"href":"https:\/\/www.ngdcare.nl\/es\/wp-json\/wp\/v2\/types\/product"}],"replies":[{"embeddable":true,"href":"https:\/\/www.ngdcare.nl\/es\/wp-json\/wp\/v2\/comments?post=8894"}],"wp:featuredmedia":[{"embeddable":true,"href":"https:\/\/www.ngdcare.nl\/es\/wp-json\/wp\/v2\/media\/11098"}],"wp:attachment":[{"href":"https:\/\/www.ngdcare.nl\/es\/wp-json\/wp\/v2\/media?parent=8894"}],"wp:term":[{"taxonomy":"product_brand","embeddable":true,"href":"https:\/\/www.ngdcare.nl\/es\/wp-json\/wp\/v2\/product_brand?post=8894"},{"taxonomy":"product_cat","embeddable":true,"href":"https:\/\/www.ngdcare.nl\/es\/wp-json\/wp\/v2\/product_cat?post=8894"},{"taxonomy":"product_tag","embeddable":true,"href":"https:\/\/www.ngdcare.nl\/es\/wp-json\/wp\/v2\/product_tag?post=8894"},{"taxonomy":"merken","embeddable":true,"href":"https:\/\/www.ngdcare.nl\/es\/wp-json\/wp\/v2\/merken?post=8894"}],"curies":[{"name":"wp","href":"https:\/\/api.w.org\/{rel}","templated":true}]}}