{"id":8905,"date":"2025-10-02T23:04:25","date_gmt":"2025-10-02T21:04:25","guid":{"rendered":"https:\/\/www.ngdcare.nl\/?post_type=product&#038;p=8905"},"modified":"2025-10-02T23:10:23","modified_gmt":"2025-10-02T21:10:23","slug":"gotas-coloidales-de-plata-para-ojos-y-oidos-gotas-de-plata-coloidal-kopie","status":"publish","type":"product","link":"https:\/\/www.ngdcare.nl\/es\/product\/human-health\/productos-coloidales\/gotas-coloidales-de-plata-para-ojos-y-oidos-gotas-de-plata-coloidal-kopie\/","title":{"rendered":"Gotas coloidales de plata para ojos y o\u00eddos \u2013 gotas de plata coloidal"},"content":{"rendered":"<p data-start=\"480\" data-end=\"776\"><strong data-start=\"483\" data-end=\"537\">Las gotas para ojos y o\u00eddos de plata coloidal de NGD Care<\/strong> contienen <strong data-start=\"547\" data-end=\"606\">plata coloidal pura en una concentraci\u00f3n de 10 PPM<\/strong>, disuelta en agua destilada purificada. Gracias al uso de part\u00edculas de nanoplata, estas gotas son especialmente adecuadas para zonas sensibles como los ojos y los o\u00eddos. <\/p>\n<p data-start=\"778\" data-end=\"1023\">Las gotas est\u00e1n desarrolladas para <strong data-start=\"811\" data-end=\"832\">uso externo<\/strong> y proporcionan un apoyo natural para la piel sensible y las membranas mucosas. La plata coloidal ayuda a mantener el microclima local y tiene un efecto purificador, sin aditivos irritantes. <\/p>\n<p data-start=\"1025\" data-end=\"1198\">El producto es <strong data-start=\"1040\" data-end=\"1100\">100% libre de alcohol, conservantes y fragancias<\/strong>, por lo que es seguro de usar en ni\u00f1os y personas con piel sensible o membranas mucosas.<\/p>\n<p data-start=\"1200\" data-end=\"1385\">La pr\u00e1ctica pipeta facilita la dosificaci\u00f3n exacta: unas gotas en el ojo, el o\u00eddo o en un \u00e1rea de la piel. El efecto es leve y localizado, sin efectos secundarios ni interacciones conocidas. <\/p>\n<p data-start=\"1387\" data-end=\"1404\"><strong data-start=\"1387\" data-end=\"1402\">Aplicaci\u00f3n:<\/strong><\/p>\n<ul data-start=\"1405\" data-end=\"1615\">\n<li data-start=\"1405\" data-end=\"1454\">\n<p data-start=\"1407\" data-end=\"1454\">Para el cuidado de ojos y o\u00eddos sensibles<\/p>\n<\/li>\n<li data-start=\"1455\" data-end=\"1510\">\n<p data-start=\"1457\" data-end=\"1510\">En caso de ligera irritaci\u00f3n o sequedad de las membranas mucosas<\/p>\n<\/li>\n<li data-start=\"1511\" data-end=\"1573\">\n<p data-start=\"1513\" data-end=\"1573\">Para apoyar las \u00e1reas de la piel que requieren atenci\u00f3n adicional<\/p>\n<\/li>\n<li data-start=\"1574\" data-end=\"1615\">\n<p data-start=\"1576\" data-end=\"1615\">Apto para adultos y ni\u00f1os<\/p>\n<\/li>\n<\/ul>\n","protected":false},"excerpt":{"rendered":"<p style=\"font-weight: 400;\">Gotas de plata coloidal pura (10 PPM) para el cuidado natural de ojos, o\u00eddos y piel. Suave, sin alcohol y adecuado para mucosas sensibles. <\/p>\n","protected":false},"featured_media":4742,"comment_status":"open","ping_status":"closed","template":"","meta":{"wds_primary_product_brand":0,"wds_primary_product_cat":0,"wds_primary_merken":0},"product_brand":[],"product_cat":[4736],"product_tag":[3394,3413,3414,1929,3409,3407,3395,1927,3411,3412],"merken":[],"class_list":{"0":"post-8905","1":"product","2":"type-product","3":"status-publish","4":"has-post-thumbnail","6":"product_cat-productos-coloidales","7":"product_tag-coloidal-es","8":"product_tag-cuidado-de-los-ojos","9":"product_tag-cuidado-del-oido","10":"product_tag-gato","11":"product_tag-infeccion","12":"product_tag-nano-plata","13":"product_tag-ngd-care-coloidal-es","14":"product_tag-perro","15":"product_tag-plata-coloidal","16":"product_tag-uso-externo","17":"infinite-scroll-item","18":"sales-flash-overlay","19":"woocommerce-text-align-center","20":"woocommerce-image-align-center","21":"do-quantity-buttons","23":"first","24":"instock","25":"taxable","26":"shipping-taxable","27":"purchasable","28":"product-type-simple"},"_links":{"self":[{"href":"https:\/\/www.ngdcare.nl\/es\/wp-json\/wp\/v2\/product\/8905","targetHints":{"allow":["GET"]}}],"collection":[{"href":"https:\/\/www.ngdcare.nl\/es\/wp-json\/wp\/v2\/product"}],"about":[{"href":"https:\/\/www.ngdcare.nl\/es\/wp-json\/wp\/v2\/types\/product"}],"replies":[{"embeddable":true,"href":"https:\/\/www.ngdcare.nl\/es\/wp-json\/wp\/v2\/comments?post=8905"}],"wp:featuredmedia":[{"embeddable":true,"href":"https:\/\/www.ngdcare.nl\/es\/wp-json\/wp\/v2\/media\/4742"}],"wp:attachment":[{"href":"https:\/\/www.ngdcare.nl\/es\/wp-json\/wp\/v2\/media?parent=8905"}],"wp:term":[{"taxonomy":"product_brand","embeddable":true,"href":"https:\/\/www.ngdcare.nl\/es\/wp-json\/wp\/v2\/product_brand?post=8905"},{"taxonomy":"product_cat","embeddable":true,"href":"https:\/\/www.ngdcare.nl\/es\/wp-json\/wp\/v2\/product_cat?post=8905"},{"taxonomy":"product_tag","embeddable":true,"href":"https:\/\/www.ngdcare.nl\/es\/wp-json\/wp\/v2\/product_tag?post=8905"},{"taxonomy":"merken","embeddable":true,"href":"https:\/\/www.ngdcare.nl\/es\/wp-json\/wp\/v2\/merken?post=8905"}],"curies":[{"name":"wp","href":"https:\/\/api.w.org\/{rel}","templated":true}]}}