{"id":8916,"date":"2025-10-02T23:10:24","date_gmt":"2025-10-02T21:10:24","guid":{"rendered":"https:\/\/www.ngdcare.nl\/?post_type=product&#038;p=8916"},"modified":"2025-10-02T23:20:01","modified_gmt":"2025-10-02T21:20:01","slug":"spray-de-plata-zinc-coloidal-spray-de-zinc-de-plata-coloidal-kopie","status":"publish","type":"product","link":"https:\/\/www.ngdcare.nl\/es\/product\/human-health\/productos-coloidales\/spray-de-plata-zinc-coloidal-spray-de-zinc-de-plata-coloidal-kopie\/","title":{"rendered":"Spray de plata-zinc coloidal \u2013 spray de zinc de plata coloidal"},"content":{"rendered":"<p data-start=\"436\" data-end=\"800\"><strong data-start=\"439\" data-end=\"484\">El spray de plata y zinc coloidal de NGD Care<\/strong> combina dos poderosos minerales en su forma m\u00e1s pura: <strong data-start=\"542\" data-end=\"572\">plata coloidal (10 PPM)<\/strong> y <strong data-start=\"576\" data-end=\"604\">zinc coloidal (15 PPM),<\/strong> disueltos en agua destilada purificada. Gracias al uso de nanopart\u00edculas, la plata y el zinc se distribuyen de manera \u00f3ptima y pueden contribuir de manera suave y efectiva a una superficie de piel saludable. <\/p>\n<p data-start=\"802\" data-end=\"1033\">Tanto la plata coloidal como el zinc coloidal se utilizan tradicionalmente para sostener la piel. Este spray est\u00e1 desarrollado para <strong data-start=\"935\" data-end=\"956\">uso externo<\/strong> y ofrece un cuidado natural para pieles sensibles o irritadas. <\/p>\n<p data-start=\"1035\" data-end=\"1219\">El spray no contiene alcohol, fragancias, conservantes ni aditivos sint\u00e9ticos. Esto hace que el producto sea adecuado para adultos y ni\u00f1os, incluso con pieles sensibles. <\/p>\n<p data-start=\"1221\" data-end=\"1420\">La pr\u00e1ctica botella de spray facilita el acceso a superficies de piel m\u00e1s grandes o lugares de dif\u00edcil acceso. Una adici\u00f3n segura y suave a una rutina de cuidado de la piel natural. <\/p>\n<p data-start=\"1422\" data-end=\"1439\"><strong data-start=\"1422\" data-end=\"1437\">Aplicaci\u00f3n:<\/strong><\/p>\n<ul data-start=\"1440\" data-end=\"1690\">\n<li data-start=\"1440\" data-end=\"1490\">\n<p data-start=\"1442\" data-end=\"1490\">Para enrojecimiento, irritaci\u00f3n o \u00e1reas sensibles de la piel<\/p>\n<\/li>\n<li data-start=\"1491\" data-end=\"1546\">\n<p data-start=\"1493\" data-end=\"1546\">Para apoyar la picaz\u00f3n o las molestias leves en la piel<\/p>\n<\/li>\n<li data-start=\"1547\" data-end=\"1605\">\n<p data-start=\"1549\" data-end=\"1605\">Para el cuidado de peque\u00f1as heridas o abrasiones<\/p>\n<\/li>\n<li data-start=\"1606\" data-end=\"1648\">\n<p data-start=\"1608\" data-end=\"1648\">Para uso diario, tambi\u00e9n de forma preventiva<\/p>\n<\/li>\n<li data-start=\"1649\" data-end=\"1690\">\n<p data-start=\"1651\" data-end=\"1690\">Apto para adultos y ni\u00f1os<\/p>\n<\/li>\n<\/ul>\n","protected":false},"excerpt":{"rendered":"<p data-start=\"252\" data-end=\"393\">Spray natural para la piel con plata coloidal (10 PPM) y zinc (15 PPM). Para el cuidado suave de las zonas de piel rojas, irritadas o sensibles. <\/p>\n","protected":false},"featured_media":4745,"comment_status":"open","ping_status":"closed","template":"","meta":{"wds_primary_product_brand":0,"wds_primary_product_cat":0,"wds_primary_merken":0},"product_brand":[],"product_cat":[4736],"product_tag":[3394,3455,3449,1929,3409,3450,3407,3453,3395,1927,3451,3448,3044,3454,3452],"merken":[],"class_list":{"0":"post-8916","1":"product","2":"type-product","3":"status-publish","4":"has-post-thumbnail","6":"product_cat-productos-coloidales","7":"product_tag-coloidal-es","8":"product_tag-cuidado-de-heridas","9":"product_tag-eccema","10":"product_tag-gato","11":"product_tag-infeccion","12":"product_tag-irritacion-de-la-piel","13":"product_tag-nano-plata","14":"product_tag-nano-zinc-es","15":"product_tag-ngd-care-coloidal-es","16":"product_tag-perro","17":"product_tag-plata","18":"product_tag-punto-caliente","19":"product_tag-reparacion-de-la-piel","20":"product_tag-rociar","21":"product_tag-zinc-es","22":"infinite-scroll-item","23":"sales-flash-overlay","24":"woocommerce-text-align-center","25":"woocommerce-image-align-center","26":"do-quantity-buttons","28":"first","29":"instock","30":"taxable","31":"shipping-taxable","32":"purchasable","33":"product-type-simple"},"_links":{"self":[{"href":"https:\/\/www.ngdcare.nl\/es\/wp-json\/wp\/v2\/product\/8916","targetHints":{"allow":["GET"]}}],"collection":[{"href":"https:\/\/www.ngdcare.nl\/es\/wp-json\/wp\/v2\/product"}],"about":[{"href":"https:\/\/www.ngdcare.nl\/es\/wp-json\/wp\/v2\/types\/product"}],"replies":[{"embeddable":true,"href":"https:\/\/www.ngdcare.nl\/es\/wp-json\/wp\/v2\/comments?post=8916"}],"wp:featuredmedia":[{"embeddable":true,"href":"https:\/\/www.ngdcare.nl\/es\/wp-json\/wp\/v2\/media\/4745"}],"wp:attachment":[{"href":"https:\/\/www.ngdcare.nl\/es\/wp-json\/wp\/v2\/media?parent=8916"}],"wp:term":[{"taxonomy":"product_brand","embeddable":true,"href":"https:\/\/www.ngdcare.nl\/es\/wp-json\/wp\/v2\/product_brand?post=8916"},{"taxonomy":"product_cat","embeddable":true,"href":"https:\/\/www.ngdcare.nl\/es\/wp-json\/wp\/v2\/product_cat?post=8916"},{"taxonomy":"product_tag","embeddable":true,"href":"https:\/\/www.ngdcare.nl\/es\/wp-json\/wp\/v2\/product_tag?post=8916"},{"taxonomy":"merken","embeddable":true,"href":"https:\/\/www.ngdcare.nl\/es\/wp-json\/wp\/v2\/merken?post=8916"}],"curies":[{"name":"wp","href":"https:\/\/api.w.org\/{rel}","templated":true}]}}