{"id":8927,"date":"2025-10-02T23:20:37","date_gmt":"2025-10-02T21:20:37","guid":{"rendered":"https:\/\/www.ngdcare.nl\/?post_type=product&#038;p=8927"},"modified":"2025-12-11T18:02:47","modified_gmt":"2025-12-11T17:02:47","slug":"plata-coloidal-kopie","status":"publish","type":"product","link":"https:\/\/www.ngdcare.nl\/es\/product\/human-health\/productos-coloidales\/plata-coloidal-kopie\/","title":{"rendered":"Plata coloidal"},"content":{"rendered":"<p data-start=\"517\" data-end=\"798\"><strong data-start=\"517\" data-end=\"558\">NGD Care \u2013 Colloidal Silver (10 PPM)<\/strong> es una soluci\u00f3n pura de plata coloidal, preparada con part\u00edculas de plata ultrapeque\u00f1as de un promedio de 0,65 nan\u00f3metros. Esta nanoestructura \u00fanica garantiza una alta biodisponibilidad y hace que el producto sea suave y eficaz de usar. <\/p>\n<p data-start=\"800\" data-end=\"1049\">La plata coloidal se usa tradicionalmente para apoyar la resistencia natural y se puede usar tanto interna como externamente. Puede ayudar con el cuidado de la piel y las membranas mucosas, y contribuye a un microclima limpio. <\/p>\n<p data-start=\"1051\" data-end=\"1331\">A diferencia de los iones de plata, este producto contiene solo nanopart\u00edculas estables. Esto asegura un tono \u00e1mbar brillante y una calidad confiable. El producto contiene solo <strong data-start=\"1244\" data-end=\"1273\">plata y agua purificada<\/strong> , sin conservantes, alcohol ni fragancias.  <\/p>\n<p data-start=\"1333\" data-end=\"1350\"><strong data-start=\"1333\" data-end=\"1348\">Aplicaci\u00f3n:<\/strong><\/p>\n<ul>\n<li data-start=\"1353\" data-end=\"1418\">Solo para uso externo<\/li>\n<li data-start=\"1421\" data-end=\"1469\">Externamente para el cuidado de la piel o heridas menores<\/li>\n<li data-start=\"1472\" data-end=\"1530\">Para cuidar las membranas mucosas como la nariz, los ojos o los o\u00eddos<\/li>\n<li data-start=\"1533\" data-end=\"1585\">Para uso diario en adultos y ni\u00f1os<\/li>\n<\/ul>\n","protected":false},"excerpt":{"rendered":"<p style=\"font-weight: 400;\">Plata coloidal pura (10 PPM) con nanopart\u00edculas ultrapeque\u00f1as. Para uso externo como soporte natural. <\/p>\n","protected":false},"featured_media":11077,"comment_status":"open","ping_status":"closed","template":"","meta":{"wds_primary_product_brand":0,"wds_primary_product_cat":0,"wds_primary_merken":0},"product_brand":[],"product_cat":[4736],"product_tag":[3942,3409,3045,3407,3395,3411,3943],"merken":[2756],"class_list":{"0":"post-8927","1":"product","2":"type-product","3":"status-publish","4":"has-post-thumbnail","6":"product_cat-productos-coloidales","7":"product_tag-antibacteriano-es","8":"product_tag-infeccion","9":"product_tag-inflamacion","10":"product_tag-nano-plata","11":"product_tag-ngd-care-coloidal-es","12":"product_tag-plata-coloidal","13":"product_tag-uso-interno-es","14":"merken-ngdcare","15":"infinite-scroll-item","16":"sales-flash-overlay","17":"woocommerce-text-align-center","18":"woocommerce-image-align-center","19":"do-quantity-buttons","21":"first","22":"instock","23":"taxable","24":"shipping-taxable","25":"purchasable","26":"product-type-variable"},"_links":{"self":[{"href":"https:\/\/www.ngdcare.nl\/es\/wp-json\/wp\/v2\/product\/8927","targetHints":{"allow":["GET"]}}],"collection":[{"href":"https:\/\/www.ngdcare.nl\/es\/wp-json\/wp\/v2\/product"}],"about":[{"href":"https:\/\/www.ngdcare.nl\/es\/wp-json\/wp\/v2\/types\/product"}],"replies":[{"embeddable":true,"href":"https:\/\/www.ngdcare.nl\/es\/wp-json\/wp\/v2\/comments?post=8927"}],"wp:featuredmedia":[{"embeddable":true,"href":"https:\/\/www.ngdcare.nl\/es\/wp-json\/wp\/v2\/media\/11077"}],"wp:attachment":[{"href":"https:\/\/www.ngdcare.nl\/es\/wp-json\/wp\/v2\/media?parent=8927"}],"wp:term":[{"taxonomy":"product_brand","embeddable":true,"href":"https:\/\/www.ngdcare.nl\/es\/wp-json\/wp\/v2\/product_brand?post=8927"},{"taxonomy":"product_cat","embeddable":true,"href":"https:\/\/www.ngdcare.nl\/es\/wp-json\/wp\/v2\/product_cat?post=8927"},{"taxonomy":"product_tag","embeddable":true,"href":"https:\/\/www.ngdcare.nl\/es\/wp-json\/wp\/v2\/product_tag?post=8927"},{"taxonomy":"merken","embeddable":true,"href":"https:\/\/www.ngdcare.nl\/es\/wp-json\/wp\/v2\/merken?post=8927"}],"curies":[{"name":"wp","href":"https:\/\/api.w.org\/{rel}","templated":true}]}}