{"id":8948,"date":"2025-10-02T23:29:27","date_gmt":"2025-10-02T21:29:27","guid":{"rendered":"https:\/\/www.ngdcare.nl\/?post_type=product&#038;p=8948"},"modified":"2025-11-18T11:44:41","modified_gmt":"2025-11-18T10:44:41","slug":"unguento-de-ozono-ozoncare-kopie","status":"publish","type":"product","link":"https:\/\/www.ngdcare.nl\/es\/product\/human-health\/productos-de-ozono\/unguento-de-ozono-ozoncare-kopie\/","title":{"rendered":"Ung\u00fcento de ozono \u2013 OzonCare"},"content":{"rendered":"<p data-start=\"434\" data-end=\"769\"><strong data-start=\"434\" data-end=\"468\">NGD Care \u2013 Ozone Ointment (OzonCare)<\/strong> es un poderoso ung\u00fcento natural para la piel a base de aceite de oliva virgen extra org\u00e1nico ozonizado. El aceite se enriquece con gas ozono (O\u2083) de forma controlada durante 36 horas. Esto satura el aceite con compuestos de ozono estables, que liberan lentamente ozono al contacto con la piel.  <\/p>\n<p data-start=\"771\" data-end=\"1051\">Esta pomada \u00fanica combina las propiedades nutritivas del aceite de oliva ecol\u00f3gico, rico en antioxidantes y \u00e1cidos grasos esenciales, con el poder del ozono. La pomada forma una capa protectora sobre la piel, apoya la circulaci\u00f3n sangu\u00ednea natural y contribuye a la recuperaci\u00f3n y el equilibrio. <\/p>\n<p data-start=\"1053\" data-end=\"1214\">Gracias a su acci\u00f3n suave pero potente, la pomada de ozono es adecuada para el uso diario en adultos y ni\u00f1os, y se puede utilizar para diversas necesidades de la piel.<\/p>\n<p data-start=\"1216\" data-end=\"1233\"><strong data-start=\"1216\" data-end=\"1231\">Aplicaci\u00f3n:<\/strong><\/p>\n<ul>\n<li data-start=\"1236\" data-end=\"1276\">Para zonas de piel seca, sensible o \u00e1spera<\/li>\n<li data-start=\"1279\" data-end=\"1333\">Para el cuidado de heridas menores e irritaciones de la piel<\/li>\n<li data-start=\"1336\" data-end=\"1391\">Para pieles que necesitan nutrici\u00f3n y protecci\u00f3n adicionales<\/li>\n<li data-start=\"1394\" data-end=\"1452\">Apto para uso diario, tambi\u00e9n para pieles sensibles<\/li>\n<\/ul>\n","protected":false},"excerpt":{"rendered":"<p style=\"font-weight: 400;\">Pomada natural con aceite de oliva ecol\u00f3gico ozonizado. Apoya la recuperaci\u00f3n de la piel, suaviza y protege. <\/p>\n","protected":false},"featured_media":10758,"comment_status":"open","ping_status":"closed","template":"","meta":{"wds_primary_product_brand":0,"wds_primary_product_cat":15,"wds_primary_merken":0},"product_brand":[],"product_cat":[4718],"product_tag":[4324,4322,4319,3942,4320,2334,3449,4329,4326,4327,3450,4330,3448,4328,4321],"merken":[2756],"class_list":{"0":"post-8948","1":"product","2":"type-product","3":"status-publish","4":"has-post-thumbnail","6":"product_cat-productos-de-ozono","7":"product_tag-aceite-de-girasol-ozonizado","8":"product_tag-aceite-de-oliva-ozonizado","9":"product_tag-anti-levadura","10":"product_tag-antibacteriano-es","11":"product_tag-antifungico","12":"product_tag-antiinflamatorio","13":"product_tag-eccema","14":"product_tag-inflamacion-entre-los-dedos-de-los-pies","15":"product_tag-ip-400-es","16":"product_tag-ip1200-es","17":"product_tag-irritacion-de-la-piel","18":"product_tag-ozono-ngd-care","19":"product_tag-punto-caliente","20":"product_tag-reparador-de-la-piel","21":"product_tag-unguento-de-ozono","22":"merken-ngdcare","23":"infinite-scroll-item","24":"sales-flash-overlay","25":"woocommerce-text-align-center","26":"woocommerce-image-align-center","27":"do-quantity-buttons","29":"first","30":"instock","31":"taxable","32":"shipping-taxable","33":"purchasable","34":"product-type-variable"},"_links":{"self":[{"href":"https:\/\/www.ngdcare.nl\/es\/wp-json\/wp\/v2\/product\/8948","targetHints":{"allow":["GET"]}}],"collection":[{"href":"https:\/\/www.ngdcare.nl\/es\/wp-json\/wp\/v2\/product"}],"about":[{"href":"https:\/\/www.ngdcare.nl\/es\/wp-json\/wp\/v2\/types\/product"}],"replies":[{"embeddable":true,"href":"https:\/\/www.ngdcare.nl\/es\/wp-json\/wp\/v2\/comments?post=8948"}],"wp:featuredmedia":[{"embeddable":true,"href":"https:\/\/www.ngdcare.nl\/es\/wp-json\/wp\/v2\/media\/10758"}],"wp:attachment":[{"href":"https:\/\/www.ngdcare.nl\/es\/wp-json\/wp\/v2\/media?parent=8948"}],"wp:term":[{"taxonomy":"product_brand","embeddable":true,"href":"https:\/\/www.ngdcare.nl\/es\/wp-json\/wp\/v2\/product_brand?post=8948"},{"taxonomy":"product_cat","embeddable":true,"href":"https:\/\/www.ngdcare.nl\/es\/wp-json\/wp\/v2\/product_cat?post=8948"},{"taxonomy":"product_tag","embeddable":true,"href":"https:\/\/www.ngdcare.nl\/es\/wp-json\/wp\/v2\/product_tag?post=8948"},{"taxonomy":"merken","embeddable":true,"href":"https:\/\/www.ngdcare.nl\/es\/wp-json\/wp\/v2\/merken?post=8948"}],"curies":[{"name":"wp","href":"https:\/\/api.w.org\/{rel}","templated":true}]}}