{"id":9028,"date":"2025-10-03T21:52:10","date_gmt":"2025-10-03T19:52:10","guid":{"rendered":"https:\/\/www.ngdcare.nl\/?post_type=product&#038;p=9028"},"modified":"2025-10-03T21:59:42","modified_gmt":"2025-10-03T19:59:42","slug":"te-de-primavera-desintoxicacion-y-vitalidad-kopie","status":"publish","type":"product","link":"https:\/\/www.ngdcare.nl\/es\/product\/superalimentos-y-te\/te-es-2\/te-de-primavera-desintoxicacion-y-vitalidad-kopie\/","title":{"rendered":"T\u00e9 de primavera \u2013 Desintoxicaci\u00f3n y vitalidad"},"content":{"rendered":"<p data-start=\"443\" data-end=\"816\">El <strong data-start=\"446\" data-end=\"487\">NGD Care Spring Tea \u2013 Detox &amp; Vitality<\/strong> es un t\u00e9 de hierbas suave y fresco que combina perfectamente con la energ\u00eda de la primavera. <strong data-start=\"571\" data-end=\"607\">La ortiga y la ra\u00edz de diente de le\u00f3n<\/strong> apoyan los procesos naturales de limpieza y forman una base mineralizante. <strong data-start=\"693\" data-end=\"711\">La flor de manzanilla<\/strong> proporciona suavidad y calma, mientras que <strong data-start=\"752\" data-end=\"774\">la hoja de b\u00e1lsamo de lim\u00f3n<\/strong> agrega una nota fresca y relajante.<\/p>\n<p data-start=\"818\" data-end=\"1125\">La mezcla est\u00e1 inspirada en el <strong data-start=\"850\" data-end=\"912\">elemento de madera de la Medicina Tradicional China (MTC),<\/strong> en la que el h\u00edgado y la ves\u00edcula biliar son centrales. La primavera tiene que ver con el flujo, la desintoxicaci\u00f3n y un nuevo comienzo. Por lo tanto, este t\u00e9 es ideal como apoyo diario para el cuerpo y la mente durante la primavera.  <\/p>\n<p data-start=\"1127\" data-end=\"1160\"><strong data-start=\"1127\" data-end=\"1158\">Propiedades de la mezcla:<\/strong><\/p>\n<ul>\n<li data-start=\"1163\" data-end=\"1235\"><strong data-start=\"1163\" data-end=\"1186\">Mezcla detox fresca:<\/strong> apoya los procesos naturales de limpieza<\/li>\n<li data-start=\"1238\" data-end=\"1294\"><strong data-start=\"1238\" data-end=\"1254\">Sabor suave:<\/strong> fresco y especiado con un subtono suave<\/li>\n<li data-start=\"1297\" data-end=\"1362\"><strong data-start=\"1297\" data-end=\"1318\">Energ\u00eda primaveral:<\/strong> ayuda al cuerpo y la mente a equilibrarse<\/li>\n<li data-start=\"1365\" data-end=\"1431\"><strong data-start=\"1365\" data-end=\"1392\">Momento diario de disfrute:<\/strong> puro, 100% natural y descafeinado<\/li>\n<li data-start=\"1434\" data-end=\"1500\"><strong data-start=\"1434\" data-end=\"1460\">Visualmente atractivo:<\/strong> tonos verde claro y amarillo en el titular<\/li>\n<\/ul>\n<p data-start=\"1502\" data-end=\"1621\">El t\u00e9 de primavera viene en una <strong data-start=\"1537\" data-end=\"1583\">bolsa con cierre herm\u00e9tico de 50 gramos de hierbas sueltas<\/strong>, buena para unas 25-30 tazas de t\u00e9.<\/p>\n","protected":false},"excerpt":{"rendered":"<p class=\"p1\">T\u00e9 de hierbas fresco con ortiga, ra\u00edz de diente de le\u00f3n y b\u00e1lsamo de lim\u00f3n. Apoya el equilibrio y la vitalidad durante la primavera. <\/p>\n","protected":false},"featured_media":17659,"comment_status":"open","ping_status":"closed","template":"","meta":[],"product_brand":[],"product_cat":[4762],"product_tag":[1866,2669,2664,2666,2671,2670,2663,2668,2496,2665,2667],"merken":[],"class_list":{"0":"post-9028","1":"product","2":"type-product","3":"status-publish","4":"has-post-thumbnail","6":"product_cat-te-es-2","7":"product_tag-desintoxicacion","8":"product_tag-diente-de-leon","9":"product_tag-digestion-es","10":"product_tag-enriquecimiento-de-ngd-care","11":"product_tag-estacion","12":"product_tag-manzanilla","13":"product_tag-melisa","14":"product_tag-ortiga","15":"product_tag-reposo","16":"product_tag-te-es","17":"product_tag-te-de-primavera","18":"infinite-scroll-item","19":"sales-flash-overlay","20":"woocommerce-text-align-center","21":"woocommerce-image-align-center","22":"do-quantity-buttons","24":"first","25":"instock","26":"taxable","27":"shipping-taxable","28":"purchasable","29":"product-type-simple"},"_links":{"self":[{"href":"https:\/\/www.ngdcare.nl\/es\/wp-json\/wp\/v2\/product\/9028","targetHints":{"allow":["GET"]}}],"collection":[{"href":"https:\/\/www.ngdcare.nl\/es\/wp-json\/wp\/v2\/product"}],"about":[{"href":"https:\/\/www.ngdcare.nl\/es\/wp-json\/wp\/v2\/types\/product"}],"replies":[{"embeddable":true,"href":"https:\/\/www.ngdcare.nl\/es\/wp-json\/wp\/v2\/comments?post=9028"}],"wp:featuredmedia":[{"embeddable":true,"href":"https:\/\/www.ngdcare.nl\/es\/wp-json\/wp\/v2\/media\/17659"}],"wp:attachment":[{"href":"https:\/\/www.ngdcare.nl\/es\/wp-json\/wp\/v2\/media?parent=9028"}],"wp:term":[{"taxonomy":"product_brand","embeddable":true,"href":"https:\/\/www.ngdcare.nl\/es\/wp-json\/wp\/v2\/product_brand?post=9028"},{"taxonomy":"product_cat","embeddable":true,"href":"https:\/\/www.ngdcare.nl\/es\/wp-json\/wp\/v2\/product_cat?post=9028"},{"taxonomy":"product_tag","embeddable":true,"href":"https:\/\/www.ngdcare.nl\/es\/wp-json\/wp\/v2\/product_tag?post=9028"},{"taxonomy":"merken","embeddable":true,"href":"https:\/\/www.ngdcare.nl\/es\/wp-json\/wp\/v2\/merken?post=9028"}],"curies":[{"name":"wp","href":"https:\/\/api.w.org\/{rel}","templated":true}]}}