{"id":9050,"date":"2025-10-04T14:22:29","date_gmt":"2025-10-04T12:22:29","guid":{"rendered":"https:\/\/www.ngdcare.nl\/?post_type=product&#038;p=9050"},"modified":"2025-10-04T15:57:13","modified_gmt":"2025-10-04T13:57:13","slug":"brecol-kopie","status":"publish","type":"product","link":"https:\/\/www.ngdcare.nl\/es\/product\/human-health\/superalimentos-y-te\/superalimentos\/brecol-kopie\/","title":{"rendered":"Br\u00e9col"},"content":{"rendered":"<p data-start=\"590\" data-end=\"898\"><strong data-start=\"590\" data-end=\"619\">NGD Care \u2013 El br\u00f3coli en polvo<\/strong> es una poderosa fortificaci\u00f3n totalmente natural a base de br\u00f3coli org\u00e1nico. El polvo est\u00e1 hecho de <strong data-start=\"734\" data-end=\"805\">todas las partes comestibles de la planta (floretes, hojas y tallos delgados<\/strong> ) para preservar todo su valor nutricional y su amplio espectro de compuestos bioactivos. <\/p>\n<p data-start=\"900\" data-end=\"1282\">El br\u00f3coli es rico en <strong data-start=\"921\" data-end=\"979\">fibra, betacaroteno, vitaminas C, K y B9 (\u00e1cido f\u00f3lico)<\/strong> y <strong data-start=\"995\" data-end=\"1008\">minerales<\/strong> importantes como calcio, potasio y magnesio. Adem\u00e1s, contiene naturalmente <strong data-start=\"1076\" data-end=\"1094\">glucosinolatos<\/strong>, incluido el <strong data-start=\"1106\" data-end=\"1121\">sulforafano<\/strong> , un compuesto bioactivo que ha sido estudiado cient\u00edficamente por su papel en el apoyo a las defensas celulares y el proceso natural de desintoxicaci\u00f3n. <\/p>\n<p data-start=\"1284\" data-end=\"1504\">Con su suave sabor verde, este polvo es perfecto como complemento diario de una dieta saludable. \u00daselo en batidos, jugos, sopas o platos salados para obtener un valor nutricional adicional y un toque sutil de verduras. <\/p>\n<p data-start=\"1506\" data-end=\"1526\"><strong data-start=\"1506\" data-end=\"1524\">Propiedades:<\/strong><\/p>\n<ul>\n<li data-start=\"1529\" data-end=\"1581\">100% org\u00e1nico, sin aditivos ni rellenos<\/li>\n<li data-start=\"1584\" data-end=\"1632\">Rico en vitaminas, minerales y antioxidantes<\/li>\n<li data-start=\"1635\" data-end=\"1689\">Contiene glucosinolatos naturales (como el sulforafano)<\/li>\n<li data-start=\"1692\" data-end=\"1734\">De sabor suave y f\u00e1cil de usar<\/li>\n<li data-start=\"1737\" data-end=\"1778\">Apto para vegetarianos y veganos<\/li>\n<\/ul>\n","protected":false},"excerpt":{"rendered":"<p class=\"p1\">Br\u00f3coli org\u00e1nico en polvo de plantas enteras (floretes, hojas y tallos). Rico en vitaminas, minerales y glucosinolatos naturales como el sulforafano. <\/p>\n","protected":false},"featured_media":11239,"comment_status":"open","ping_status":"closed","template":"","meta":{"wds_primary_product_brand":0,"wds_primary_product_cat":188,"wds_primary_merken":0},"product_brand":[],"product_cat":[4768],"product_tag":[],"merken":[],"class_list":{"0":"post-9050","1":"product","2":"type-product","3":"status-publish","4":"has-post-thumbnail","6":"product_cat-superalimentos","7":"infinite-scroll-item","8":"sales-flash-overlay","9":"woocommerce-text-align-center","10":"woocommerce-image-align-center","11":"do-quantity-buttons","13":"first","14":"instock","15":"taxable","16":"shipping-taxable","17":"purchasable","18":"product-type-simple"},"_links":{"self":[{"href":"https:\/\/www.ngdcare.nl\/es\/wp-json\/wp\/v2\/product\/9050","targetHints":{"allow":["GET"]}}],"collection":[{"href":"https:\/\/www.ngdcare.nl\/es\/wp-json\/wp\/v2\/product"}],"about":[{"href":"https:\/\/www.ngdcare.nl\/es\/wp-json\/wp\/v2\/types\/product"}],"replies":[{"embeddable":true,"href":"https:\/\/www.ngdcare.nl\/es\/wp-json\/wp\/v2\/comments?post=9050"}],"wp:featuredmedia":[{"embeddable":true,"href":"https:\/\/www.ngdcare.nl\/es\/wp-json\/wp\/v2\/media\/11239"}],"wp:attachment":[{"href":"https:\/\/www.ngdcare.nl\/es\/wp-json\/wp\/v2\/media?parent=9050"}],"wp:term":[{"taxonomy":"product_brand","embeddable":true,"href":"https:\/\/www.ngdcare.nl\/es\/wp-json\/wp\/v2\/product_brand?post=9050"},{"taxonomy":"product_cat","embeddable":true,"href":"https:\/\/www.ngdcare.nl\/es\/wp-json\/wp\/v2\/product_cat?post=9050"},{"taxonomy":"product_tag","embeddable":true,"href":"https:\/\/www.ngdcare.nl\/es\/wp-json\/wp\/v2\/product_tag?post=9050"},{"taxonomy":"merken","embeddable":true,"href":"https:\/\/www.ngdcare.nl\/es\/wp-json\/wp\/v2\/merken?post=9050"}],"curies":[{"name":"wp","href":"https:\/\/api.w.org\/{rel}","templated":true}]}}