{"id":9119,"date":"2025-10-11T12:48:19","date_gmt":"2025-10-11T10:48:19","guid":{"rendered":"https:\/\/www.ngdcare.nl\/product\/sin%20categor\u00eda\/juguetes-ecologicos-para-perros-gw-olive-the-octopus\/"},"modified":"2025-10-30T15:20:39","modified_gmt":"2025-10-30T14:20:39","slug":"juguetes-ecologicos-para-perros-gw-olive-the-octopus","status":"publish","type":"product","link":"https:\/\/www.ngdcare.nl\/es\/product\/tienda-de-mascotas\/perro\/enriquecimiento-y-diversion\/juguetes-sostenibles\/juguetes-ecologicos-para-perros-gw-olive-the-octopus\/","title":{"rendered":"Aceituna verde y salvaje el pulpo"},"content":{"rendered":"<p data-start=\"0\" data-end=\"239\"><strong data-start=\"0\" data-end=\"33\">Green &amp; Wilds (G&amp;W) ECO DOG TOYS \u2013 Olive the Octopus<\/strong> es un juguete para perros sostenible y juguet\u00f3n, fabricado con materiales naturales, renovables y reciclables. Es seguro, ecol\u00f3gico y est\u00e1 dise\u00f1ado para proporcionar diversi\u00f3n sin fin entre usted y su perro. <\/p>\n<p data-start=\"241\" data-end=\"405\">Olive contiene una botella arrugada reciclada para un sonido extra y diversi\u00f3n. Esto se puede reemplazar con bocadillos para hacer que el juguete sea a\u00fan m\u00e1s atractivo.<\/p>\n<p data-start=\"407\" data-end=\"685\">El juguete est\u00e1 hecho de fibras de yute sostenibles, una fibra vegetal natural, y cubierto con gamuza suave. Es resistente, seguro y libre de sustancias nocivas o productos qu\u00edmicos. La gamuza es un subproducto de la industria del cuero, por lo que no se pierde material.<\/p>\n<p data-start=\"687\" data-end=\"719\"><strong data-start=\"687\" data-end=\"702\">Dimensiones:<\/strong> 40 \u00d7 13 \u00d7 5 cm<\/p>\n<p data-start=\"721\" data-end=\"738\"><strong data-start=\"721\" data-end=\"736\">Importante:<\/strong><\/p>\n<ul data-start=\"739\" data-end=\"1012\">\n<li data-start=\"739\" data-end=\"793\">\n<p data-start=\"741\" data-end=\"793\">Solo pensado como un juguete, no como alimento.<\/p>\n<\/li>\n<li data-start=\"794\" data-end=\"844\">\n<p data-start=\"796\" data-end=\"844\">Siempre deje que su perro juegue bajo supervisi\u00f3n.<\/p>\n<\/li>\n<li data-start=\"845\" data-end=\"933\">\n<p data-start=\"847\" data-end=\"933\">Retire el juguete si su perro intenta morder o tragar pedazos.<\/p>\n<\/li>\n<li data-start=\"934\" data-end=\"968\">\n<p data-start=\"936\" data-end=\"968\">No apto para lavar a m\u00e1quina.<\/p>\n<\/li>\n<li data-start=\"969\" data-end=\"1012\">\n<p data-start=\"971\" data-end=\"1012\">Ning\u00fan juguete es indestructible.<\/p>\n<\/li>\n<\/ul>\n","protected":false},"excerpt":{"rendered":"<p><strong>Olive the Octopus<\/strong> es un juguete para perros resistente y duradero hecho de yute y gamuza, con una botella arrugada reciclada para mayor diversi\u00f3n. Respetuoso con el medio ambiente, seguro e irresistiblemente divertido para todos los perros. <\/p>\n","protected":false},"featured_media":9352,"comment_status":"open","ping_status":"closed","template":"","meta":[],"product_brand":[],"product_cat":[4821,5056],"product_tag":[4866,4991,4992,4995,4994,4993,4858,4860],"merken":[],"class_list":{"0":"post-9119","1":"product","2":"type-product","3":"status-publish","4":"has-post-thumbnail","6":"product_cat-juguetes-sostenibles","7":"product_cat-perro","8":"product_tag-ecologico","9":"product_tag-juguete-ecologico-para-perros","10":"product_tag-juguetes-de-pulpo","11":"product_tag-juguetes-sostenibles-para-perros","12":"product_tag-material-reciclado","13":"product_tag-perro-de-juguete-de-yute","14":"product_tag-sin-plastico","15":"product_tag-verde-y-salvaje","16":"infinite-scroll-item","17":"sales-flash-overlay","18":"woocommerce-text-align-center","19":"woocommerce-image-align-center","20":"do-quantity-buttons","22":"first","23":"instock","24":"sold-individually","25":"taxable","26":"shipping-taxable","27":"purchasable","28":"product-type-simple"},"_links":{"self":[{"href":"https:\/\/www.ngdcare.nl\/es\/wp-json\/wp\/v2\/product\/9119","targetHints":{"allow":["GET"]}}],"collection":[{"href":"https:\/\/www.ngdcare.nl\/es\/wp-json\/wp\/v2\/product"}],"about":[{"href":"https:\/\/www.ngdcare.nl\/es\/wp-json\/wp\/v2\/types\/product"}],"replies":[{"embeddable":true,"href":"https:\/\/www.ngdcare.nl\/es\/wp-json\/wp\/v2\/comments?post=9119"}],"wp:featuredmedia":[{"embeddable":true,"href":"https:\/\/www.ngdcare.nl\/es\/wp-json\/wp\/v2\/media\/9352"}],"wp:attachment":[{"href":"https:\/\/www.ngdcare.nl\/es\/wp-json\/wp\/v2\/media?parent=9119"}],"wp:term":[{"taxonomy":"product_brand","embeddable":true,"href":"https:\/\/www.ngdcare.nl\/es\/wp-json\/wp\/v2\/product_brand?post=9119"},{"taxonomy":"product_cat","embeddable":true,"href":"https:\/\/www.ngdcare.nl\/es\/wp-json\/wp\/v2\/product_cat?post=9119"},{"taxonomy":"product_tag","embeddable":true,"href":"https:\/\/www.ngdcare.nl\/es\/wp-json\/wp\/v2\/product_tag?post=9119"},{"taxonomy":"merken","embeddable":true,"href":"https:\/\/www.ngdcare.nl\/es\/wp-json\/wp\/v2\/merken?post=9119"}],"curies":[{"name":"wp","href":"https:\/\/api.w.org\/{rel}","templated":true}]}}