{"id":9473,"date":"2025-11-01T15:10:50","date_gmt":"2025-11-01T14:10:50","guid":{"rendered":"https:\/\/www.ngdcare.nl\/product\/sin%20categor\u00eda\/green-wilds-carol-el-arbol-de-navidad\/"},"modified":"2025-11-04T15:33:32","modified_gmt":"2025-11-04T14:33:32","slug":"green-wilds-carol-el-arbol-de-navidad","status":"publish","type":"product","link":"https:\/\/www.ngdcare.nl\/es\/product\/tienda-de-mascotas\/perro\/enriquecimiento-y-diversion\/juguetes-sostenibles\/green-wilds-carol-el-arbol-de-navidad\/","title":{"rendered":"Green &amp; Wilds Carol el \u00e1rbol de Navidad"},"content":{"rendered":"<p data-start=\"0\" data-end=\"58\"><strong data-start=\"0\" data-end=\"56\">Juguete ecol\u00f3gico para perros Green &amp; Wilds \u2013 Carol the Christmas Tree<\/strong><\/p>\n<p data-start=\"60\" data-end=\"106\">\u00a1Sorprende a tu perro con Carol the Christmas Tree!<\/p>\n<p data-start=\"108\" data-end=\"430\">Este juguete festivo y extra grande tiene una sonrisa alegre y est\u00e1 decorado con 9 peque\u00f1os juguetes ecol\u00f3gicos de G&amp;W como decoraci\u00f3n navide\u00f1a, todos galardonados con Stanley the Starfish como la estrella del espect\u00e1culo. Carol est\u00e1 hecho de fibras de yute natural y gamuza duradera, con un mango de cuerda de yute trenzado para mayor diversi\u00f3n. <\/p>\n<p data-start=\"432\" data-end=\"609\">La gamuza es un subproducto, por lo que no se pierde ning\u00fan material, y el yute es 100% biodegradable, una opci\u00f3n sostenible que te har\u00e1 felices tanto a ti como a tu perro.<\/p>\n<p data-start=\"611\" data-end=\"818\">Carol the Christmas Tree es fuerte, seguro y se produce sin sustancias nocivas ni productos qu\u00edmicos liberados durante la masticaci\u00f3n. De esta manera, su perro puede jugar y disfrutar de horas de juego sin preocupaciones durante las vacaciones. <\/p>\n<p data-start=\"820\" data-end=\"879\"><strong data-start=\"820\" data-end=\"835\">Dimensiones:<\/strong> 67 \u00d7 34 cm (incluido el mango y los pies)<\/p>\n<p data-start=\"881\" data-end=\"910\"><strong data-start=\"881\" data-end=\"908\">Importante saber:<\/strong><\/p>\n<ul data-start=\"911\" data-end=\"1169\" data-is-last-node=\"\" data-is-only-node=\"\">\n<li data-start=\"911\" data-end=\"960\">\n<p data-start=\"913\" data-end=\"960\">Solo pensado como juguete, no como comida<\/p>\n<\/li>\n<li data-start=\"961\" data-end=\"1006\">\n<p data-start=\"963\" data-end=\"1006\">Deja siempre que tu perro juegue bajo supervisi\u00f3n<\/p>\n<\/li>\n<li data-start=\"1007\" data-end=\"1094\">\n<p data-start=\"1009\" data-end=\"1094\">Retire el juguete si su perro intenta morder o tragar pedazos<\/p>\n<\/li>\n<li data-start=\"1095\" data-end=\"1128\">\n<p data-start=\"1097\" data-end=\"1128\">No apto para lavar a m\u00e1quina<\/p>\n<\/li>\n<li data-start=\"1129\" data-end=\"1169\" data-is-last-node=\"\">\n<p data-start=\"1131\" data-end=\"1169\" data-is-last-node=\"\">Ning\u00fan juguete es indestructible<\/p>\n<\/li>\n<\/ul>\n","protected":false},"excerpt":{"rendered":"<p><strong>\u00a1Carol the Christmas Tree<\/strong> es el juguete festivo perfecto para tu perro! Este gran y alegre \u00e1rbol de Navidad hecho de gamuza y yute proporciona horas de diversi\u00f3n. Es una adici\u00f3n duradera y alegre a cualquier canasta de juego.  <\/p>\n","protected":false},"featured_media":9476,"comment_status":"open","ping_status":"closed","template":"","meta":[],"product_brand":[],"product_cat":[4821,5056,5063],"product_tag":[],"merken":[],"class_list":{"0":"post-9473","1":"product","2":"type-product","3":"status-publish","4":"has-post-thumbnail","6":"product_cat-juguetes-sostenibles","7":"product_cat-perro","8":"product_cat-tienda-de-mascotas","9":"infinite-scroll-item","10":"sales-flash-overlay","11":"woocommerce-text-align-center","12":"woocommerce-image-align-center","13":"do-quantity-buttons","15":"first","16":"instock","17":"sold-individually","18":"taxable","19":"shipping-taxable","20":"purchasable","21":"product-type-simple"},"_links":{"self":[{"href":"https:\/\/www.ngdcare.nl\/es\/wp-json\/wp\/v2\/product\/9473","targetHints":{"allow":["GET"]}}],"collection":[{"href":"https:\/\/www.ngdcare.nl\/es\/wp-json\/wp\/v2\/product"}],"about":[{"href":"https:\/\/www.ngdcare.nl\/es\/wp-json\/wp\/v2\/types\/product"}],"replies":[{"embeddable":true,"href":"https:\/\/www.ngdcare.nl\/es\/wp-json\/wp\/v2\/comments?post=9473"}],"wp:featuredmedia":[{"embeddable":true,"href":"https:\/\/www.ngdcare.nl\/es\/wp-json\/wp\/v2\/media\/9476"}],"wp:attachment":[{"href":"https:\/\/www.ngdcare.nl\/es\/wp-json\/wp\/v2\/media?parent=9473"}],"wp:term":[{"taxonomy":"product_brand","embeddable":true,"href":"https:\/\/www.ngdcare.nl\/es\/wp-json\/wp\/v2\/product_brand?post=9473"},{"taxonomy":"product_cat","embeddable":true,"href":"https:\/\/www.ngdcare.nl\/es\/wp-json\/wp\/v2\/product_cat?post=9473"},{"taxonomy":"product_tag","embeddable":true,"href":"https:\/\/www.ngdcare.nl\/es\/wp-json\/wp\/v2\/product_tag?post=9473"},{"taxonomy":"merken","embeddable":true,"href":"https:\/\/www.ngdcare.nl\/es\/wp-json\/wp\/v2\/merken?post=9473"}],"curies":[{"name":"wp","href":"https:\/\/api.w.org\/{rel}","templated":true}]}}