{"id":9555,"date":"2025-11-01T16:21:05","date_gmt":"2025-11-01T15:21:05","guid":{"rendered":"https:\/\/www.ngdcare.nl\/product\/sin%20categor\u00eda\/green-wilds-desmond-el-pato\/"},"modified":"2025-11-04T15:30:11","modified_gmt":"2025-11-04T14:30:11","slug":"green-wilds-desmond-el-pato","status":"publish","type":"product","link":"https:\/\/www.ngdcare.nl\/es\/product\/tienda-de-mascotas\/perro\/enriquecimiento-y-diversion\/juguetes-sostenibles\/green-wilds-desmond-el-pato\/","title":{"rendered":"Green &amp; Wilds Desmond el Pato"},"content":{"rendered":"<p data-start=\"0\" data-end=\"50\"><strong data-start=\"0\" data-end=\"48\">Juguete para perros ecol\u00f3gico Green &amp; Wilds \u2013 Desmond the Duck<\/strong><\/p>\n<p data-start=\"52\" data-end=\"90\">\u00a1Sorprende a tu perro con Desmond the Duck!<\/p>\n<p data-start=\"92\" data-end=\"371\">Desmond no es solo un juguete, es un fiel compa\u00f1ero de juegos hecho de cuatro capas de yute sostenible, cosidas dos veces sobre algod\u00f3n reciclado y cordel de yute. Perfecto para lanzar, buscar o simplemente jugar. Fuerte, seguro y dise\u00f1ado para horas de diversi\u00f3n.  <\/p>\n<p data-start=\"373\" data-end=\"592\">El yute es una fibra vegetal natural, sostenible y 100% biodegradable. La gamuza es un subproducto, por lo que no se pierde ning\u00fan material, una opci\u00f3n consciente y respetuosa con el medio ambiente para todos los amantes de los perros. <\/p>\n<p data-start=\"594\" data-end=\"701\"><strong data-start=\"594\" data-end=\"609\">Dimensiones:<\/strong> 40 \u00d7 34 cm<br data-start=\"620\" data-end=\"623\"><strong data-start=\"623\" data-end=\"641\">Adecuado para:<\/strong> perros de todos los tama\u00f1os y edades, incluidos los cachorros<\/p>\n<p data-start=\"703\" data-end=\"732\"><strong data-start=\"703\" data-end=\"730\">Importante saber:<\/strong><\/p>\n<ul>\n<li data-start=\"735\" data-end=\"782\">Solo pensado como juguete, no como comida<\/li>\n<li data-start=\"785\" data-end=\"828\">Deja siempre que tu perro juegue bajo supervisi\u00f3n<\/li>\n<li data-start=\"831\" data-end=\"916\">Retire el juguete si su perro intenta morder o tragar pedazos<\/li>\n<li data-start=\"919\" data-end=\"950\">No apto para lavar a m\u00e1quina<\/li>\n<li data-start=\"953\" data-end=\"993\">Ning\u00fan juguete es indestructible<\/li>\n<\/ul>\n","protected":false},"excerpt":{"rendered":"<article class=\"text-token-text-primary w-full focus:outline-none [--shadow-height:45px] has-data-writing-block:pointer-events-none has-data-writing-block:-mt-(--shadow-height) has-data-writing-block:pt-(--shadow-height) [&amp;:has([data-writing-block])&gt;*]:pointer-events-auto [content-visibility:auto] supports-[content-visibility:auto]:[contain-intrinsic-size:auto_100lvh] scroll-mt-[calc(var(--header-height)+min(200px,max(70px,20svh)))]\" dir=\"auto\" tabindex=\"-1\" data-turn-id=\"request-WEB:ea53a6a9-28e3-4128-a85a-568e204bcc0b-12\" data-testid=\"conversation-turn-26\" data-scroll-anchor=\"true\" data-turn=\"assistant\">\n<div class=\"text-base my-auto mx-auto pb-10 [--thread-content-margin:--spacing(4)] thread-sm:[--thread-content-margin:--spacing(6)] thread-lg:[--thread-content-margin:--spacing(16)] px-(--thread-content-margin)\">\n<div class=\"[--thread-content-max-width:40rem] thread-lg:[--thread-content-max-width:48rem] mx-auto max-w-(--thread-content-max-width) flex-1 group\/turn-messages focus-visible:outline-hidden relative flex w-full min-w-0 flex-col agent-turn\" tabindex=\"-1\">\n<div class=\"flex max-w-full flex-col grow\">\n<div class=\"min-h-8 text-message relative flex w-full flex-col items-end gap-2 text-start break-words whitespace-normal [.text-message+&amp;]:mt-1\" dir=\"auto\" data-message-author-role=\"assistant\" data-message-id=\"f3e564e3-32fe-4d32-9ae5-4629baaff278\" data-message-model-slug=\"gpt-5\">\n<div class=\"flex w-full flex-col gap-1 empty:hidden first:pt-[1px]\">\n<div class=\"markdown prose dark:prose-invert w-full break-words light markdown-new-styling\">\n<p data-start=\"0\" data-end=\"191\" data-is-last-node=\"\" data-is-only-node=\"\"><strong>\u00a1Desmond the Duck<\/strong> se mete directamente en el coraz\u00f3n de tu perro! Hecho de yute resistente y algod\u00f3n reciclado. Es alegre, resistente y est\u00e1 listo para horas de diversi\u00f3n.  <\/p>\n<\/div>\n<\/div>\n<\/div>\n<\/div>\n<div class=\"mt-3 w-full empty:hidden\">\n<div class=\"text-center\"><\/div>\n<\/div>\n<\/div>\n<\/div>\n<\/article>\n<div class=\"pointer-events-none h-px w-px\" aria-hidden=\"true\" data-edge=\"true\"><\/div>\n","protected":false},"featured_media":9557,"comment_status":"open","ping_status":"closed","template":"","meta":[],"product_brand":[],"product_cat":[4821,5056,5063],"product_tag":[],"merken":[],"class_list":{"0":"post-9555","1":"product","2":"type-product","3":"status-publish","4":"has-post-thumbnail","6":"product_cat-juguetes-sostenibles","7":"product_cat-perro","8":"product_cat-tienda-de-mascotas","9":"infinite-scroll-item","10":"sales-flash-overlay","11":"woocommerce-text-align-center","12":"woocommerce-image-align-center","13":"do-quantity-buttons","15":"first","16":"instock","17":"sold-individually","18":"taxable","19":"shipping-taxable","20":"purchasable","21":"product-type-simple"},"_links":{"self":[{"href":"https:\/\/www.ngdcare.nl\/es\/wp-json\/wp\/v2\/product\/9555","targetHints":{"allow":["GET"]}}],"collection":[{"href":"https:\/\/www.ngdcare.nl\/es\/wp-json\/wp\/v2\/product"}],"about":[{"href":"https:\/\/www.ngdcare.nl\/es\/wp-json\/wp\/v2\/types\/product"}],"replies":[{"embeddable":true,"href":"https:\/\/www.ngdcare.nl\/es\/wp-json\/wp\/v2\/comments?post=9555"}],"wp:featuredmedia":[{"embeddable":true,"href":"https:\/\/www.ngdcare.nl\/es\/wp-json\/wp\/v2\/media\/9557"}],"wp:attachment":[{"href":"https:\/\/www.ngdcare.nl\/es\/wp-json\/wp\/v2\/media?parent=9555"}],"wp:term":[{"taxonomy":"product_brand","embeddable":true,"href":"https:\/\/www.ngdcare.nl\/es\/wp-json\/wp\/v2\/product_brand?post=9555"},{"taxonomy":"product_cat","embeddable":true,"href":"https:\/\/www.ngdcare.nl\/es\/wp-json\/wp\/v2\/product_cat?post=9555"},{"taxonomy":"product_tag","embeddable":true,"href":"https:\/\/www.ngdcare.nl\/es\/wp-json\/wp\/v2\/product_tag?post=9555"},{"taxonomy":"merken","embeddable":true,"href":"https:\/\/www.ngdcare.nl\/es\/wp-json\/wp\/v2\/merken?post=9555"}],"curies":[{"name":"wp","href":"https:\/\/api.w.org\/{rel}","templated":true}]}}