{"id":9976,"date":"2025-11-07T13:56:05","date_gmt":"2025-11-07T12:56:05","guid":{"rendered":"https:\/\/www.ngdcare.nl\/product\/sin%20categor\u00eda\/comida-para-perros-pala-original\/"},"modified":"2025-11-07T14:11:01","modified_gmt":"2025-11-07T13:11:01","slug":"comida-para-perros-pala-original","status":"publish","type":"product","link":"https:\/\/www.ngdcare.nl\/es\/product\/tienda-de-mascotas\/perro\/nutricion\/alimento-seco\/comida-para-perros-pala-original\/","title":{"rendered":"Comida para perros Pala \u2013 Original"},"content":{"rendered":"<p data-start=\"0\" data-end=\"80\"><strong data-start=\"0\" data-end=\"78\">Comida para perros Pala \u2013 Receta #1 Original \u2013 Comida completa para perros secada al aire<\/strong><\/p>\n<p data-start=\"82\" data-end=\"390\">Descubra d\u00f3nde empez\u00f3 todo: <strong data-start=\"118\" data-end=\"145\">Pala Recipe #1 Original<\/strong> \u2013 el alimento original secado al aire lleno de carne, pescado y verduras frescas. Esta mezcla \u00fanica de <strong data-start=\"243\" data-end=\"277\">pollo, ternera, salm\u00f3n y callos verdes<\/strong> proporciona prote\u00ednas f\u00e1cilmente absorbibles y nutrientes naturales para una vida canina fuerte, vital y en\u00e9rgica.<\/p>\n<p data-start=\"392\" data-end=\"630\">Pala se <strong data-start=\"406\" data-end=\"440\">seca al aire a baja temperatura<\/strong> para que las vitaminas, minerales, enzimas y amino\u00e1cidos permanezcan completamente intactos. De esta manera, su perro obtiene los <strong data-start=\"538\" data-end=\"569\">beneficios de los alimentos crudos<\/strong>, pero sin congelador: conveniente, nutritivo y natural.<\/p>\n<p data-start=\"632\" data-end=\"882\">Con un 84% de ingredientes de origen animal (carne, pescado y \u00f3rganos) y una mezcla cuidadosamente seleccionada de verduras, algas y hierbas, Pala apoya un microbioma intestinal saludable, articulaciones flexibles, m\u00fasculos fuertes, un pelaje brillante y un poderoso sistema inmunol\u00f3gico.<\/p>\n<p data-start=\"884\" data-end=\"904\"><strong data-start=\"884\" data-end=\"902\">Propiedades:<\/strong><\/p>\n<ul>\n<li data-start=\"907\" data-end=\"967\">84% de ingredientes animales: pollo, ternera, salm\u00f3n y callos verdes<\/li>\n<li data-start=\"970\" data-end=\"1033\">Secado al aire a baja temperatura: conservaci\u00f3n del valor nutricional<\/li>\n<li data-start=\"1036\" data-end=\"1086\">Alimento completo para perros de todas las edades<\/li>\n<li data-start=\"1089\" data-end=\"1129\">Sin fragancias, colores ni aromas<\/li>\n<li data-start=\"1132\" data-end=\"1189\">Rico en \u00e1cidos grasos Omega 3 y 6 y probi\u00f3ticos naturales<\/li>\n<li data-start=\"1192\" data-end=\"1248\">Se puede alimentar en seco o usar como topper<\/li>\n<li data-start=\"1251\" data-end=\"1312\">Alternativa ideal a los alimentos frescos: f\u00e1cil de llevar de viaje<\/li>\n<li data-start=\"1315\" data-end=\"1354\">Elaborado con ingredientes locales finlandeses<\/li>\n<\/ul>\n<p><strong data-start=\"1973\" data-end=\"1992\">Recomendaci\u00f3n de alimentaci\u00f3n:<\/strong><br data-start=\"1992\" data-end=\"1995\">Use aprox. <strong data-start=\"2007\" data-end=\"2027\">65-311 g por d\u00eda<\/strong> dependiendo del peso (consulte la tabla en el sitio web de Pala para obtener m\u00e1s detalles). Siempre aseg\u00farese de que haya suficiente agua potable fresca.<\/p>\n","protected":false},"excerpt":{"rendered":"<p><strong>Pala Recipe #1 Original<\/strong> es comida cruda en forma pr\u00e1ctica y secada al aire. \u00a1Es rico en carne fresca, pescado y platos llenos de verduras para un poder natural y un sabor puro! <\/p>\n","protected":false},"featured_media":9982,"comment_status":"open","ping_status":"closed","template":"","meta":[],"product_brand":[],"product_cat":[5113,5112,5056],"product_tag":[],"merken":[],"class_list":{"0":"post-9976","1":"product","2":"type-product","3":"status-publish","4":"has-post-thumbnail","6":"product_cat-alimento-seco","7":"product_cat-nutricion","8":"product_cat-perro","9":"infinite-scroll-item","10":"sales-flash-overlay","11":"woocommerce-text-align-center","12":"woocommerce-image-align-center","13":"do-quantity-buttons","15":"first","16":"instock","17":"sold-individually","18":"taxable","19":"shipping-taxable","20":"purchasable","21":"product-type-variable"},"_links":{"self":[{"href":"https:\/\/www.ngdcare.nl\/es\/wp-json\/wp\/v2\/product\/9976","targetHints":{"allow":["GET"]}}],"collection":[{"href":"https:\/\/www.ngdcare.nl\/es\/wp-json\/wp\/v2\/product"}],"about":[{"href":"https:\/\/www.ngdcare.nl\/es\/wp-json\/wp\/v2\/types\/product"}],"replies":[{"embeddable":true,"href":"https:\/\/www.ngdcare.nl\/es\/wp-json\/wp\/v2\/comments?post=9976"}],"wp:featuredmedia":[{"embeddable":true,"href":"https:\/\/www.ngdcare.nl\/es\/wp-json\/wp\/v2\/media\/9982"}],"wp:attachment":[{"href":"https:\/\/www.ngdcare.nl\/es\/wp-json\/wp\/v2\/media?parent=9976"}],"wp:term":[{"taxonomy":"product_brand","embeddable":true,"href":"https:\/\/www.ngdcare.nl\/es\/wp-json\/wp\/v2\/product_brand?post=9976"},{"taxonomy":"product_cat","embeddable":true,"href":"https:\/\/www.ngdcare.nl\/es\/wp-json\/wp\/v2\/product_cat?post=9976"},{"taxonomy":"product_tag","embeddable":true,"href":"https:\/\/www.ngdcare.nl\/es\/wp-json\/wp\/v2\/product_tag?post=9976"},{"taxonomy":"merken","embeddable":true,"href":"https:\/\/www.ngdcare.nl\/es\/wp-json\/wp\/v2\/merken?post=9976"}],"curies":[{"name":"wp","href":"https:\/\/api.w.org\/{rel}","templated":true}]}}