{"id":3869,"date":"2023-11-09T20:18:21","date_gmt":"2023-11-09T19:18:21","guid":{"rendered":"https:\/\/www.ngdcare.nl\/livraison-et-retours\/"},"modified":"2023-11-09T20:18:21","modified_gmt":"2023-11-09T19:18:21","slug":"livraison-et-retours","status":"publish","type":"page","link":"https:\/\/www.ngdcare.nl\/fr\/livraison-et-retours\/","title":{"rendered":"Livraison et retours"},"content":{"rendered":"<p>Envoyer<\/p>\n<ul>\n<li>NGD Care essaie d\u2019envoyer la commande entre 1 et 2 jours ouvrables. Le d\u00e9lai de livraison n\u2019est pas contraignant. Le d\u00e9passement du d\u00e9lai de livraison ne met pas NGD Care en d\u00e9faut au sens de l\u2019article 83 du livre 6 du Code civil n\u00e9erlandais.  <\/li>\n<li><span style=\"font-size: inherit;\">NGD Care s\u2019engage vis-\u00e0-vis du client \u00e0 emballer correctement les produits et \u00e0 les s\u00e9curiser de mani\u00e8re \u00e0 ce qu\u2019ils arrivent \u00e0 destination en bon \u00e9tat lors du transport normal.<\/span><\/li>\n<li><span style=\"font-size: inherit;\">Une fois que vous avez re\u00e7u le suivi et la tra\u00e7abilit\u00e9, la responsabilit\u00e9 incombe aux services postaux. Nous regrettons tout retard mais nous vous demandons de faire preuve de patience. <\/span><\/li>\n<li><span style=\"font-size: inherit;\">Les d\u00e9fauts visibles doivent \u00eatre signal\u00e9s par \u00e9crit \u00e0 NGD Care imm\u00e9diatement apr\u00e8s leur d\u00e9couverte, mais au plus tard 3 jours apr\u00e8s la livraison, et les d\u00e9fauts non visibles imm\u00e9diatement apr\u00e8s leur d\u00e9couverte, mais au plus tard 3 mois apr\u00e8s la livraison.<\/span><\/li>\n<li><span style=\"font-size: inherit;\">En fonction des dimensions et du poids du produit, nous utilisons le tarif standard des services postaux pour l\u2019exp\u00e9dition de la commande. De cette fa\u00e7on, les tarifs restent transparents et vous payez par commande, plut\u00f4t que des frais cach\u00e9s par produit. <\/span><\/li>\n<li><span style=\"font-size: inherit;\">Si, en raison d\u2019un cas de force majeure, NGD Care n\u2019est pas en mesure de livrer (\u00e0 temps) en raison d\u2019un cas de force majeure, NGD Care a le droit de suspendre la livraison ou de s\u2019abstenir compl\u00e8tement de la livraison.<\/span><\/li>\n<\/ul>\n<h2>Retourne<\/h2>\n<ul>\n<li>NGD Care n\u2019est pas tenu de reprendre les marchandises livr\u00e9es au client.<\/li>\n<li><span style=\"font-size: inherit;\">NGD Care ne peut reprendre que les marchandises non ouvertes et non endommag\u00e9es.<\/span><\/li>\n<li><span style=\"font-size: inherit;\">Le client dispose d\u2019un droit de retour de 14 jours pour retourner les produits. Tous les frais suppl\u00e9mentaires, tels que l\u2019emballage et l\u2019exp\u00e9dition, sont \u00e0 la charge du client. Votre facture sera cr\u00e9dit\u00e9e dans les 5 jours ouvrables suivant la r\u00e9ception des marchandises non ouvertes et non endommag\u00e9es.  <\/span><\/li>\n<li><span style=\"font-size: inherit;\">Les retours apr\u00e8s 14 jours ne seront plus accept\u00e9s par NGD Care.<\/span><\/li>\n<\/ul>\n","protected":false},"excerpt":{"rendered":"<p>Envoyer NGD Care essaie d\u2019envoyer la commande entre 1 et 2 jours ouvrables. Le d\u00e9lai de livraison n\u2019est pas contraignant. Le d\u00e9passement du d\u00e9lai de livraison ne met pas NGD Care en d\u00e9faut au sens de l\u2019article 83 du livre 6 du Code civil n\u00e9erlandais. NGD Care s\u2019engage vis-\u00e0-vis du client \u00e0 emballer correctement les &#8230; <a title=\"Livraison et retours\" class=\"read-more\" href=\"https:\/\/www.ngdcare.nl\/fr\/livraison-et-retours\/\" aria-label=\"En savoir plus sur Livraison et retours\">Lire plus<\/a><\/p>\n","protected":false},"author":1,"featured_media":0,"parent":0,"menu_order":0,"comment_status":"closed","ping_status":"closed","template":"","meta":{"footnotes":""},"class_list":{"0":"post-3869","1":"page","2":"type-page","3":"status-publish","5":"infinite-scroll-item"},"_links":{"self":[{"href":"https:\/\/www.ngdcare.nl\/fr\/wp-json\/wp\/v2\/pages\/3869","targetHints":{"allow":["GET"]}}],"collection":[{"href":"https:\/\/www.ngdcare.nl\/fr\/wp-json\/wp\/v2\/pages"}],"about":[{"href":"https:\/\/www.ngdcare.nl\/fr\/wp-json\/wp\/v2\/types\/page"}],"author":[{"embeddable":true,"href":"https:\/\/www.ngdcare.nl\/fr\/wp-json\/wp\/v2\/users\/1"}],"replies":[{"embeddable":true,"href":"https:\/\/www.ngdcare.nl\/fr\/wp-json\/wp\/v2\/comments?post=3869"}],"version-history":[{"count":0,"href":"https:\/\/www.ngdcare.nl\/fr\/wp-json\/wp\/v2\/pages\/3869\/revisions"}],"wp:attachment":[{"href":"https:\/\/www.ngdcare.nl\/fr\/wp-json\/wp\/v2\/media?parent=3869"}],"curies":[{"name":"wp","href":"https:\/\/api.w.org\/{rel}","templated":true}]}}