{"id":3881,"date":"2023-11-09T20:29:08","date_gmt":"2023-11-09T19:29:08","guid":{"rendered":"https:\/\/www.ngdcare.nl\/options-de-paiement\/"},"modified":"2023-11-09T20:29:08","modified_gmt":"2023-11-09T19:29:08","slug":"options-de-paiement","status":"publish","type":"page","link":"https:\/\/www.ngdcare.nl\/fr\/options-de-paiement\/","title":{"rendered":"Options de paiement"},"content":{"rendered":"<p>Vous pouvez vous payer sur notre num\u00e9ro de compte par virement bancaire depuis votre propre banque. Vous pouvez \u00e9galement payer via Ideal ou payer ult\u00e9rieurement via Klarna. Il est \u00e9galement possible de payer par carte de cr\u00e9dit.  <\/p>\n","protected":false},"excerpt":{"rendered":"<p>Vous pouvez vous payer sur notre num\u00e9ro de compte par virement bancaire depuis votre propre banque. Vous pouvez \u00e9galement payer via Ideal ou payer ult\u00e9rieurement via Klarna. Il est \u00e9galement possible de payer par carte de cr\u00e9dit.<\/p>\n","protected":false},"author":1,"featured_media":0,"parent":0,"menu_order":0,"comment_status":"closed","ping_status":"closed","template":"","meta":{"footnotes":""},"class_list":{"0":"post-3881","1":"page","2":"type-page","3":"status-publish","5":"infinite-scroll-item"},"_links":{"self":[{"href":"https:\/\/www.ngdcare.nl\/fr\/wp-json\/wp\/v2\/pages\/3881","targetHints":{"allow":["GET"]}}],"collection":[{"href":"https:\/\/www.ngdcare.nl\/fr\/wp-json\/wp\/v2\/pages"}],"about":[{"href":"https:\/\/www.ngdcare.nl\/fr\/wp-json\/wp\/v2\/types\/page"}],"author":[{"embeddable":true,"href":"https:\/\/www.ngdcare.nl\/fr\/wp-json\/wp\/v2\/users\/1"}],"replies":[{"embeddable":true,"href":"https:\/\/www.ngdcare.nl\/fr\/wp-json\/wp\/v2\/comments?post=3881"}],"version-history":[{"count":0,"href":"https:\/\/www.ngdcare.nl\/fr\/wp-json\/wp\/v2\/pages\/3881\/revisions"}],"wp:attachment":[{"href":"https:\/\/www.ngdcare.nl\/fr\/wp-json\/wp\/v2\/media?parent=3881"}],"curies":[{"name":"wp","href":"https:\/\/api.w.org\/{rel}","templated":true}]}}