{"id":3884,"date":"2023-11-09T20:33:09","date_gmt":"2023-11-09T19:33:09","guid":{"rendered":"https:\/\/www.ngdcare.nl\/dementi\/"},"modified":"2023-11-09T20:33:09","modified_gmt":"2023-11-09T19:33:09","slug":"dementi","status":"publish","type":"page","link":"https:\/\/www.ngdcare.nl\/fr\/dementi\/","title":{"rendered":"D\u00e9menti"},"content":{"rendered":"<p>Le contenu de ce site web a \u00e9t\u00e9 compil\u00e9 avec soin et nous faisons tout notre possible pour fournir des informations compl\u00e8tes et correctes \u00e0 tout moment. N\u00e9anmoins, aucun droit ne peut \u00eatre d\u00e9riv\u00e9 du contenu de ce site web. NGD Care n\u2019est pas non plus responsable des erreurs sur ce site Web et se r\u00e9serve le droit d\u2019ajuster ou de modifier les informations et\/ou les prix \u00e0 tout moment.  <\/p>\n<p>Les textes de ce site doivent \u00eatre consid\u00e9r\u00e9s comme des lignes directrices, mais ne remplacent pas les conseils d\u2019un v\u00e9t\u00e9rinaire. En cas de doute sur la sant\u00e9 d\u2019un animal, ou sur l\u2019exactitude de la th\u00e9rapie choisie, nous vous recommandons de consulter un v\u00e9t\u00e9rinaire dans tous les cas. NGD Care n\u2019est pas responsable des dommages caus\u00e9s par l\u2019utilisation incorrecte ou la recommandation des produits ou des informations mentionn\u00e9s sur le site Web.  <\/p>\n<p>Tous les produits NGD Care sont des compl\u00e9ments alimentaires et ne se substituent pas \u00e0 un mode de vie sain et \u00e0 une alimentation vari\u00e9e et \u00e9quilibr\u00e9e. Les produits ne sont pas des m\u00e9dicaments et ne peuvent donc pas \u00eatre utilis\u00e9s comme m\u00e9dicament mais comme compl\u00e9ment alimentaire. En cas de maladie ou d\u2019autre condition m\u00e9dicale, nous vous recommandons toujours de consulter un v\u00e9t\u00e9rinaire avant utilisation. Les compl\u00e9ments alimentaires peuvent avoir des interactions et des effets secondaires entre eux et avec des m\u00e9dicaments r\u00e9guliers. Ces interactions et effets secondaires sont \u00e9num\u00e9r\u00e9s dans les compl\u00e9ments alimentaires individuels. Parce que peu de recherches ont \u00e9t\u00e9 faites sur les suppl\u00e9ments, ces interactions et effets secondaires ne seront pas complets. Pour cette raison, il est important d\u2019utiliser votre propre pouvoir d\u2019observation et de nous consulter ou de consulter un v\u00e9t\u00e9rinaire en cas de doute.      <\/p>\n<p>Gardez les suppl\u00e9ments hors de la port\u00e9e des jeunes enfants.<\/p>\n","protected":false},"excerpt":{"rendered":"<p>Le contenu de ce site web a \u00e9t\u00e9 compil\u00e9 avec soin et nous faisons tout notre possible pour fournir des informations compl\u00e8tes et correctes \u00e0 tout moment. N\u00e9anmoins, aucun droit ne peut \u00eatre d\u00e9riv\u00e9 du contenu de ce site web. NGD Care n\u2019est pas non plus responsable des erreurs sur ce site Web et se &#8230; <a title=\"D\u00e9menti\" class=\"read-more\" href=\"https:\/\/www.ngdcare.nl\/fr\/dementi\/\" aria-label=\"En savoir plus sur D\u00e9menti\">Lire plus<\/a><\/p>\n","protected":false},"author":1,"featured_media":0,"parent":0,"menu_order":0,"comment_status":"closed","ping_status":"closed","template":"","meta":{"footnotes":""},"class_list":{"0":"post-3884","1":"page","2":"type-page","3":"status-publish","5":"infinite-scroll-item"},"_links":{"self":[{"href":"https:\/\/www.ngdcare.nl\/fr\/wp-json\/wp\/v2\/pages\/3884","targetHints":{"allow":["GET"]}}],"collection":[{"href":"https:\/\/www.ngdcare.nl\/fr\/wp-json\/wp\/v2\/pages"}],"about":[{"href":"https:\/\/www.ngdcare.nl\/fr\/wp-json\/wp\/v2\/types\/page"}],"author":[{"embeddable":true,"href":"https:\/\/www.ngdcare.nl\/fr\/wp-json\/wp\/v2\/users\/1"}],"replies":[{"embeddable":true,"href":"https:\/\/www.ngdcare.nl\/fr\/wp-json\/wp\/v2\/comments?post=3884"}],"version-history":[{"count":0,"href":"https:\/\/www.ngdcare.nl\/fr\/wp-json\/wp\/v2\/pages\/3884\/revisions"}],"wp:attachment":[{"href":"https:\/\/www.ngdcare.nl\/fr\/wp-json\/wp\/v2\/media?parent=3884"}],"curies":[{"name":"wp","href":"https:\/\/api.w.org\/{rel}","templated":true}]}}