{"id":10047,"date":"2025-11-07T14:25:04","date_gmt":"2025-11-07T13:25:04","guid":{"rendered":"https:\/\/www.ngdcare.nl\/product\/non%20class\u00e9\/nourriture-pour-chiens-pala-poulet\/"},"modified":"2025-11-07T14:28:19","modified_gmt":"2025-11-07T13:28:19","slug":"nourriture-pour-chiens-pala-poulet","status":"publish","type":"product","link":"https:\/\/www.ngdcare.nl\/fr\/product\/animalerie\/chien\/nutrition\/nourriture-seche\/nourriture-pour-chiens-pala-poulet\/","title":{"rendered":"Nourriture pour chiens Pala \u2013 Poulet"},"content":{"rendered":"<p data-start=\"0\" data-end=\"79\"><strong data-start=\"0\" data-end=\"77\">Nourriture pour chiens Pala \u2013 Recette #5 Poulet \u2013 Nourriture compl\u00e8te pour chiens s\u00e9ch\u00e9e \u00e0 l\u2019air<\/strong><\/p>\n<p data-start=\"81\" data-end=\"444\">Nourrissez votre chien avec de l\u2019\u00e9nergie pure provenant de la poule et de l\u2019\u0153uf \u2013 <strong data-start=\"127\" data-end=\"153\">Recette de Pala #5 Le poulet<\/strong> est riche en prot\u00e9ines nutritives, en graisses, en vitamines et en min\u00e9raux. Cette recette comprend du <strong data-start=\"234\" data-end=\"261\">poulet entier et des \u0153ufs entiers<\/strong>, combin\u00e9s \u00e0 des l\u00e9gumes frais, des baies et des herbes. Les ingr\u00e9dients sont lentement <strong data-start=\"347\" data-end=\"384\">s\u00e9ch\u00e9s \u00e0 l\u2019air libre \u00e0 basse temp\u00e9rature<\/strong>, afin que tous les nutriments naturels soient pr\u00e9serv\u00e9s.<\/p>\n<p data-start=\"446\" data-end=\"751\">Avec sa <strong data-start=\"455\" data-end=\"481\">teneur en calories la plus \u00e9lev\u00e9e<\/strong> de toutes les recettes de Bala, cet aliment est parfait pour les <strong data-start=\"530\" data-end=\"548\">chiens actifs<\/strong>, les chiens ayant un m\u00e9tabolisme \u00e9lev\u00e9 ou qui ont besoin d\u2019un soutien suppl\u00e9mentaire dans la construction musculaire et la r\u00e9cup\u00e9ration. Il aide \u00e0 une peau saine, \u00e0 des articulations fortes, \u00e0 un bon syst\u00e8me immunitaire et \u00e0 un pelage brillant.<\/p>\n<p data-start=\"753\" data-end=\"773\"><strong data-start=\"753\" data-end=\"771\">Propri\u00e9t\u00e9s:<\/strong><\/p>\n<ul>\n<li data-start=\"776\" data-end=\"837\">76 % de poulet et 6 % d\u2019\u0153ufs \u2013 une seule source de prot\u00e9ines hautement digestibles<\/li>\n<li data-start=\"840\" data-end=\"908\">S\u00e9chage \u00e0 l\u2019air libre \u00e0 basse temp\u00e9rature \u2013 conserve les vitamines et les min\u00e9raux<\/li>\n<li data-start=\"911\" data-end=\"975\">Niveau d\u2019\u00e9nergie \u00e9lev\u00e9 \u2013 id\u00e9al pour les chiens actifs ou difficiles<\/li>\n<li data-start=\"978\" data-end=\"1028\">Aliment complet pour chiens de tous \u00e2ges<\/li>\n<li data-start=\"1031\" data-end=\"1079\">Riche en acides gras om\u00e9ga 3 et 6 et en antioxydants<\/li>\n<li data-start=\"1082\" data-end=\"1122\">Sans parfums, colorants et ar\u00f4mes<\/li>\n<li data-start=\"1125\" data-end=\"1174\">Peut \u00eatre doubl\u00e9 \u00e0 sec ou utilis\u00e9 comme garnissage<\/li>\n<li data-start=\"1177\" data-end=\"1240\">Alternative pratique aux aliments frais \u2013 id\u00e9ale pour les d\u00e9placements<\/li>\n<li data-start=\"1243\" data-end=\"1282\">Fabriqu\u00e9 avec des ingr\u00e9dients locaux finlandais<\/li>\n<\/ul>\n<p><strong data-start=\"1884\" data-end=\"1903\">Recommandation d\u2019alimentation :<\/strong><br data-start=\"1903\" data-end=\"1906\">Utilisez environ <strong data-start=\"1918\" data-end=\"1938\">65 \u00e0 311 g par jour<\/strong>, en fonction du poids du chien (voir le tableau sur le site Web de Pala pour plus de d\u00e9tails). Assurez-vous toujours <strong data-start=\"2052\" data-end=\"2071\">qu\u2019il y a beaucoup d\u2019eau potable fra\u00eeche<\/strong>.<\/p>\n","protected":false},"excerpt":{"rendered":"<p><strong>Recette de pala #5 Le poulet<\/strong> offre une puissance pure et s\u00e9ch\u00e9e \u00e0 l\u2019air \u00e0 partir de poulet et d\u2019\u0153ufs. Il est nutritif, riche en \u00e9nergie et id\u00e9al pour les chiens actifs de tout \u00e2ge ! <\/p>\n","protected":false},"featured_media":10049,"comment_status":"open","ping_status":"closed","template":"","meta":[],"product_brand":[],"product_cat":[5055,5122,5121],"product_tag":[],"merken":[],"class_list":{"0":"post-10047","1":"product","2":"type-product","3":"status-publish","4":"has-post-thumbnail","6":"product_cat-chien","7":"product_cat-nourriture-seche","8":"product_cat-nutrition","9":"infinite-scroll-item","10":"sales-flash-overlay","11":"woocommerce-text-align-center","12":"woocommerce-image-align-center","13":"do-quantity-buttons","15":"first","16":"instock","17":"sold-individually","18":"taxable","19":"shipping-taxable","20":"purchasable","21":"product-type-variable"},"_links":{"self":[{"href":"https:\/\/www.ngdcare.nl\/fr\/wp-json\/wp\/v2\/product\/10047","targetHints":{"allow":["GET"]}}],"collection":[{"href":"https:\/\/www.ngdcare.nl\/fr\/wp-json\/wp\/v2\/product"}],"about":[{"href":"https:\/\/www.ngdcare.nl\/fr\/wp-json\/wp\/v2\/types\/product"}],"replies":[{"embeddable":true,"href":"https:\/\/www.ngdcare.nl\/fr\/wp-json\/wp\/v2\/comments?post=10047"}],"wp:featuredmedia":[{"embeddable":true,"href":"https:\/\/www.ngdcare.nl\/fr\/wp-json\/wp\/v2\/media\/10049"}],"wp:attachment":[{"href":"https:\/\/www.ngdcare.nl\/fr\/wp-json\/wp\/v2\/media?parent=10047"}],"wp:term":[{"taxonomy":"product_brand","embeddable":true,"href":"https:\/\/www.ngdcare.nl\/fr\/wp-json\/wp\/v2\/product_brand?post=10047"},{"taxonomy":"product_cat","embeddable":true,"href":"https:\/\/www.ngdcare.nl\/fr\/wp-json\/wp\/v2\/product_cat?post=10047"},{"taxonomy":"product_tag","embeddable":true,"href":"https:\/\/www.ngdcare.nl\/fr\/wp-json\/wp\/v2\/product_tag?post=10047"},{"taxonomy":"merken","embeddable":true,"href":"https:\/\/www.ngdcare.nl\/fr\/wp-json\/wp\/v2\/merken?post=10047"}],"curies":[{"name":"wp","href":"https:\/\/api.w.org\/{rel}","templated":true}]}}