{"id":10115,"date":"2025-11-07T15:47:06","date_gmt":"2025-11-07T14:47:06","guid":{"rendered":"https:\/\/www.ngdcare.nl\/product\/non class\u00e9\/nourriture-pour-chiens-pala-agneau-et-hareng\/"},"modified":"2025-11-07T15:47:06","modified_gmt":"2025-11-07T14:47:06","slug":"nourriture-pour-chiens-pala-agneau-et-hareng","status":"publish","type":"product","link":"https:\/\/www.ngdcare.nl\/fr\/product\/animalerie\/chien\/nutrition\/nourriture-seche\/nourriture-pour-chiens-pala-agneau-et-hareng\/","title":{"rendered":"Nourriture pour chiens Pala \u2013 Agneau et hareng"},"content":{"rendered":"<p data-start=\"0\" data-end=\"86\"><strong data-start=\"0\" data-end=\"84\">Nourriture pour chiens Pala \u2013 Recette #7 Agneau et hareng \u2013 Nourriture compl\u00e8te pour chiens s\u00e9ch\u00e9e \u00e0 l\u2019air<\/strong><\/p>\n<p data-start=\"88\" data-end=\"403\">D\u00e9couvrez la derni\u00e8re saveur de Pala : <strong data-start=\"123\" data-end=\"151\">Recette #7 Agneau et hareng<\/strong> \u2013 un repas facile \u00e0 dig\u00e9rer et riche en prot\u00e9ines avec de l\u2019agneau comme ingr\u00e9dient principal et du hareng de l\u2019Atlantique pour une bonne dose d\u2019acides gras om\u00e9ga. Parfait pour <strong data-start=\"305\" data-end=\"332\">les chiots, les chiens actifs<\/strong> ou les mangeurs difficiles qui aiment les aliments naturels et savoureux. <\/p>\n<p data-start=\"405\" data-end=\"778\">Le pala est lentement <strong data-start=\"425\" data-end=\"462\">s\u00e9ch\u00e9 \u00e0 l\u2019air libre \u00e0 basse temp\u00e9rature<\/strong>, de sorte que tous les nutriments, vitamines et enzymes naturels restent intacts. Avec de l\u2019agneau, du hareng, des \u0153ufs, des l\u00e9gumes frais et des stimulants pour la sant\u00e9 tels que le curcuma, l\u2019herbe de bl\u00e9 et les algues, cette recette fournit une nutrition compl\u00e8te et \u00e9quilibr\u00e9e qui soutient votre chien de l\u2019int\u00e9rieur \u2013 des <strong data-start=\"733\" data-end=\"775\">muscles forts \u00e0 un pelage brillant<\/strong>. <\/p>\n<p data-start=\"780\" data-end=\"800\"><strong data-start=\"780\" data-end=\"798\">Propri\u00e9t\u00e9s:<\/strong><\/p>\n<ul>\n<li data-start=\"803\" data-end=\"869\">44 % d\u2019agneau et 32 % de hareng de l\u2019Atlantique \u2013 riche en prot\u00e9ines et en om\u00e9gas<\/li>\n<li data-start=\"872\" data-end=\"935\">S\u00e9chage \u00e0 l\u2019air libre \u00e0 basse temp\u00e9rature \u2013 pr\u00e9servation de la valeur nutritionnelle<\/li>\n<li data-start=\"938\" data-end=\"1007\">Aliment complet et facile \u00e0 dig\u00e9rer pour les chiens de tous \u00e2ges<\/li>\n<li data-start=\"1010\" data-end=\"1068\">Soutient la peau, le pelage, la digestion et le syst\u00e8me immunitaire<\/li>\n<li data-start=\"1071\" data-end=\"1127\">100&nbsp;% naturel \u2013 sans parfums, couleurs ou ar\u00f4mes<\/li>\n<li data-start=\"1130\" data-end=\"1179\">Peut \u00eatre doubl\u00e9 \u00e0 sec ou utilis\u00e9 comme garnissage<\/li>\n<li data-start=\"1182\" data-end=\"1254\">Alternative pratique aux aliments frais \u2013 id\u00e9ale pour les d\u00e9placements ou les vacances<\/li>\n<li data-start=\"1257\" data-end=\"1296\">Fabriqu\u00e9 avec des ingr\u00e9dients locaux finlandais<\/li>\n<\/ul>\n<p><strong data-start=\"1931\" data-end=\"1950\">Recommandation d\u2019alimentation :<\/strong><br data-start=\"1950\" data-end=\"1953\">Utilisez environ <strong data-start=\"1965\" data-end=\"1985\">65 \u00e0 311 g par jour<\/strong>, en fonction du poids du chien (voir le tableau sur le site Web de Pala pour plus de d\u00e9tails). Assurez-vous toujours <strong data-start=\"2099\" data-end=\"2118\">qu\u2019il y a beaucoup d\u2019eau potable fra\u00eeche<\/strong>.<\/p>\n","protected":false},"excerpt":{"rendered":"<p><strong>Recette de Pala #7 L\u2019agneau et le hareng<\/strong> sont une puissance naturelle \u00e0 chaque bouch\u00e9e ! Il est riche en agneau, en hareng et en superaliments pour un chien en bonne sant\u00e9, \u00e9nergique et au pelage brillant. <\/p>\n","protected":false},"featured_media":10125,"comment_status":"open","ping_status":"closed","template":"","meta":[],"product_brand":[],"product_cat":[5055,5122,5121],"product_tag":[],"merken":[],"class_list":{"0":"post-10115","1":"product","2":"type-product","3":"status-publish","4":"has-post-thumbnail","6":"product_cat-chien","7":"product_cat-nourriture-seche","8":"product_cat-nutrition","9":"infinite-scroll-item","10":"sales-flash-overlay","11":"woocommerce-text-align-center","12":"woocommerce-image-align-center","13":"do-quantity-buttons","15":"first","16":"instock","17":"sold-individually","18":"taxable","19":"shipping-taxable","20":"purchasable","21":"product-type-variable"},"_links":{"self":[{"href":"https:\/\/www.ngdcare.nl\/fr\/wp-json\/wp\/v2\/product\/10115","targetHints":{"allow":["GET"]}}],"collection":[{"href":"https:\/\/www.ngdcare.nl\/fr\/wp-json\/wp\/v2\/product"}],"about":[{"href":"https:\/\/www.ngdcare.nl\/fr\/wp-json\/wp\/v2\/types\/product"}],"replies":[{"embeddable":true,"href":"https:\/\/www.ngdcare.nl\/fr\/wp-json\/wp\/v2\/comments?post=10115"}],"wp:featuredmedia":[{"embeddable":true,"href":"https:\/\/www.ngdcare.nl\/fr\/wp-json\/wp\/v2\/media\/10125"}],"wp:attachment":[{"href":"https:\/\/www.ngdcare.nl\/fr\/wp-json\/wp\/v2\/media?parent=10115"}],"wp:term":[{"taxonomy":"product_brand","embeddable":true,"href":"https:\/\/www.ngdcare.nl\/fr\/wp-json\/wp\/v2\/product_brand?post=10115"},{"taxonomy":"product_cat","embeddable":true,"href":"https:\/\/www.ngdcare.nl\/fr\/wp-json\/wp\/v2\/product_cat?post=10115"},{"taxonomy":"product_tag","embeddable":true,"href":"https:\/\/www.ngdcare.nl\/fr\/wp-json\/wp\/v2\/product_tag?post=10115"},{"taxonomy":"merken","embeddable":true,"href":"https:\/\/www.ngdcare.nl\/fr\/wp-json\/wp\/v2\/merken?post=10115"}],"curies":[{"name":"wp","href":"https:\/\/api.w.org\/{rel}","templated":true}]}}