{"id":10297,"date":"2025-11-15T21:34:33","date_gmt":"2025-11-15T20:34:33","guid":{"rendered":"https:\/\/www.ngdcare.nl\/?post_type=product&#038;p=10297"},"modified":"2025-11-24T16:16:53","modified_gmt":"2025-11-24T15:16:53","slug":"prebiotiques-fibres-prebiotiques-kopie","status":"publish","type":"product","link":"https:\/\/www.ngdcare.nl\/fr\/product\/sante-humaine\/complements-alimentaires\/prebiotiques-fibres-prebiotiques-kopie\/","title":{"rendered":"Fibres pr\u00e9biotiques"},"content":{"rendered":"<div>\n<p style=\"font-weight: 400;\"><strong>Soins NGD \u2013 Les fibres pr\u00e9biotiques <\/strong>sont un m\u00e9lange soigneusement compos\u00e9 de fibres naturelles et de substances fonctionnelles qui servent de nourriture aux bact\u00e9ries intestinales b\u00e9n\u00e9fiques. Contrairement aux probiotiques (bact\u00e9ries vivantes), <strong>les pr\u00e9biotiques sont des fibres fermentescibles<\/strong> qui stimulent la croissance et l\u2019activit\u00e9 du microbiome existant. Les pr\u00e9biotiques sont des glucides indigestes qui traversent le tractus gastro-intestinal et sont ferment\u00e9s s\u00e9lectivement dans le c\u00f4lon par des esp\u00e8ces bact\u00e9riennes b\u00e9n\u00e9fiques telles que Bifidobacterium et Lactobacillus. Cela cr\u00e9e des acides gras \u00e0 cha\u00eene courte (SCFA) tels que le butyrate, le propionate et l\u2019ac\u00e9tate, qui nourrissent la paroi intestinale, abaissent le pH, modulent les processus inflammatoires et soutiennent la barri\u00e8re intestinale. Ce complexe pr\u00e9biotique a \u00e9t\u00e9 d\u00e9velopp\u00e9 pour promouvoir la diversit\u00e9 et la stabilit\u00e9 du microbiome de mani\u00e8re mod\u00e9r\u00e9e mais efficace.    <\/p>\n<p style=\"font-weight: 400;\">Cette formule unique contient les <strong>cinq principaux groupes de pr\u00e9biotiques<\/strong> :<\/p>\n<ul>\n<li style=\"font-weight: 400;\"><strong>Inuline et FOS<\/strong> de racine de chicor\u00e9e<\/li>\n<li><strong>Arabinogalactans<\/strong> \u00e0 partir de fibre d\u2019acacia<\/li>\n<li><strong>MOS<\/strong> de <em>Saccharomyces boulardii<\/em><\/li>\n<li><strong>B\u00eata-glucanes<\/strong> du champignon <em>Agaricus blazei<\/em><\/li>\n<\/ul>\n<p>Le produit convient parfaitement \u00e0 un trouble de l\u2019\u00e9quilibre intestinal (apr\u00e8s m\u00e9dicaments, stress, maladie), en cas de constipation ou de selles irr\u00e9guli\u00e8res, et dans le cadre d\u2019un protocole intestinal int\u00e9gr\u00e9. Les pr\u00e9biotiques aident non seulement \u00e0 la sant\u00e9 intestinale locale, mais ont aussi des effets syst\u00e9miques sur l\u2019axe intestin-cerveau, l\u2019axe immunitaire intestin-inflammation et l\u2019axe intestin-m\u00e9tabolisme. Ils peuvent contribuer \u00e0 une meilleure tol\u00e9rance aux aliments, \u00e0 une \u00e9nergie plus stable et \u00e0 une r\u00e9ponse immunitaire plus \u00e9quilibr\u00e9e.<br data-start=\"1961\" data-end=\"1964\">Parce que les intestins sensibles r\u00e9agissent parfois violemment \u00e0 de grandes quantit\u00e9s de fibres fermentescibles, ce complexe est destin\u00e9 \u00e0 s\u2019accumuler lentement. Elle peut \u00eatre combin\u00e9e avec des probiotiques, de la glutamine, de la lactoferrine et d\u2019autres supporters intestinaux. Pour les personnes atteintes de SIBO ou de plaintes s\u00e9v\u00e8res li\u00e9es aux gaz\/douleurs, le dosage et le type de fibre choisis sont de pr\u00e9f\u00e9rence ajust\u00e9s par un th\u00e9rapeute.    <\/p>\n<\/div>\n","protected":false},"excerpt":{"rendered":"<p style=\"font-weight: 400;\">Prebiotiques Fiber de NGD Care contient un m\u00e9lange de fibres solubles servant de nourriture aux bact\u00e9ries intestinales b\u00e9n\u00e9fiques. Soutient un microbiome sain, une barri\u00e8re intestinale et des selles. <\/p>\n","protected":false},"featured_media":11811,"comment_status":"open","ping_status":"closed","template":"","meta":{"wds_primary_product_brand":0,"wds_primary_product_cat":0,"wds_primary_merken":0},"product_brand":[],"product_cat":[5370],"product_tag":[5777,909,908,1347,5776,580,1374,1372,1375,5775,5774,798,5371,1180,584,5407],"merken":[2756],"class_list":{"0":"post-10297","1":"product","2":"type-product","3":"status-publish","4":"has-post-thumbnail","6":"product_cat-complements-alimentaires","7":"product_tag-barriere-intestinale","8":"product_tag-chat","9":"product_tag-chien","10":"product_tag-complements-alimentaires-ngd-care","11":"product_tag-defecation","12":"product_tag-digestion-fr","13":"product_tag-excrement-fr","14":"product_tag-fibre-fr","15":"product_tag-flore-intestinale","16":"product_tag-fos","17":"product_tag-inuline","18":"product_tag-microbiome-fr","19":"product_tag-ngd-care-sante-humaine","20":"product_tag-prebiotiques","21":"product_tag-sante-intestinale","22":"product_tag-supplements-humains","23":"merken-ngdcare","24":"infinite-scroll-item","25":"sales-flash-overlay","26":"woocommerce-text-align-center","27":"woocommerce-image-align-center","28":"do-quantity-buttons","30":"first","31":"instock","32":"taxable","33":"shipping-taxable","34":"purchasable","35":"product-type-simple"},"_links":{"self":[{"href":"https:\/\/www.ngdcare.nl\/fr\/wp-json\/wp\/v2\/product\/10297","targetHints":{"allow":["GET"]}}],"collection":[{"href":"https:\/\/www.ngdcare.nl\/fr\/wp-json\/wp\/v2\/product"}],"about":[{"href":"https:\/\/www.ngdcare.nl\/fr\/wp-json\/wp\/v2\/types\/product"}],"replies":[{"embeddable":true,"href":"https:\/\/www.ngdcare.nl\/fr\/wp-json\/wp\/v2\/comments?post=10297"}],"wp:featuredmedia":[{"embeddable":true,"href":"https:\/\/www.ngdcare.nl\/fr\/wp-json\/wp\/v2\/media\/11811"}],"wp:attachment":[{"href":"https:\/\/www.ngdcare.nl\/fr\/wp-json\/wp\/v2\/media?parent=10297"}],"wp:term":[{"taxonomy":"product_brand","embeddable":true,"href":"https:\/\/www.ngdcare.nl\/fr\/wp-json\/wp\/v2\/product_brand?post=10297"},{"taxonomy":"product_cat","embeddable":true,"href":"https:\/\/www.ngdcare.nl\/fr\/wp-json\/wp\/v2\/product_cat?post=10297"},{"taxonomy":"product_tag","embeddable":true,"href":"https:\/\/www.ngdcare.nl\/fr\/wp-json\/wp\/v2\/product_tag?post=10297"},{"taxonomy":"merken","embeddable":true,"href":"https:\/\/www.ngdcare.nl\/fr\/wp-json\/wp\/v2\/merken?post=10297"}],"curies":[{"name":"wp","href":"https:\/\/api.w.org\/{rel}","templated":true}]}}