{"id":10311,"date":"2025-11-16T11:49:18","date_gmt":"2025-11-16T10:49:18","guid":{"rendered":"https:\/\/www.ngdcare.nl\/?post_type=product&#038;p=10311"},"modified":"2025-11-24T13:07:36","modified_gmt":"2025-11-24T12:07:36","slug":"curcumine-liposomale-extrait-de-curcumine-liposomale-kopie","status":"publish","type":"product","link":"https:\/\/www.ngdcare.nl\/fr\/product\/sante-humaine\/complements-alimentaires\/curcumine-liposomale-extrait-de-curcumine-liposomale-kopie\/","title":{"rendered":"Extrait de curcumine liposomale"},"content":{"rendered":"<p style=\"font-weight: 400;\">La curcumine est l\u2019un des phytonutriments les mieux \u00e9tudi\u00e9s et a un effet large sur le stress oxydatif, les voies inflammatoires et les processus de r\u00e9paration. Cependant, la curcumine standard est presque inabsorb\u00e9e, n\u00e9cessitant des doses \u00e9lev\u00e9es pouvant solliciter le tractus gastro-intestinal. <strong>NGD Care La<\/strong> <strong>curcumine liposomale<\/strong> de Human Health contient la Curcumine C3 la plus document\u00e9e et est emball\u00e9e dans des phospholipides, ce qui la rend bien mieux absorb\u00e9e et moins sujette \u00e0 la d\u00e9gradation.  <\/p>\n<p style=\"font-weight: 400;\">Cette forme avanc\u00e9e soutient le confort des articulations, la fonction h\u00e9patique, l\u2019\u00e9quilibre immunitaire et la protection contre les radicaux libres. Il agit \u00e0 plusieurs niveaux, notamment le NF-\u03baB, les inflammasomes et les voies antioxydantes comme le Nrf2. Cela en fait un excellent choix pour le stress, la sensibilit\u00e9 \u00e0 la douleur, les troubles digestifs et la r\u00e9cup\u00e9ration apr\u00e8s un stress physique ou mental intensif.  <\/p>\n<p style=\"font-weight: 400;\">La curcumine liposomale est douce pour l\u2019estomac et adapt\u00e9e \u00e0 un usage quotidien. Gr\u00e2ce \u00e0 une biodisponibilit\u00e9 am\u00e9lior\u00e9e, des doses plus faibles sont n\u00e9cessaires, ce qui augmente la tol\u00e9rance et rend le produit id\u00e9al pour des applications pr\u00e9ventives et th\u00e9rapeutiques. <\/p>\n","protected":false},"excerpt":{"rendered":"<p>La curcumine liposomale offre une forme puissante et tr\u00e8s absorbable de curcumine\u00efdes pour soutenir l\u2019inflammation, l\u2019\u00e9quilibre et la protection cellulaire.<\/p>\n<p>&nbsp;<\/p>\n<p>&nbsp;<\/p>\n<p>&nbsp;<\/p>\n<p>&nbsp;<\/p>\n","protected":false},"featured_media":10964,"comment_status":"open","ping_status":"closed","template":"","meta":{"wds_primary_product_brand":0,"wds_primary_product_cat":20,"wds_primary_merken":0},"product_brand":[],"product_cat":[5370],"product_tag":[571,905,5372,1164,648,706,5371,947,1716],"merken":[2756],"class_list":{"0":"post-10311","1":"product","2":"type-product","3":"status-publish","4":"has-post-thumbnail","6":"product_cat-complements-alimentaires","7":"product_tag-antioxydant","8":"product_tag-curcumine-fr","9":"product_tag-immunite","10":"product_tag-inflammation","11":"product_tag-joints-fr","12":"product_tag-liposomale","13":"product_tag-ngd-care-sante-humaine","14":"product_tag-reparer","15":"product_tag-soins-ngd","16":"merken-ngdcare","17":"infinite-scroll-item","18":"sales-flash-overlay","19":"woocommerce-text-align-center","20":"woocommerce-image-align-center","21":"do-quantity-buttons","23":"first","24":"instock","25":"taxable","26":"shipping-taxable","27":"purchasable","28":"product-type-simple"},"_links":{"self":[{"href":"https:\/\/www.ngdcare.nl\/fr\/wp-json\/wp\/v2\/product\/10311","targetHints":{"allow":["GET"]}}],"collection":[{"href":"https:\/\/www.ngdcare.nl\/fr\/wp-json\/wp\/v2\/product"}],"about":[{"href":"https:\/\/www.ngdcare.nl\/fr\/wp-json\/wp\/v2\/types\/product"}],"replies":[{"embeddable":true,"href":"https:\/\/www.ngdcare.nl\/fr\/wp-json\/wp\/v2\/comments?post=10311"}],"wp:featuredmedia":[{"embeddable":true,"href":"https:\/\/www.ngdcare.nl\/fr\/wp-json\/wp\/v2\/media\/10964"}],"wp:attachment":[{"href":"https:\/\/www.ngdcare.nl\/fr\/wp-json\/wp\/v2\/media?parent=10311"}],"wp:term":[{"taxonomy":"product_brand","embeddable":true,"href":"https:\/\/www.ngdcare.nl\/fr\/wp-json\/wp\/v2\/product_brand?post=10311"},{"taxonomy":"product_cat","embeddable":true,"href":"https:\/\/www.ngdcare.nl\/fr\/wp-json\/wp\/v2\/product_cat?post=10311"},{"taxonomy":"product_tag","embeddable":true,"href":"https:\/\/www.ngdcare.nl\/fr\/wp-json\/wp\/v2\/product_tag?post=10311"},{"taxonomy":"merken","embeddable":true,"href":"https:\/\/www.ngdcare.nl\/fr\/wp-json\/wp\/v2\/merken?post=10311"}],"curies":[{"name":"wp","href":"https:\/\/api.w.org\/{rel}","templated":true}]}}