{"id":10351,"date":"2025-11-16T13:38:29","date_gmt":"2025-11-16T12:38:29","guid":{"rendered":"https:\/\/www.ngdcare.nl\/?post_type=product&#038;p=10351"},"modified":"2025-11-24T12:52:14","modified_gmt":"2025-11-24T11:52:14","slug":"complexe-de-vitamine-b-liposomale-complexe-liposomal-active-vit-b-kopie","status":"publish","type":"product","link":"https:\/\/www.ngdcare.nl\/fr\/product\/sante-humaine\/complements-alimentaires\/complexe-de-vitamine-b-liposomale-complexe-liposomal-active-vit-b-kopie\/","title":{"rendered":"Complexe Liposomal Actif Vit B"},"content":{"rendered":"<p style=\"font-weight: 400;\">Les vitamines B jouent un r\u00f4le central dans la conversion des aliments en \u00e9nergie, la construction et la protection du syst\u00e8me nerveux, les processus de m\u00e9thylation ainsi que la r\u00e9gulation de l\u2019humeur et de la r\u00e9ponse au stress. Dans ce <strong>complexe B liposomal<\/strong> , les vitamines B sont offertes sous forme biologiquement active (telles que la m\u00e9thylcobalamine, le m\u00e9thylfolate et le P-5-P), ce qui les rend directement utilisables dans le m\u00e9tabolisme cellulaire, ainsi que chez les personnes pr\u00e9sentant des variantes g\u00e9n\u00e9tiques du m\u00e9tabolisme du folate ou de la B12 (par exemple, polymorphismes MTHFR). Le traitement liposomal augmente \u00e9galement l\u2019absorption et rend le complexe doux pour l\u2019estomac et les intestins.  <\/p>\n<p style=\"font-weight: 400;\">Ce complexe B soutient \u00e0 la fois physiquement et mentalement : il contribue <strong>\u00e0 la r\u00e9duction de la fatigue, au fonctionnement normal du syst\u00e8me nerveux et de la psych\u00e9, au m\u00e9tabolisme de l\u2019homocyst\u00e9ine, \u00e0 la formation des globules rouges et aux processus de d\u00e9toxification<\/strong>. Il convient donc au stress, aux p\u00e9riodes charg\u00e9es, \u00e0 la r\u00e9cup\u00e9ration apr\u00e8s une maladie, au travail cognitif intensif ou comme base dans un plan de traitement int\u00e9gratif. <\/p>\n<p style=\"font-weight: 400;\">En raison de la combinaison des formes B actives et de la technologie liposomale, cette formule convient parfaitement aux personnes sensibles aux formes synth\u00e9tiques standard ou pour lesquelles une suppl\u00e9mentation ant\u00e9rieure en vitamine B n\u2019a pas donn\u00e9 un effet suffisant. Le produit peut \u00eatre utilis\u00e9 en toute s\u00e9curit\u00e9 au quotidien et se combine bien avec le magn\u00e9sium, les om\u00e9gas, le complexe NAD+ et les adaptog\u00e8nes. <\/p>\n","protected":false},"excerpt":{"rendered":"<p style=\"font-weight: 400;\">Le complexe vitaminique B liposomal de NGD Care contient des vitamines B actives dans une matrice liposomale bien absorbable. Soutient le m\u00e9tabolisme \u00e9nerg\u00e9tique, le syst\u00e8me nerveux, la fonction mentale et la r\u00e9sistance au stress. <\/p>\n","protected":false},"featured_media":10930,"comment_status":"open","ping_status":"closed","template":"","meta":{"wds_primary_product_brand":0,"wds_primary_product_cat":23,"wds_primary_merken":0},"product_brand":[],"product_cat":[5370],"product_tag":[792,654,706,5468,5467,5371,1716,866,5407,1195,5466],"merken":[2756],"class_list":{"0":"post-10351","1":"product","2":"type-product","3":"status-publish","4":"has-post-thumbnail","6":"product_cat-complements-alimentaires","7":"product_tag-complexe-b","8":"product_tag-energie-fr","9":"product_tag-liposomale","10":"product_tag-methyle-b12","11":"product_tag-methylfolate","12":"product_tag-ngd-care-sante-humaine","13":"product_tag-soins-ngd","14":"product_tag-stress-fr","15":"product_tag-supplements-humains","16":"product_tag-systeme-nerveux","17":"product_tag-vitamines-b-actives","18":"merken-ngdcare","19":"infinite-scroll-item","20":"sales-flash-overlay","21":"woocommerce-text-align-center","22":"woocommerce-image-align-center","23":"do-quantity-buttons","25":"first","26":"instock","27":"taxable","28":"shipping-taxable","29":"purchasable","30":"product-type-simple"},"_links":{"self":[{"href":"https:\/\/www.ngdcare.nl\/fr\/wp-json\/wp\/v2\/product\/10351","targetHints":{"allow":["GET"]}}],"collection":[{"href":"https:\/\/www.ngdcare.nl\/fr\/wp-json\/wp\/v2\/product"}],"about":[{"href":"https:\/\/www.ngdcare.nl\/fr\/wp-json\/wp\/v2\/types\/product"}],"replies":[{"embeddable":true,"href":"https:\/\/www.ngdcare.nl\/fr\/wp-json\/wp\/v2\/comments?post=10351"}],"wp:featuredmedia":[{"embeddable":true,"href":"https:\/\/www.ngdcare.nl\/fr\/wp-json\/wp\/v2\/media\/10930"}],"wp:attachment":[{"href":"https:\/\/www.ngdcare.nl\/fr\/wp-json\/wp\/v2\/media?parent=10351"}],"wp:term":[{"taxonomy":"product_brand","embeddable":true,"href":"https:\/\/www.ngdcare.nl\/fr\/wp-json\/wp\/v2\/product_brand?post=10351"},{"taxonomy":"product_cat","embeddable":true,"href":"https:\/\/www.ngdcare.nl\/fr\/wp-json\/wp\/v2\/product_cat?post=10351"},{"taxonomy":"product_tag","embeddable":true,"href":"https:\/\/www.ngdcare.nl\/fr\/wp-json\/wp\/v2\/product_tag?post=10351"},{"taxonomy":"merken","embeddable":true,"href":"https:\/\/www.ngdcare.nl\/fr\/wp-json\/wp\/v2\/merken?post=10351"}],"curies":[{"name":"wp","href":"https:\/\/api.w.org\/{rel}","templated":true}]}}