{"id":10371,"date":"2025-11-16T13:59:01","date_gmt":"2025-11-16T12:59:01","guid":{"rendered":"https:\/\/www.ngdcare.nl\/?post_type=product&#038;p=10371"},"modified":"2025-12-01T20:43:32","modified_gmt":"2025-12-01T19:43:32","slug":"nad-liposomal-resveratrol-et-ergotioneine-soutien-de-la-longevite-kopie","status":"publish","type":"product","link":"https:\/\/www.ngdcare.nl\/fr\/product\/complements-alimentaires\/nad-liposomal-resveratrol-et-ergotioneine-soutien-de-la-longevite-kopie\/","title":{"rendered":"Soutien de la long\u00e9vit\u00e9 liposomale"},"content":{"rendered":"<p style=\"font-weight: 400;\"><strong>Le NAD\u207a<\/strong> (nicotinamide ad\u00e9nine dinucl\u00e9otide) est un cofacteur crucial dans la production d\u2019\u00e9nergie, la r\u00e9paration de l\u2019ADN et le m\u00e9tabolisme cellulaire. Avec l\u2019\u00e2ge, les niveaux de NAD\u207a diminuent progressivement, ce qui est associ\u00e9 \u00e0 une alt\u00e9ration de la fonction mitochondriale, \u00e0 une r\u00e9cup\u00e9ration plus lente et \u00e0 des processus de vieillissement. <strong>Le resv\u00e9ratrol<\/strong> est un polyph\u00e9nol qui peut influencer l\u2019activit\u00e9 de SIRT1 et soutient ainsi les voies de r\u00e9ponse au stress, de m\u00e9tabolisme et de vieillissement. <strong>L\u2019ergothioneine<\/strong> est un antioxydant unique contenant du soufre, qui est sp\u00e9cifiquement absorb\u00e9 par les cellules et les tissus via le transporteur OCTN1 et joue un r\u00f4le protecteur contre le stress oxydatif et nitrosatif. <\/p>\n<p style=\"font-weight: 400;\">Dans cette formule liposomale, les trois substances sont combin\u00e9es pour soutenir <strong>la gestion synergique de l\u2019\u00e9nergie, la protection cellulaire et les processus de r\u00e9paration<\/strong>. Le pr\u00e9curseur de NAD contribue \u00e0 reconstituer les r\u00e9serves de NAD\u207a, le resv\u00e9ratrol soutient l\u2019activit\u00e9 de la sirtuine et la sant\u00e9 vasculaire, et l\u2019ergothion\u00e9ine offre une protection redox \u00e0 long terme dans les tissus \u00e0 forte activit\u00e9 m\u00e9tabolique (comme le cerveau, le c\u0153ur et le foie). Cela rend la formule adapt\u00e9e \u00e0 la fatigue, \u00e0 la r\u00e9cup\u00e9ration apr\u00e8s une maladie, \u00e0 l\u2019augmentation du stress oxydatif, au risque cardiom\u00e9tabolique et dans le cadre d\u2019une strat\u00e9gie int\u00e9grative de \u00ab vieillissement sain \u00bb.  <\/p>\n<p style=\"font-weight: 400;\">La matrice liposomale garantit que ces substances sensibles sont bien absorb\u00e9es et restent prot\u00e9g\u00e9es dans le tube digestif. La formule a \u00e9t\u00e9 d\u00e9velopp\u00e9e pour les adultes et les th\u00e9rapeutes souhaitant se concentrer sur les mitochondries, le vieillissement cellulaire et la sant\u00e9 du syst\u00e8me, sans doses extr\u00eames ou exp\u00e9rimentales. <\/p>\n","protected":false},"excerpt":{"rendered":"<p style=\"font-weight: 400;\">Le Liposomal Longevity Support combine un pr\u00e9curseur de NAD avec le resv\u00e9ratrol et l\u2019ergothioneine dans une formule liposomale hautement absorbable. Soutient la gestion de l\u2019\u00e9nergie, la protection cellulaire et les processus impliqu\u00e9s dans le vieillissement sain. <\/p>\n<p style=\"font-weight: 400;\">\n","protected":false},"featured_media":11020,"comment_status":"open","ping_status":"closed","template":"","meta":[],"product_brand":[],"product_cat":[5370],"product_tag":[5615,706,664,5613,732,5371,572,733,5617,1716,1079],"merken":[2756],"class_list":{"0":"post-10371","1":"product","2":"type-product","3":"status-publish","4":"has-post-thumbnail","6":"product_cat-complements-alimentaires","7":"product_tag-ergothioneine","8":"product_tag-liposomale","9":"product_tag-longevite","10":"product_tag-mitochondrie","11":"product_tag-nad-fr","12":"product_tag-ngd-care-sante-humaine","13":"product_tag-protection-cellulaire","14":"product_tag-resveratrol-fr","15":"product_tag-sirtuins","16":"product_tag-soins-ngd","17":"product_tag-vieillissement","18":"merken-ngdcare","19":"infinite-scroll-item","20":"sales-flash-overlay","21":"woocommerce-text-align-center","22":"woocommerce-image-align-center","23":"do-quantity-buttons","25":"first","26":"instock","27":"taxable","28":"shipping-taxable","29":"purchasable","30":"product-type-simple"},"_links":{"self":[{"href":"https:\/\/www.ngdcare.nl\/fr\/wp-json\/wp\/v2\/product\/10371","targetHints":{"allow":["GET"]}}],"collection":[{"href":"https:\/\/www.ngdcare.nl\/fr\/wp-json\/wp\/v2\/product"}],"about":[{"href":"https:\/\/www.ngdcare.nl\/fr\/wp-json\/wp\/v2\/types\/product"}],"replies":[{"embeddable":true,"href":"https:\/\/www.ngdcare.nl\/fr\/wp-json\/wp\/v2\/comments?post=10371"}],"wp:featuredmedia":[{"embeddable":true,"href":"https:\/\/www.ngdcare.nl\/fr\/wp-json\/wp\/v2\/media\/11020"}],"wp:attachment":[{"href":"https:\/\/www.ngdcare.nl\/fr\/wp-json\/wp\/v2\/media?parent=10371"}],"wp:term":[{"taxonomy":"product_brand","embeddable":true,"href":"https:\/\/www.ngdcare.nl\/fr\/wp-json\/wp\/v2\/product_brand?post=10371"},{"taxonomy":"product_cat","embeddable":true,"href":"https:\/\/www.ngdcare.nl\/fr\/wp-json\/wp\/v2\/product_cat?post=10371"},{"taxonomy":"product_tag","embeddable":true,"href":"https:\/\/www.ngdcare.nl\/fr\/wp-json\/wp\/v2\/product_tag?post=10371"},{"taxonomy":"merken","embeddable":true,"href":"https:\/\/www.ngdcare.nl\/fr\/wp-json\/wp\/v2\/merken?post=10371"}],"curies":[{"name":"wp","href":"https:\/\/api.w.org\/{rel}","templated":true}]}}