{"id":10403,"date":"2025-11-16T14:15:46","date_gmt":"2025-11-16T13:15:46","guid":{"rendered":"https:\/\/www.ngdcare.nl\/?post_type=product&#038;p=10403"},"modified":"2025-11-24T13:24:27","modified_gmt":"2025-11-24T12:24:27","slug":"melange-de-champignons-liposomaux-1-complexe-myco-immun-liposomal-kopie","status":"publish","type":"product","link":"https:\/\/www.ngdcare.nl\/fr\/product\/sante-humaine\/complements-alimentaires\/melange-de-champignons-liposomaux-1-complexe-myco-immun-liposomal-kopie\/","title":{"rendered":"Complexe immunitaire myco-liposomal"},"content":{"rendered":"<p><strong><span style=\"font-weight: 400;\">Soins NGD \u2013 Le complexe immunitaire <strong>myco-liposomal <\/strong><\/span> <\/strong>est un puissant m\u00e9lange de quatre champignons m\u00e9dicinaux : <strong style=\"font-weight: 400;\">Agaricus blazei Murill, Maitake (Grifola frondosa), Shiitake (Lentinula edodes)<\/strong> et <strong style=\"font-weight: 400;\">Coriolus versicolor (queue de dinde).<\/strong> Ces champignons ont une longue tradition en phytoth\u00e9rapie et une base scientifique croissante. Leurs principaux composants actifs sont les polysaccharides et les \u03b2-glucanes qui modulent le syst\u00e8me immunitaire inn\u00e9 et adaptatif via des r\u00e9cepteurs tels que Dectin-1, les TLR et les voies du compl\u00e9ment. En les formulant liposomiquement, les extraits sont mieux prot\u00e9g\u00e9s et absorb\u00e9s, ce qui est particuli\u00e8rement important pour les personnes au syst\u00e8me digestif fragile.   <\/p>\n<p>Le Myco Complexe Immunitaire soutient une r\u00e9ponse immunitaire \u00e9quilibr\u00e9e : il peut moduler \u00e0 la fois les r\u00e9ponses immunitaires sous-actives et suractives, et est donc souvent utilis\u00e9 pour <strong>r\u00e9duire la r\u00e9sistance, la gu\u00e9rison apr\u00e8s une maladie, augmenter la susceptibilit\u00e9 aux infections <\/strong>et comme \u00e9l\u00e9ment de soutien dans<strong> les trajectoires oncologiques ou chroniques<\/strong> des maladies (toujours en consultation avec le praticien). De plus, les champignons contribuent \u00e0 la vitalit\u00e9, \u00e0 la protection antioxydante et au soutien de la fonction h\u00e9patique et intestinale. <\/p>\n<p>En combinant plusieurs champignons, diff\u00e9rents m\u00e9canismes d\u2019action sont regroup\u00e9s, ce qui donne un soutien du syst\u00e8me immunitaire large, mais en m\u00eame temps relativement l\u00e9ger, et physiologique. La matrice liposomale rend cette formule adapt\u00e9e \u00e0 une utilisation prolong\u00e9e et aux patients sensibles, moins bien tol\u00e9r\u00e9s par des doses \u00e9lev\u00e9es de produits \u00e0 base de champignons crus. <\/p>\n<p data-start=\"14463\" data-end=\"14479\">\n","protected":false},"excerpt":{"rendered":"<p class=\"p3\">Le complexe immunitaire mycon-liposomal combine quatre champignons m\u00e9dicinaux pour soutenir le syst\u00e8me immunitaire, la r\u00e9cup\u00e9ration et la vitalit\u00e9. La forme liposomale augmente l\u2019absorption et la biodisponibilit\u00e9. <\/p>\n","protected":false},"featured_media":10997,"comment_status":"open","ping_status":"closed","template":"","meta":{"wds_primary_product_brand":0,"wds_primary_product_cat":21,"wds_primary_merken":0},"product_brand":[],"product_cat":[5370],"product_tag":[892,5579,894,706,893,5577,5578,5371,891,1716,570],"merken":[],"class_list":{"0":"post-10403","1":"product","2":"type-product","3":"status-publish","4":"has-post-thumbnail","6":"product_cat-complements-alimentaires","7":"product_tag-agaricus-fr","8":"product_tag-beta-glucanes","9":"product_tag-coriolus-fr","10":"product_tag-liposomale","11":"product_tag-maitake-fr","12":"product_tag-melange-de-champignons","13":"product_tag-myco-immune","14":"product_tag-ngd-care-sante-humaine","15":"product_tag-shiitake-fr","16":"product_tag-soins-ngd","17":"product_tag-systeme-immunitaire","18":"infinite-scroll-item","19":"sales-flash-overlay","20":"woocommerce-text-align-center","21":"woocommerce-image-align-center","22":"do-quantity-buttons","24":"first","25":"instock","26":"featured","27":"taxable","28":"shipping-taxable","29":"purchasable","30":"product-type-simple"},"_links":{"self":[{"href":"https:\/\/www.ngdcare.nl\/fr\/wp-json\/wp\/v2\/product\/10403","targetHints":{"allow":["GET"]}}],"collection":[{"href":"https:\/\/www.ngdcare.nl\/fr\/wp-json\/wp\/v2\/product"}],"about":[{"href":"https:\/\/www.ngdcare.nl\/fr\/wp-json\/wp\/v2\/types\/product"}],"replies":[{"embeddable":true,"href":"https:\/\/www.ngdcare.nl\/fr\/wp-json\/wp\/v2\/comments?post=10403"}],"wp:featuredmedia":[{"embeddable":true,"href":"https:\/\/www.ngdcare.nl\/fr\/wp-json\/wp\/v2\/media\/10997"}],"wp:attachment":[{"href":"https:\/\/www.ngdcare.nl\/fr\/wp-json\/wp\/v2\/media?parent=10403"}],"wp:term":[{"taxonomy":"product_brand","embeddable":true,"href":"https:\/\/www.ngdcare.nl\/fr\/wp-json\/wp\/v2\/product_brand?post=10403"},{"taxonomy":"product_cat","embeddable":true,"href":"https:\/\/www.ngdcare.nl\/fr\/wp-json\/wp\/v2\/product_cat?post=10403"},{"taxonomy":"product_tag","embeddable":true,"href":"https:\/\/www.ngdcare.nl\/fr\/wp-json\/wp\/v2\/product_tag?post=10403"},{"taxonomy":"merken","embeddable":true,"href":"https:\/\/www.ngdcare.nl\/fr\/wp-json\/wp\/v2\/merken?post=10403"}],"curies":[{"name":"wp","href":"https:\/\/api.w.org\/{rel}","templated":true}]}}