{"id":10464,"date":"2025-11-16T15:11:48","date_gmt":"2025-11-16T14:11:48","guid":{"rendered":"https:\/\/www.ngdcare.nl\/?post_type=product&#038;p=10464"},"modified":"2025-11-24T12:41:54","modified_gmt":"2025-11-24T11:41:54","slug":"liposomale-vitamine-c-liposomal-vitamin-c-kopie","status":"publish","type":"product","link":"https:\/\/www.ngdcare.nl\/fr\/product\/sante-humaine\/complements-alimentaires\/liposomale-vitamine-c-liposomal-vitamin-c-kopie\/","title":{"rendered":"Vitamine C liposomale"},"content":{"rendered":"<p style=\"font-weight: 400;\"><strong>La vitamine C<\/strong> est un antioxydant essentiel qui joue un r\u00f4le important dans le <strong>syst\u00e8me immunitaire<\/strong>, <strong>la production de collag\u00e8ne,<\/strong> le <strong>m\u00e9tabolisme \u00e9nerg\u00e9tique<\/strong> et <strong>la protection contre le stress oxydatif<\/strong>. La plupart des formes de vitamine C sont rapidement d\u00e9compos\u00e9es dans le tube digestif, ce qui limite l\u2019absorption et peut provoquer des douleurs abdominales \u00e0 des doses \u00e9lev\u00e9es. NGD Care utilise donc une forme liposomale, dans laquelle la vitamine C est encapsul\u00e9e dans des phospholipides. En cons\u00e9quence, il est absorb\u00e9 plus directement par la lymphe et est mieux tol\u00e9r\u00e9 par les intestins sensibles.   <\/p>\n<p style=\"font-weight: 400;\">La vitamine C liposomale soutient le syst\u00e8me immunitaire aussi bien dans les situations aigu\u00ebs que de mani\u00e8re pr\u00e9ventive. En raison de sa forte absorption, il atteint plus rapidement les cellules qui d\u00e9pendent d\u2019un ascorbate suffisant, telles que les cellules immunitaires, h\u00e9patiques, fibroblastes et tissus c\u00e9r\u00e9braux. La vitamine C est \u00e9galement n\u00e9cessaire \u00e0 la synth\u00e8se du collag\u00e8ne, qui contribue \u00e0 la r\u00e9paration de la peau, \u00e0 la solidit\u00e9 de la paroi vasculaire et \u00e0 la sant\u00e9 des tissus conjonctifs.  <\/p>\n<p style=\"font-weight: 400;\">Parce que la vitamine C est impliqu\u00e9e dans des centaines de processus biochimiques, la demande d\u2019ascorbate est particuli\u00e8rement \u00e9lev\u00e9e lors du stress, des infections, du stress chronique ou des p\u00e9riodes de r\u00e9cup\u00e9ration. La forme liposomale permet d\u2019atteindre une biodisponibilit\u00e9 \u00e9lev\u00e9e avec des doses faibles \u00e0 mod\u00e9r\u00e9es, sans le risque de troubles gastro-intestinaux comme survient avec la vitamine C ordinaire. Ce compl\u00e9ment peut \u00eatre utilis\u00e9 quotidiennement en toute s\u00e9curit\u00e9 et s\u2019int\u00e8gre parfaitement aux protocoles int\u00e9gratifs.  <\/p>\n","protected":false},"excerpt":{"rendered":"<p style=\"font-weight: 400;\">La vitamine C liposomale de NGD Care offre une tr\u00e8s forte absorption, soutient le syst\u00e8me immunitaire, aide \u00e0 r\u00e9duire le stress oxydatif et soutient la production de collag\u00e8ne. Douce pour l\u2019estomac et les intestins. <\/p>\n","protected":false},"featured_media":10908,"comment_status":"open","ping_status":"closed","template":"","meta":{"wds_primary_product_brand":0,"wds_primary_product_cat":187,"wds_primary_merken":0},"product_brand":[],"product_cat":[5370],"product_tag":[571,1048,5372,706,5371,1716,5408,5407,5409],"merken":[],"class_list":{"0":"post-10464","1":"product","2":"type-product","3":"status-publish","4":"has-post-thumbnail","6":"product_cat-complements-alimentaires","7":"product_tag-antioxydant","8":"product_tag-collagene","9":"product_tag-immunite","10":"product_tag-liposomale","11":"product_tag-ngd-care-sante-humaine","12":"product_tag-soins-ngd","13":"product_tag-stress-oxydatif","14":"product_tag-supplements-humains","15":"product_tag-vitamine-c","16":"infinite-scroll-item","17":"sales-flash-overlay","18":"woocommerce-text-align-center","19":"woocommerce-image-align-center","20":"do-quantity-buttons","22":"first","23":"instock","24":"taxable","25":"shipping-taxable","26":"purchasable","27":"product-type-simple"},"_links":{"self":[{"href":"https:\/\/www.ngdcare.nl\/fr\/wp-json\/wp\/v2\/product\/10464","targetHints":{"allow":["GET"]}}],"collection":[{"href":"https:\/\/www.ngdcare.nl\/fr\/wp-json\/wp\/v2\/product"}],"about":[{"href":"https:\/\/www.ngdcare.nl\/fr\/wp-json\/wp\/v2\/types\/product"}],"replies":[{"embeddable":true,"href":"https:\/\/www.ngdcare.nl\/fr\/wp-json\/wp\/v2\/comments?post=10464"}],"wp:featuredmedia":[{"embeddable":true,"href":"https:\/\/www.ngdcare.nl\/fr\/wp-json\/wp\/v2\/media\/10908"}],"wp:attachment":[{"href":"https:\/\/www.ngdcare.nl\/fr\/wp-json\/wp\/v2\/media?parent=10464"}],"wp:term":[{"taxonomy":"product_brand","embeddable":true,"href":"https:\/\/www.ngdcare.nl\/fr\/wp-json\/wp\/v2\/product_brand?post=10464"},{"taxonomy":"product_cat","embeddable":true,"href":"https:\/\/www.ngdcare.nl\/fr\/wp-json\/wp\/v2\/product_cat?post=10464"},{"taxonomy":"product_tag","embeddable":true,"href":"https:\/\/www.ngdcare.nl\/fr\/wp-json\/wp\/v2\/product_tag?post=10464"},{"taxonomy":"merken","embeddable":true,"href":"https:\/\/www.ngdcare.nl\/fr\/wp-json\/wp\/v2\/merken?post=10464"}],"curies":[{"name":"wp","href":"https:\/\/api.w.org\/{rel}","templated":true}]}}