{"id":10484,"date":"2025-11-16T15:32:09","date_gmt":"2025-11-16T14:32:09","guid":{"rendered":"https:\/\/www.ngdcare.nl\/?post_type=product&#038;p=10484"},"modified":"2025-11-24T15:31:41","modified_gmt":"2025-11-24T14:31:41","slug":"pea-liposomal-et-boswellia-complexe-pea-liposomal-kopie","status":"publish","type":"product","link":"https:\/\/www.ngdcare.nl\/fr\/product\/complements-alimentaires\/pea-liposomal-et-boswellia-complexe-pea-liposomal-kopie\/","title":{"rendered":"Complexe PEA liposomal"},"content":{"rendered":"<p style=\"font-weight: 400;\"><strong>La palmitoyl\u00e9thanolamide<\/strong> (PEA) est un compos\u00e9 propre \u00e0 l\u2019organisme impliqu\u00e9 dans la r\u00e9gulation de la douleur, de l\u2019inflammation et de l\u2019activit\u00e9 immunitaire via des r\u00e9cepteurs tels que le PPAR-\u03b1, le GPR55 et des voies similaires aux cannabino\u00efdes. Elle est produite dans le corps lors du stress, de la charge tissulaire ou de l\u2019inflammation, mais cette production peut <strong>\u00eatre insuffisante dans les plaintes chroniques<\/strong>. <strong>Boswellia serrata<\/strong> contient des acides boswelliques, dont l\u2019AKBA (acide ac\u00e9tyl-11-c\u00e9to-\u03b2-boswellique), qui, entre autres, inhibent le 5-LOX et r\u00e9duisent ainsi la production de leucotr\u00e9\u00e8nes pro-inflammatoires. <\/p>\n<p style=\"font-weight: 400;\">La combinaison de la PEA et de la Boswellia offre une double action : la PEA favorise la modulation de la neuroinflammation et de la perception de la douleur, tandis que la Boswellia agit sp\u00e9cifiquement sur les voies inflammatoires des tissus. La matrice liposomale garantit que les deux substances sont mieux absorb\u00e9es et disponibles plus rapidement pour les cellules concern\u00e9es. <\/p>\n<p style=\"font-weight: 400;\">Ce compl\u00e9ment peut \u00eatre utilis\u00e9 pour la douleur \u00e0 long terme, la surstimulation du syst\u00e8me nerveux, les tensions articulaires, la tension musculaire, la sensibilit\u00e9 \u00e0 l\u2019inflammation et les processus de r\u00e9cup\u00e9ration. La formule est douce, bien tol\u00e9r\u00e9e et adapt\u00e9e aux personnes souhaitant un soutien naturel et syst\u00e9mique sans l\u2019impact des analg\u00e9siques puissants. <\/p>\n","protected":false},"excerpt":{"rendered":"<p style=\"font-weight: 400;\">Le complexe PEA liposomal soutient la r\u00e9gulation naturelle de la douleur, le confort nerveux et l\u2019\u00e9quilibre inflammatoire. La forme liposomale augmente l\u2019absorption et l\u2019efficacit\u00e9. <\/p>\n","protected":false},"featured_media":11800,"comment_status":"open","ping_status":"closed","template":"","meta":[],"product_brand":[],"product_cat":[5370],"product_tag":[854,711,1045,5601,1098,1347,5738,855,858,706,857,856,5371,1002,1716,1389,5407],"merken":[2756],"class_list":{"0":"post-10484","1":"product","2":"type-product","3":"status-publish","4":"has-post-thumbnail","6":"product_cat-complements-alimentaires","7":"product_tag-analgesique-naturel","8":"product_tag-anti-inflammatoire-naturel","9":"product_tag-arthrose-fr","10":"product_tag-balance-dallumage","11":"product_tag-boswellia-fr","12":"product_tag-complements-alimentaires-ngd-care","13":"product_tag-douleur","14":"product_tag-endocannabinoide","15":"product_tag-glaucome","16":"product_tag-liposomale","17":"product_tag-neuropathie-fr","18":"product_tag-nevralgie","19":"product_tag-ngd-care-sante-humaine","20":"product_tag-pois","21":"product_tag-soins-ngd","22":"product_tag-soutien-articulaire","23":"product_tag-supplements-humains","24":"merken-ngdcare","25":"infinite-scroll-item","26":"sales-flash-overlay","27":"woocommerce-text-align-center","28":"woocommerce-image-align-center","29":"do-quantity-buttons","31":"first","32":"instock","33":"taxable","34":"shipping-taxable","35":"purchasable","36":"product-type-simple"},"_links":{"self":[{"href":"https:\/\/www.ngdcare.nl\/fr\/wp-json\/wp\/v2\/product\/10484","targetHints":{"allow":["GET"]}}],"collection":[{"href":"https:\/\/www.ngdcare.nl\/fr\/wp-json\/wp\/v2\/product"}],"about":[{"href":"https:\/\/www.ngdcare.nl\/fr\/wp-json\/wp\/v2\/types\/product"}],"replies":[{"embeddable":true,"href":"https:\/\/www.ngdcare.nl\/fr\/wp-json\/wp\/v2\/comments?post=10484"}],"wp:featuredmedia":[{"embeddable":true,"href":"https:\/\/www.ngdcare.nl\/fr\/wp-json\/wp\/v2\/media\/11800"}],"wp:attachment":[{"href":"https:\/\/www.ngdcare.nl\/fr\/wp-json\/wp\/v2\/media?parent=10484"}],"wp:term":[{"taxonomy":"product_brand","embeddable":true,"href":"https:\/\/www.ngdcare.nl\/fr\/wp-json\/wp\/v2\/product_brand?post=10484"},{"taxonomy":"product_cat","embeddable":true,"href":"https:\/\/www.ngdcare.nl\/fr\/wp-json\/wp\/v2\/product_cat?post=10484"},{"taxonomy":"product_tag","embeddable":true,"href":"https:\/\/www.ngdcare.nl\/fr\/wp-json\/wp\/v2\/product_tag?post=10484"},{"taxonomy":"merken","embeddable":true,"href":"https:\/\/www.ngdcare.nl\/fr\/wp-json\/wp\/v2\/merken?post=10484"}],"curies":[{"name":"wp","href":"https:\/\/api.w.org\/{rel}","templated":true}]}}