{"id":10525,"date":"2025-11-16T21:45:15","date_gmt":"2025-11-16T20:45:15","guid":{"rendered":"https:\/\/www.ngdcare.nl\/?post_type=product&#038;p=10525"},"modified":"2025-11-24T14:51:21","modified_gmt":"2025-11-24T13:51:21","slug":"melange-denzymes-1-enzymes-digestives-kopie","status":"publish","type":"product","link":"https:\/\/www.ngdcare.nl\/fr\/product\/complements-alimentaires\/melange-denzymes-1-enzymes-digestives-kopie\/","title":{"rendered":"Enzymes digestives"},"content":{"rendered":"<p style=\"font-weight: 400;\"><strong>NGD Care \u2013 Digestive Enzymes <\/strong>est une combinaison soigneusement formul\u00e9e d\u2019enzymes digestives pour favoriser <strong>la digestion chez les chiens et les chats<\/strong>. Cette formule aide \u00e0 d\u00e9composer les prot\u00e9ines, les graisses, les glucides, le lactose et les fibres, et soutient \u00e0 la fois la <g id=\"gid_2\">fonction gastrique<\/g> (pepsine, b\u00e9ta\u00efne) et la <g id=\"gid_3\">fonction pancr\u00e9atique<\/g> (amylase, lipase, prot\u00e9ase). Le suppl\u00e9ment est particuli\u00e8rement adapt\u00e9 \u00e0 la production r\u00e9duite d\u2019enzymes en raison du <strong>stress<\/strong>, <strong>d\u2019une inflammation de faible intensit\u00e9<\/strong>, de <strong>troubles gastro-intestinaux chroniques<\/strong> ou d\u2019affections telles que l\u2019insuffisance <strong>pancr\u00e9atique<\/strong>.  <\/p>\n<p style=\"font-weight: 400;\">Les enzymes de cette formule sont largement applicables :<\/p>\n<ul>\n<li><strong>Amylase<\/strong> \u2013 d\u00e9compose les amidons en sucres simples<\/li>\n<li><strong>Lipase<\/strong> \u2013 aide \u00e0 la digestion des graisses<\/li>\n<li><strong>Prot\u00e9ase, papa\u00efne et pepsine<\/strong> \u2013 prot\u00e9ines de digestion<\/li>\n<li><strong>Brom\u00e9la\u00efne<\/strong> \u2013 s\u00e9paration des prot\u00e9ines et anti-inflammatoire, fonctionne \u00e9galement pour les allergies<\/li>\n<li><strong>Cellulase<\/strong> \u2013 d\u00e9compose les fibres v\u00e9g\u00e9tales<\/li>\n<li><strong>Lactase<\/strong> \u2013 facilite la digestion du lactose<\/li>\n<li><strong>B\u00e9ta\u00efne<\/strong> \u2013 active la pepsine dans l\u2019estomac<\/li>\n<\/ul>\n<p style=\"font-weight: 400;\">En raison de la composition dans une <strong>g\u00e9lule r\u00e9sistante \u00e0 l\u2019acide gastrique<\/strong> , les enzymes ne deviennent actives que dans les intestins, o\u00f9 elles peuvent soutenir de mani\u00e8re optimale la digestion.<\/p>\n","protected":false},"excerpt":{"rendered":"<div>\n<p class=\"p3\">M\u00e9lange complet d\u2019enzymes digestives pour soutenir la fonction gastrique et pancr\u00e9atique chez les chiens et les chats. Aide \u00e0 la digestion des prot\u00e9ines, des graisses, des glucides et des fibres. <\/p>\n<\/div>\n","protected":false},"featured_media":11068,"comment_status":"open","ping_status":"closed","template":"","meta":[],"product_brand":[],"product_cat":[5370],"product_tag":[578,755,1347,588,580,754,587,586,585,574,753,5714,577,5715,5371,1716,5407],"merken":[],"class_list":{"0":"post-10525","1":"product","2":"type-product","3":"status-publish","4":"has-post-thumbnail","6":"product_cat-complements-alimentaires","7":"product_tag-amylase-fr","8":"product_tag-betaine-hcl-fr","9":"product_tag-complements-alimentaires-ngd-care","10":"product_tag-digestion-fr-2","11":"product_tag-digestion-fr","12":"product_tag-digestion-de-lamidon","13":"product_tag-digestion-des-glucides","14":"product_tag-digestion-des-graisses","15":"product_tag-digestion-des-proteines","16":"product_tag-enzymes-fr","17":"product_tag-enzymes-digestives-fr","18":"product_tag-lactase","19":"product_tag-lipase-fr","20":"product_tag-melange-enzymatique","21":"product_tag-ngd-care-sante-humaine","22":"product_tag-soins-ngd","23":"product_tag-supplements-humains","24":"infinite-scroll-item","25":"sales-flash-overlay","26":"woocommerce-text-align-center","27":"woocommerce-image-align-center","28":"do-quantity-buttons","30":"first","31":"onbackorder","32":"taxable","33":"shipping-taxable","34":"purchasable","35":"product-type-simple"},"_links":{"self":[{"href":"https:\/\/www.ngdcare.nl\/fr\/wp-json\/wp\/v2\/product\/10525","targetHints":{"allow":["GET"]}}],"collection":[{"href":"https:\/\/www.ngdcare.nl\/fr\/wp-json\/wp\/v2\/product"}],"about":[{"href":"https:\/\/www.ngdcare.nl\/fr\/wp-json\/wp\/v2\/types\/product"}],"replies":[{"embeddable":true,"href":"https:\/\/www.ngdcare.nl\/fr\/wp-json\/wp\/v2\/comments?post=10525"}],"wp:featuredmedia":[{"embeddable":true,"href":"https:\/\/www.ngdcare.nl\/fr\/wp-json\/wp\/v2\/media\/11068"}],"wp:attachment":[{"href":"https:\/\/www.ngdcare.nl\/fr\/wp-json\/wp\/v2\/media?parent=10525"}],"wp:term":[{"taxonomy":"product_brand","embeddable":true,"href":"https:\/\/www.ngdcare.nl\/fr\/wp-json\/wp\/v2\/product_brand?post=10525"},{"taxonomy":"product_cat","embeddable":true,"href":"https:\/\/www.ngdcare.nl\/fr\/wp-json\/wp\/v2\/product_cat?post=10525"},{"taxonomy":"product_tag","embeddable":true,"href":"https:\/\/www.ngdcare.nl\/fr\/wp-json\/wp\/v2\/product_tag?post=10525"},{"taxonomy":"merken","embeddable":true,"href":"https:\/\/www.ngdcare.nl\/fr\/wp-json\/wp\/v2\/merken?post=10525"}],"curies":[{"name":"wp","href":"https:\/\/api.w.org\/{rel}","templated":true}]}}