{"id":10546,"date":"2025-11-16T22:09:48","date_gmt":"2025-11-16T21:09:48","guid":{"rendered":"https:\/\/www.ngdcare.nl\/?post_type=product&#038;p=10546"},"modified":"2025-11-24T14:46:52","modified_gmt":"2025-11-24T13:46:52","slug":"enzyme-mix-2-nettoyant-pour-biofilm-kopie","status":"publish","type":"product","link":"https:\/\/www.ngdcare.nl\/fr\/product\/sante-humaine\/complements-alimentaires\/enzyme-mix-2-nettoyant-pour-biofilm-kopie\/","title":{"rendered":"\u00c9quilibre du biofilm"},"content":{"rendered":"<p data-start=\"15990\" data-end=\"17309\"><strong>NGD Care Biofilm Balance<\/strong> est un complexe enzymatique d\u00e9velopp\u00e9 pour perturber les biofilms pathog\u00e8nes dans le tube digestif de mani\u00e8re cibl\u00e9e. Un biofilm mature est constitu\u00e9 d\u2019une matrice protectrice de polysaccharides, prot\u00e9ines, lipides, mucines et ADN microbien. Cette matrice rend les bact\u00e9ries, levures et structures parasitaires moins sensibles aux cellules immunitaires, \u00e0 l\u2019oxyg\u00e8ne, aux fluctuations du pH et aux interventions antimicrobiennes. La combinaison des enzymes dans Biofilm Balance est sp\u00e9cifiquement con\u00e7ue pour d\u00e9composer ces couches matricielles, afin que les micro-organismes pathog\u00e8nes deviennent plus accessibles au syst\u00e8me immunitaire et \u00e0 des th\u00e9rapies suppl\u00e9mentaires.   <\/p>\n<p data-start=\"1314\" data-end=\"1915\">La formule contient <strong>de l\u2019amylase<\/strong> et d\u2019autres enzymes polysaccharides pour d\u00e9composer la matrice sucri\u00e8re extracellulaire (EPS). <strong>La prot\u00e9ase<\/strong> cible les structures prot\u00e9iques, y compris les lectines et les prot\u00e9ines d\u2019adh\u00e9sion dont les bact\u00e9ries ont besoin pour s\u2019attacher \u00e0 la muqueuse intestinale. <strong>La lipase<\/strong> soutient la dissolution des composants riches en graisse du biofilm, qui fournissent, entre autres, les propri\u00e9t\u00e9s hydrofuges et protectrices de la matrice.<\/p>\n<p data-start=\"1917\" data-end=\"2469\"><strong>La N-ac\u00e9tylcyst\u00e9ine<\/strong> (NAC) am\u00e9liore ce processus en desserrant les liaisons disulfure dans la couche muqueuse et les structures du biofilm, rendant la matrice moins visqueuse et permettant aux enzymes de mieux p\u00e9n\u00e9trer. Le NAC a \u00e9galement un effet antioxydant et mucolytique et est d\u00e9crit dans la litt\u00e9rature comme l\u2019une des substances les plus efficaces contre les biofilms bact\u00e9riens et fongiques, notamment en combinaison avec des prot\u00e9ases. La combinaison de l\u2019activit\u00e9 enzymatique et de la NAC cr\u00e9e une <strong data-start=\"2378\" data-end=\"2406\">attaque multidimensionnelle<\/strong> sur les biofilms : m\u00e9caniquement, enzymatiquement, chimiquement et structurellement.  <\/p>\n<p data-start=\"2471\" data-end=\"3056\">L\u2019\u00e9quilibre biofilm est destin\u00e9 \u00e0 \u00eatre un soutien sp\u00e9cialis\u00e9 dans les trajectoires intestinales int\u00e9gratives, par exemple en cas de dysbiose persistante, d\u2019infections r\u00e9currentes, d\u2019inflammation de bas grade, de plaintes de type SIBO ou de stagnation du progr\u00e8s aux phases 1 et 2 d\u2019un protocole digestif. Comme la d\u00e9gradation des biofilms peut stimuler temporairement la d\u00e9toxification et l\u2019activation immunitaire, ce produit est g\u00e9n\u00e9ralement utilis\u00e9 \u00e0 des doses soigneusement \u00e9labor\u00e9es. La synergie des enzymes avec la NAC rend cette formule puissante, mais aussi bien contr\u00f4lable et adapt\u00e9e \u00e0 un accompagnement th\u00e9rapeutique en pratique humaine.  <\/p>\n","protected":false},"excerpt":{"rendered":"<p class=\"p3\">Biofilm Balance est un complexe enzymatique intensif comprenant amilase, prot\u00e9ase, lipase et NAC. D\u00e9velopp\u00e9 sp\u00e9cifiquement pour d\u00e9composer les biofilms pathog\u00e8nes dans le tube digestif et soutenir la r\u00e9paration du microbiome. <\/p>\n","protected":false},"featured_media":11053,"comment_status":"open","ping_status":"closed","template":"","meta":{"wds_primary_product_brand":0,"wds_primary_product_cat":16,"wds_primary_merken":0},"product_brand":[],"product_cat":[5370],"product_tag":[578,571,575,581,573,588,580,587,586,585,574,583,753,577,5690,576,5371,579,572,582,5692,584,1716,5691,5407,570],"merken":[2756],"class_list":{"0":"post-10546","1":"product","2":"type-product","3":"status-publish","4":"has-post-thumbnail","6":"product_cat-complements-alimentaires","7":"product_tag-amylase-fr","8":"product_tag-antioxydant","9":"product_tag-cna","10":"product_tag-desintoxication-fr","11":"product_tag-desintoxication","12":"product_tag-digestion-fr-2","13":"product_tag-digestion-fr","14":"product_tag-digestion-des-glucides","15":"product_tag-digestion-des-graisses","16":"product_tag-digestion-des-proteines","17":"product_tag-enzymes-fr","18":"product_tag-enzymes-digestives","19":"product_tag-enzymes-digestives-fr","20":"product_tag-lipase-fr","21":"product_tag-melange-enzymatique-2","22":"product_tag-n-acetylcysteine-fr","23":"product_tag-ngd-care-sante-humaine","24":"product_tag-protease-fr","25":"product_tag-protection-cellulaire","26":"product_tag-protection-du-foie","27":"product_tag-repas-copieux","28":"product_tag-sante-intestinale","29":"product_tag-soins-ngd","30":"product_tag-soutien-au-pancreas","31":"product_tag-supplements-humains","32":"product_tag-systeme-immunitaire","33":"merken-ngdcare","34":"infinite-scroll-item","35":"sales-flash-overlay","36":"woocommerce-text-align-center","37":"woocommerce-image-align-center","38":"do-quantity-buttons","40":"first","41":"instock","42":"taxable","43":"shipping-taxable","44":"purchasable","45":"product-type-simple"},"_links":{"self":[{"href":"https:\/\/www.ngdcare.nl\/fr\/wp-json\/wp\/v2\/product\/10546","targetHints":{"allow":["GET"]}}],"collection":[{"href":"https:\/\/www.ngdcare.nl\/fr\/wp-json\/wp\/v2\/product"}],"about":[{"href":"https:\/\/www.ngdcare.nl\/fr\/wp-json\/wp\/v2\/types\/product"}],"replies":[{"embeddable":true,"href":"https:\/\/www.ngdcare.nl\/fr\/wp-json\/wp\/v2\/comments?post=10546"}],"wp:featuredmedia":[{"embeddable":true,"href":"https:\/\/www.ngdcare.nl\/fr\/wp-json\/wp\/v2\/media\/11053"}],"wp:attachment":[{"href":"https:\/\/www.ngdcare.nl\/fr\/wp-json\/wp\/v2\/media?parent=10546"}],"wp:term":[{"taxonomy":"product_brand","embeddable":true,"href":"https:\/\/www.ngdcare.nl\/fr\/wp-json\/wp\/v2\/product_brand?post=10546"},{"taxonomy":"product_cat","embeddable":true,"href":"https:\/\/www.ngdcare.nl\/fr\/wp-json\/wp\/v2\/product_cat?post=10546"},{"taxonomy":"product_tag","embeddable":true,"href":"https:\/\/www.ngdcare.nl\/fr\/wp-json\/wp\/v2\/product_tag?post=10546"},{"taxonomy":"merken","embeddable":true,"href":"https:\/\/www.ngdcare.nl\/fr\/wp-json\/wp\/v2\/merken?post=10546"}],"curies":[{"name":"wp","href":"https:\/\/api.w.org\/{rel}","templated":true}]}}