{"id":10567,"date":"2025-11-16T22:54:27","date_gmt":"2025-11-16T21:54:27","guid":{"rendered":"https:\/\/www.ngdcare.nl\/?post_type=product&#038;p=10567"},"modified":"2025-11-24T12:57:23","modified_gmt":"2025-11-24T11:57:23","slug":"kefir-deau-probiotiques-fermentes-kopie","status":"publish","type":"product","link":"https:\/\/www.ngdcare.nl\/fr\/product\/complements-alimentaires\/kefir-deau-probiotiques-fermentes-kopie\/","title":{"rendered":"Probiotiques ferment\u00e9s"},"content":{"rendered":"<p style=\"font-weight: 400;\"><strong>NGD Care \u2013 Le k\u00e9fir d\u2019eau <\/strong> est un k\u00e9fir ferment\u00e9 ferment\u00e9 lyophilis\u00e9. Cette formule contient <strong>plus de 50 souches diff\u00e9rentes de bact\u00e9ries et levures naturelles<\/strong>, incluant diverses esp\u00e8ces de <em>Lactobacillus<\/em>, <em>Saccharomyces<\/em>, <em>Candida<\/em>, <em>Kluyveromyces<\/em> et <em>Acetobacter<\/em>. Cela en fait un complexe probiotique \u00e0 large action destin\u00e9 \u00e0 soutenir la diversit\u00e9 et la r\u00e9silience du microbiome digestif.  <\/p>\n<p style=\"font-weight: 400;\">Le produit peut aider \u00e0 la r\u00e9cup\u00e9ration apr\u00e8s antibiotiques, soutenir les selles et r\u00e9duire les plaintes intestinales fonctionnelles. La production de SCFA, de lactate et d\u2019autres m\u00e9tabolites influence favorablement le pH et l\u2019environnement dans l\u2019intestin. De plus, le microbiome intestinal joue un r\u00f4le dans l\u2019axe intestin-cerveau et l\u2019axe immunitaire intestin, ce qui signifie que le k\u00e9fir peut \u00e9galement influencer indirectement l\u2019humeur, la r\u00e9sistance au stress et la r\u00e9sistance g\u00e9n\u00e9rale.  <\/p>\n<p style=\"font-weight: 400;\">Comme chaque intestin r\u00e9agit diff\u00e9remment, il est important de commencer lentement avec les intestins sensibles et d\u2019augmenter la dose \u00e9tape par \u00e9tape. Probiotiques ferment\u00e9s \u2013 Le k\u00e9fir peut \u00eatre bien combin\u00e9 avec des pr\u00e9biotiques, des enzymes et d\u2019autres agents de soutien intestinal selon un protocole sur mesure. <\/p>\n","protected":false},"excerpt":{"rendered":"<p>Les probiotiques ferment\u00e9s contiennent des bact\u00e9ries vivantes et des levures issues de cultures de k\u00e9fir pour soutenir le microbiome intestinal, la digestion et l\u2019\u00e9quilibre immunitaire.<\/p>\n","protected":false},"featured_media":10942,"comment_status":"open","ping_status":"closed","template":"","meta":[],"product_brand":[],"product_cat":[5370],"product_tag":[1347,1342,653,1345,797,798,5371,800,5489,584,1716,770,5407,570],"merken":[2756],"class_list":{"0":"post-10567","1":"product","2":"type-product","3":"status-publish","4":"has-post-thumbnail","6":"product_cat-complements-alimentaires","7":"product_tag-complements-alimentaires-ngd-care","8":"product_tag-fermentation","9":"product_tag-holistique","10":"product_tag-kefir-fr","11":"product_tag-kefir-deau","12":"product_tag-microbiome-fr","13":"product_tag-ngd-care-sante-humaine","14":"product_tag-probiotiques","15":"product_tag-probiotiques-fermentes","16":"product_tag-sante-intestinale","17":"product_tag-soins-ngd","18":"product_tag-supplement-fr","19":"product_tag-supplements-humains","20":"product_tag-systeme-immunitaire","21":"merken-ngdcare","22":"infinite-scroll-item","23":"sales-flash-overlay","24":"woocommerce-text-align-center","25":"woocommerce-image-align-center","26":"do-quantity-buttons","28":"first","29":"instock","30":"taxable","31":"shipping-taxable","32":"purchasable","33":"product-type-simple"},"_links":{"self":[{"href":"https:\/\/www.ngdcare.nl\/fr\/wp-json\/wp\/v2\/product\/10567","targetHints":{"allow":["GET"]}}],"collection":[{"href":"https:\/\/www.ngdcare.nl\/fr\/wp-json\/wp\/v2\/product"}],"about":[{"href":"https:\/\/www.ngdcare.nl\/fr\/wp-json\/wp\/v2\/types\/product"}],"replies":[{"embeddable":true,"href":"https:\/\/www.ngdcare.nl\/fr\/wp-json\/wp\/v2\/comments?post=10567"}],"wp:featuredmedia":[{"embeddable":true,"href":"https:\/\/www.ngdcare.nl\/fr\/wp-json\/wp\/v2\/media\/10942"}],"wp:attachment":[{"href":"https:\/\/www.ngdcare.nl\/fr\/wp-json\/wp\/v2\/media?parent=10567"}],"wp:term":[{"taxonomy":"product_brand","embeddable":true,"href":"https:\/\/www.ngdcare.nl\/fr\/wp-json\/wp\/v2\/product_brand?post=10567"},{"taxonomy":"product_cat","embeddable":true,"href":"https:\/\/www.ngdcare.nl\/fr\/wp-json\/wp\/v2\/product_cat?post=10567"},{"taxonomy":"product_tag","embeddable":true,"href":"https:\/\/www.ngdcare.nl\/fr\/wp-json\/wp\/v2\/product_tag?post=10567"},{"taxonomy":"merken","embeddable":true,"href":"https:\/\/www.ngdcare.nl\/fr\/wp-json\/wp\/v2\/merken?post=10567"}],"curies":[{"name":"wp","href":"https:\/\/api.w.org\/{rel}","templated":true}]}}