{"id":10587,"date":"2025-11-17T10:33:51","date_gmt":"2025-11-17T09:33:51","guid":{"rendered":"https:\/\/www.ngdcare.nl\/?post_type=product&#038;p=10587"},"modified":"2025-11-24T14:39:59","modified_gmt":"2025-11-24T13:39:59","slug":"quercetine-hsh-liposomale-equilibre-histamine-liposomale-kopie","status":"publish","type":"product","link":"https:\/\/www.ngdcare.nl\/fr\/product\/complements-alimentaires\/quercetine-hsh-liposomale-equilibre-histamine-liposomale-kopie\/","title":{"rendered":"\u00c9quilibre histamine liposomale"},"content":{"rendered":"<p style=\"font-weight: 400;\"><strong>Le MSM<\/strong> (m\u00e9thylsulfonylm\u00e9thane) est une source naturelle de soufre organique, un \u00e9l\u00e9ment essentiel pour le tissu conjonctif, la formation de collag\u00e8ne, la sant\u00e9 articulaire et les processus de d\u00e9toxification. Il est souvent utilis\u00e9 pour la raideur, la tension des muscles et des articulations ainsi que la sensibilit\u00e9 syst\u00e9mique. <strong>La querc\u00e9tine<\/strong> est un bioflavono\u00efde puissant avec une action similaire \u00e0 celle des antihistaminiques via la stabilisation des mastocytes, l\u2019antioxydation et l\u2019inhibition des voies inflammatoires telles que le NF-\u03baB et le COX\/LOX. <\/p>\n<p style=\"font-weight: 400;\">Le<strong> NGD Care Histamine Balance<\/strong> forme une combinaison synergique de MSM et de querc\u00e9tine offrant un soutien large et soutenant aux personnes souffrant <strong>de plaintes allergiques<\/strong>, de sensibilit\u00e9 \u00e0 l\u2019histamine, de probl\u00e8mes pulmonaires et du nez, de sensibilit\u00e9 cutan\u00e9e, d\u2019\u00e9longations articulaires ou de r\u00e9cup\u00e9ration apr\u00e8s un stress physique. Le MSM soutient l\u2019\u00e9quilibre du soufre et l\u2019activit\u00e9 enzymatique, tandis que la querc\u00e9tine att\u00e9nue la lib\u00e9ration d\u2019histamine, r\u00e9duit le stress oxydatif et module les processus inflammatoires. <\/p>\n<p style=\"font-weight: 400;\">Cette combinaison est douce, s\u00fbre et adapt\u00e9e \u00e0 un usage prolong\u00e9. Il s\u2019inscrit dans des protocoles int\u00e9gratifs visant la r\u00e9gulation de l\u2019histamine, les probl\u00e8mes cutan\u00e9s et respiratoires, le confort articulaire, la r\u00e9cup\u00e9ration sportive et les processus de d\u00e9sintoxication. <\/p>\n","protected":false},"excerpt":{"rendered":"<p class=\"p3\"><strong>NGD Care L\u2019\u00e9quilibre histaminique<\/strong> <strong> soutient le confort des articulations, l\u2019\u00e9quilibre de l\u2019inflammation et la r\u00e9gulation de l\u2019histamine. Id\u00e9al pour la sensibilit\u00e9, les allergies, la tension et la r\u00e9cup\u00e9ration.<\/strong> <\/p>\n","protected":false},"featured_media":11031,"comment_status":"open","ping_status":"closed","template":"","meta":[],"product_brand":[],"product_cat":[5370],"product_tag":[1000,711,709,712,568,1347,710,653,1164,648,706,707,5371,708,1716,5407,570],"merken":[2756],"class_list":{"0":"post-10587","1":"product","2":"type-product","3":"status-publish","4":"has-post-thumbnail","6":"product_cat-complements-alimentaires","7":"product_tag-allergie-fr","8":"product_tag-anti-inflammatoire-naturel","9":"product_tag-antihistaminiques","10":"product_tag-antihistaminiques-naturels","11":"product_tag-chiens","12":"product_tag-complements-alimentaires-ngd-care","13":"product_tag-histamine-fr","14":"product_tag-holistique","15":"product_tag-inflammation","16":"product_tag-joints-fr","17":"product_tag-liposomale","18":"product_tag-msm-fr","19":"product_tag-ngd-care-sante-humaine","20":"product_tag-quercetine-fr","21":"product_tag-soins-ngd","22":"product_tag-supplements-humains","23":"product_tag-systeme-immunitaire","24":"merken-ngdcare","25":"infinite-scroll-item","26":"sales-flash-overlay","27":"woocommerce-text-align-center","28":"woocommerce-image-align-center","29":"do-quantity-buttons","31":"first","32":"instock","33":"taxable","34":"shipping-taxable","35":"purchasable","36":"product-type-simple"},"_links":{"self":[{"href":"https:\/\/www.ngdcare.nl\/fr\/wp-json\/wp\/v2\/product\/10587","targetHints":{"allow":["GET"]}}],"collection":[{"href":"https:\/\/www.ngdcare.nl\/fr\/wp-json\/wp\/v2\/product"}],"about":[{"href":"https:\/\/www.ngdcare.nl\/fr\/wp-json\/wp\/v2\/types\/product"}],"replies":[{"embeddable":true,"href":"https:\/\/www.ngdcare.nl\/fr\/wp-json\/wp\/v2\/comments?post=10587"}],"wp:featuredmedia":[{"embeddable":true,"href":"https:\/\/www.ngdcare.nl\/fr\/wp-json\/wp\/v2\/media\/11031"}],"wp:attachment":[{"href":"https:\/\/www.ngdcare.nl\/fr\/wp-json\/wp\/v2\/media?parent=10587"}],"wp:term":[{"taxonomy":"product_brand","embeddable":true,"href":"https:\/\/www.ngdcare.nl\/fr\/wp-json\/wp\/v2\/product_brand?post=10587"},{"taxonomy":"product_cat","embeddable":true,"href":"https:\/\/www.ngdcare.nl\/fr\/wp-json\/wp\/v2\/product_cat?post=10587"},{"taxonomy":"product_tag","embeddable":true,"href":"https:\/\/www.ngdcare.nl\/fr\/wp-json\/wp\/v2\/product_tag?post=10587"},{"taxonomy":"merken","embeddable":true,"href":"https:\/\/www.ngdcare.nl\/fr\/wp-json\/wp\/v2\/merken?post=10587"}],"curies":[{"name":"wp","href":"https:\/\/api.w.org\/{rel}","templated":true}]}}