{"id":10615,"date":"2025-11-17T11:38:08","date_gmt":"2025-11-17T10:38:08","guid":{"rendered":"https:\/\/www.ngdcare.nl\/?post_type=product&#038;p=10615"},"modified":"2025-11-24T15:26:15","modified_gmt":"2025-11-24T14:26:15","slug":"huile-de-cbd-liposomale-huile-de-cbd-liposomale-kopie","status":"publish","type":"product","link":"https:\/\/www.ngdcare.nl\/fr\/product\/sante-humaine\/complements-alimentaires\/huile-de-cbd-liposomale-huile-de-cbd-liposomale-kopie\/","title":{"rendered":"Huile de CBD liposomale"},"content":{"rendered":"<p style=\"font-weight: 400;\"><strong>Le CBD<\/strong> (cannabidiol) est un cannabino\u00efde non psychoactif qui soutient le syst\u00e8me endocannabino\u00efde (SEC), le syst\u00e8me impliqu\u00e9 dans le stress, la douleur, l\u2019humeur, l\u2019\u00e9quilibre inflammatoire et la r\u00e9gulation du sommeil. <strong>L\u2019huile de CBD NGD Care<\/strong> contient un <strong>extrait \u00e0 spectre complet<\/strong> contenant des terp\u00e8nes naturels et des cannabino\u00efdes, sans intoxication. De plus, il dispose d\u2019un traitement lipfacial unique qui garantit une absorbabilit\u00e9 exceptionnellement \u00e9lev\u00e9e et une stabilit\u00e9 dans les tissus. Le CBD agit via la modulation des voies CB1\/CB2, du TRPV1, de la s\u00e9rotonine (5-HT1A) et de l\u2019\u00e9quilibre GABA, entre autres.  <\/p>\n<p style=\"font-weight: 400;\">L\u2019huile convient au stress, \u00e0 la tension, aux troubles du sommeil, aux douleurs, \u00e0 la sensibilit\u00e9 \u00e0 l\u2019inflammation et \u00e0 la surstimulation. Lorsqu\u2019il est utilis\u00e9 de mani\u00e8re r\u00e9guli\u00e8re, le CBD peut aider \u00e0 r\u00e9tablir l\u2019\u00e9quilibre du SEQ, avec des effets sur le repos, la tension musculaire, l\u2019humeur et la perception de la douleur. <\/p>\n<p style=\"font-weight: 400;\">Le produit est propos\u00e9 en doses douces et faciles \u00e0 doser et convient \u00e0 un usage quotidien. Il contient &lt;0,05 % de THC et respecte les normes europ\u00e9ennes. <\/p>\n","protected":false},"excerpt":{"rendered":"<div>\n<p class=\"p3\">L\u2019huile de CBD liposomale \u00e0 spectre complet soutient la relaxation, le syst\u00e8me nerveux, la r\u00e9gulation de la douleur et l\u2019\u00e9quilibre du stress via le syst\u00e8me endocannabino\u00efde.<\/p>\n<\/div>\n","protected":false},"featured_media":11822,"comment_status":"open","ping_status":"closed","template":"","meta":{"wds_primary_product_brand":0,"wds_primary_product_cat":187,"wds_primary_merken":0},"product_brand":[],"product_cat":[5370],"product_tag":[745,738,650,746,737,5739,1046,5740,5738,5741,740,741,739,706,5371,742,743,744,866],"merken":[2756],"class_list":{"0":"post-10615","1":"product","2":"type-product","3":"status-publish","4":"has-post-thumbnail","6":"product_cat-complements-alimentaires","7":"product_tag-ameliore-le-sommeil","8":"product_tag-analgesique","9":"product_tag-anti-inflammatoire","10":"product_tag-apaisant","11":"product_tag-cancer-fr","12":"product_tag-cannabinoides","13":"product_tag-cdb","14":"product_tag-dormir","15":"product_tag-douleur","16":"product_tag-ecs","17":"product_tag-huile-de-cbd","18":"product_tag-huile-de-cbd-4","19":"product_tag-huile-de-cbd-a-spectre-complet","20":"product_tag-liposomale","21":"product_tag-ngd-care-sante-humaine","22":"product_tag-reduction-du-stress","23":"product_tag-reduire-lanxiete","24":"product_tag-reduit-lanxiete","25":"product_tag-stress-fr","26":"merken-ngdcare","27":"infinite-scroll-item","28":"sales-flash-overlay","29":"woocommerce-text-align-center","30":"woocommerce-image-align-center","31":"do-quantity-buttons","33":"first","34":"instock","35":"taxable","36":"shipping-taxable","37":"purchasable","38":"product-type-variable"},"_links":{"self":[{"href":"https:\/\/www.ngdcare.nl\/fr\/wp-json\/wp\/v2\/product\/10615","targetHints":{"allow":["GET"]}}],"collection":[{"href":"https:\/\/www.ngdcare.nl\/fr\/wp-json\/wp\/v2\/product"}],"about":[{"href":"https:\/\/www.ngdcare.nl\/fr\/wp-json\/wp\/v2\/types\/product"}],"replies":[{"embeddable":true,"href":"https:\/\/www.ngdcare.nl\/fr\/wp-json\/wp\/v2\/comments?post=10615"}],"wp:featuredmedia":[{"embeddable":true,"href":"https:\/\/www.ngdcare.nl\/fr\/wp-json\/wp\/v2\/media\/11822"}],"wp:attachment":[{"href":"https:\/\/www.ngdcare.nl\/fr\/wp-json\/wp\/v2\/media?parent=10615"}],"wp:term":[{"taxonomy":"product_brand","embeddable":true,"href":"https:\/\/www.ngdcare.nl\/fr\/wp-json\/wp\/v2\/product_brand?post=10615"},{"taxonomy":"product_cat","embeddable":true,"href":"https:\/\/www.ngdcare.nl\/fr\/wp-json\/wp\/v2\/product_cat?post=10615"},{"taxonomy":"product_tag","embeddable":true,"href":"https:\/\/www.ngdcare.nl\/fr\/wp-json\/wp\/v2\/product_tag?post=10615"},{"taxonomy":"merken","embeddable":true,"href":"https:\/\/www.ngdcare.nl\/fr\/wp-json\/wp\/v2\/merken?post=10615"}],"curies":[{"name":"wp","href":"https:\/\/api.w.org\/{rel}","templated":true}]}}