{"id":10672,"date":"2025-11-17T13:44:08","date_gmt":"2025-11-17T12:44:08","guid":{"rendered":"https:\/\/www.ngdcare.nl\/?post_type=product&#038;p=10672"},"modified":"2025-11-24T12:38:37","modified_gmt":"2025-11-24T11:38:37","slug":"ashwagandha-et-rhodiola-liposomal-complexe-adaptogene-liposomal-kopie","status":"publish","type":"product","link":"https:\/\/www.ngdcare.nl\/fr\/product\/sante-humaine\/complements-alimentaires\/ashwagandha-et-rhodiola-liposomal-complexe-adaptogene-liposomal-kopie\/","title":{"rendered":"Complexe adaptog\u00e8ne liposomal"},"content":{"rendered":"<p style=\"font-weight: 400;\"><strong>Le complexe d\u2019adaptog\u00e8nes liposomaux<\/strong> de <strong>NGD Care<\/strong> combine <strong>l\u2019ashwagandha (Withania somnifera)<\/strong> et <strong>la Rhodiola (Rhodiola rosea). <\/strong>L\u2019ashwagandha et la Rhodiola sont deux des adaptog\u00e8nes les plus \u00e9tudi\u00e9s. Ils r\u00e9gulent l\u2019axe HPA (hypothalamo-hypophyse-surr\u00e9nal), soutiennent la r\u00e9sistance au stress, r\u00e9duisent la fatigue mentale et aident le corps \u00e0 supporter une sollicitation prolong\u00e9e. <\/p>\n<p style=\"font-weight: 400;\">L\u2019ashwagandha a un effet calmant, favorise la qualit\u00e9 du sommeil et poss\u00e8de de l\u00e9g\u00e8res propri\u00e9t\u00e9s de modulation thyro\u00efdienne. La rhodiola a un effet activateur, augmente la clart\u00e9 mentale et soutient la production d\u2019\u00e9nergie mitochondriale. <\/p>\n<p style=\"font-weight: 400;\">Cette combinaison est id\u00e9ale pour le <strong>stress, la surcharge, l\u2019\u00e9puisement, la sensibilit\u00e9 aux stimuli, les sautes d\u2019humeur, la fatigue <\/strong>et les<strong> d\u00e9s\u00e9quilibres hormonaux<\/strong>. Les adaptog\u00e8nes fonctionnent de mani\u00e8re large : ils normalisent au lieu de stimuler ou de supprimer.<br data-start=\"12461\" data-end=\"12464\">La formule est tr\u00e8s adapt\u00e9e pour la r\u00e9cup\u00e9ration du stress et de l\u2019\u00e9puisement, pour le d\u00e9s\u00e9quilibre HPA (cortisol trop \u00e9lev\u00e9\/trop bas), pour le stress lors des examens, les p\u00e9riodes de surcharge mentale et la r\u00e9cup\u00e9ration apr\u00e8s une maladie. <\/p>\n","protected":false},"excerpt":{"rendered":"<p class=\"p3\">Un m\u00e9lange adaptog\u00e8ne avec l\u2019ashwagandha et la rhodiola liposomales pour soutenir la r\u00e9sistance au stress, l\u2019\u00e9nergie, l\u2019humeur et l\u2019\u00e9quilibre hormonal.<\/p>\n","protected":false},"featured_media":10887,"comment_status":"open","ping_status":"closed","template":"","meta":{"wds_primary_product_brand":0,"wds_primary_product_cat":187,"wds_primary_merken":0},"product_brand":[],"product_cat":[5370],"product_tag":[865,1145,567,5394,941,1347,799,946,945,654,948,942,1385,653,5392,706,5371,943,940,947,939,944,866,570,655],"merken":[2756],"class_list":{"0":"post-10672","1":"product","2":"type-product","3":"status-publish","4":"has-post-thumbnail","6":"product_cat-complements-alimentaires","7":"product_tag-adaptogene","8":"product_tag-adaptogenes","9":"product_tag-animaux","10":"product_tag-axe-hpa","11":"product_tag-complement-naturel","12":"product_tag-complements-alimentaires-ngd-care","13":"product_tag-comportement","14":"product_tag-concentration-et-concentration","15":"product_tag-digestion-du-sommeil","16":"product_tag-energie-fr","17":"product_tag-equilibre-emotionnel","18":"product_tag-equilibre-hormonal","19":"product_tag-glandes-surrenales","20":"product_tag-holistique","21":"product_tag-humeur","22":"product_tag-liposomale","23":"product_tag-ngd-care-sante-humaine","24":"product_tag-recreation-fr","25":"product_tag-reduction-du-stress-fr","26":"product_tag-reparer","27":"product_tag-rhodiola-fr","28":"product_tag-se-reposer","29":"product_tag-stress-fr","30":"product_tag-systeme-immunitaire","31":"product_tag-vitalite","32":"merken-ngdcare","33":"infinite-scroll-item","34":"sales-flash-overlay","35":"woocommerce-text-align-center","36":"woocommerce-image-align-center","37":"do-quantity-buttons","39":"first","40":"instock","41":"taxable","42":"shipping-taxable","43":"purchasable","44":"product-type-simple"},"_links":{"self":[{"href":"https:\/\/www.ngdcare.nl\/fr\/wp-json\/wp\/v2\/product\/10672","targetHints":{"allow":["GET"]}}],"collection":[{"href":"https:\/\/www.ngdcare.nl\/fr\/wp-json\/wp\/v2\/product"}],"about":[{"href":"https:\/\/www.ngdcare.nl\/fr\/wp-json\/wp\/v2\/types\/product"}],"replies":[{"embeddable":true,"href":"https:\/\/www.ngdcare.nl\/fr\/wp-json\/wp\/v2\/comments?post=10672"}],"wp:featuredmedia":[{"embeddable":true,"href":"https:\/\/www.ngdcare.nl\/fr\/wp-json\/wp\/v2\/media\/10887"}],"wp:attachment":[{"href":"https:\/\/www.ngdcare.nl\/fr\/wp-json\/wp\/v2\/media?parent=10672"}],"wp:term":[{"taxonomy":"product_brand","embeddable":true,"href":"https:\/\/www.ngdcare.nl\/fr\/wp-json\/wp\/v2\/product_brand?post=10672"},{"taxonomy":"product_cat","embeddable":true,"href":"https:\/\/www.ngdcare.nl\/fr\/wp-json\/wp\/v2\/product_cat?post=10672"},{"taxonomy":"product_tag","embeddable":true,"href":"https:\/\/www.ngdcare.nl\/fr\/wp-json\/wp\/v2\/product_tag?post=10672"},{"taxonomy":"merken","embeddable":true,"href":"https:\/\/www.ngdcare.nl\/fr\/wp-json\/wp\/v2\/merken?post=10672"}],"curies":[{"name":"wp","href":"https:\/\/api.w.org\/{rel}","templated":true}]}}