{"id":10713,"date":"2025-11-17T14:14:35","date_gmt":"2025-11-17T13:14:35","guid":{"rendered":"https:\/\/www.ngdcare.nl\/?post_type=product&#038;p=10713"},"modified":"2025-11-24T13:18:45","modified_gmt":"2025-11-24T12:18:45","slug":"huile-de-calanus-o-mega-blend-kopie","status":"publish","type":"product","link":"https:\/\/www.ngdcare.nl\/fr\/product\/sante-humaine\/complements-alimentaires\/huile-de-calanus-o-mega-blend-kopie\/","title":{"rendered":"M\u00e9lange O Mega"},"content":{"rendered":"<p><strong>NGD Care \u2013 O-Mega Blend <\/strong>est une huile de Calanus extraite du petit cop\u00e9pode de <strong><em>l\u2019Atlantique Nord Calanus finmarchicus<\/em><\/strong> et contient des graisses om\u00e9ga uniques sous forme d\u2019esters de cire, qui sont lib\u00e9r\u00e9s lentement et assurent donc une absorption stable. Il contient des pr\u00e9curseurs d\u2019EPA et de DHA, un acide st\u00e9aridonique (SDA), des antioxydants (comme l\u2019astaxanthine) et des lipides polaires qui ont un effet b\u00e9n\u00e9fique sur les mitochondries, le m\u00e9tabolisme lipidique et les processus inflammatoires. Notre m\u00e9lange O-Mega ne contient ni saumon, ni krill, ni huile de moule en raison de la <strong>plus faible puret\u00e9<\/strong> et de <strong>l\u2019impact \u00e9cologique plus \u00e9lev\u00e9<\/strong> de ces sources. Avec l\u2019huile de calanus, vous choisissez un <strong>compl\u00e9ment om\u00e9ga-3 pur, efficace et responsable.<\/strong>   <\/p>\n<p>L\u2019huile de calanus est souvent mieux tol\u00e9r\u00e9e que l\u2019huile de poisson traditionnelle et n\u2019a pas de go\u00fbt de poisson. La lib\u00e9ration lente a un effet l\u00e9ger sur le taux de sucre dans le sang et un flux d\u2019\u00e9nergie r\u00e9gulier. <\/p>\n<p>Le produit soutient la sant\u00e9 cardiovasculaire, le fonctionnement c\u00e9r\u00e9bral, le m\u00e9tabolisme, l\u2019\u00e9quilibre inflammatoire et la r\u00e9cup\u00e9ration. Il s\u2019inscrit parfaitement dans les protocoles int\u00e9gratifs pour la fatigue, le d\u00e9s\u00e9quilibre m\u00e9tabolique, l\u2019\u00e9puisement professionnel, la r\u00e9cup\u00e9ration sportive et la sensibilit\u00e9 \u00e0 l\u2019inflammation. <\/p>\n<p style=\"font-weight: 400;\">\n","protected":false},"excerpt":{"rendered":"<div>\n<p class=\"p3\">L\u2019huile de Calanus est une source unique d\u2019om\u00e9ga de zooplancton avec des esters cireux, des pr\u00e9curseurs EPA\/DHA et de l\u2019astaxanthine pour l\u2019\u00e9nergie, le m\u00e9tabolisme et l\u2019\u00e9quilibre inflammatoire.<\/p>\n<\/div>\n<p>&nbsp;<\/p>\n","protected":false},"featured_media":10987,"comment_status":"open","ping_status":"closed","template":"","meta":{"wds_primary_product_brand":0,"wds_primary_product_cat":187,"wds_primary_merken":0},"product_brand":[],"product_cat":[5370],"product_tag":[662,650,571,666,654,665,5545,653,656,1164,648,664,5546,5371,5544,657,659,661,660,1716,570,663,655],"merken":[2756],"class_list":{"0":"post-10713","1":"product","2":"type-product","3":"status-publish","4":"has-post-thumbnail","6":"product_cat-complements-alimentaires","7":"product_tag-alternative-a-lhuile-de-poisson","8":"product_tag-anti-inflammatoire","9":"product_tag-antioxydant","10":"product_tag-astaxanthine-fr","11":"product_tag-energie-fr","12":"product_tag-epa-et-dha","13":"product_tag-esters-cires","14":"product_tag-holistique","15":"product_tag-huile-de-calanus","16":"product_tag-inflammation","17":"product_tag-joints-fr","18":"product_tag-longevite","19":"product_tag-metabolisme","20":"product_tag-ngd-care-sante-humaine","21":"product_tag-omega","22":"product_tag-omega-3-fr","23":"product_tag-peau-saine","24":"product_tag-sante-cardiaque","25":"product_tag-sante-du-pelage","26":"product_tag-soins-ngd","27":"product_tag-systeme-immunitaire","28":"product_tag-vieillesse-en-bonne-sante","29":"product_tag-vitalite","30":"merken-ngdcare","31":"infinite-scroll-item","32":"sales-flash-overlay","33":"woocommerce-text-align-center","34":"woocommerce-image-align-center","35":"do-quantity-buttons","37":"first","38":"instock","39":"taxable","40":"shipping-taxable","41":"purchasable","42":"product-type-simple"},"_links":{"self":[{"href":"https:\/\/www.ngdcare.nl\/fr\/wp-json\/wp\/v2\/product\/10713","targetHints":{"allow":["GET"]}}],"collection":[{"href":"https:\/\/www.ngdcare.nl\/fr\/wp-json\/wp\/v2\/product"}],"about":[{"href":"https:\/\/www.ngdcare.nl\/fr\/wp-json\/wp\/v2\/types\/product"}],"replies":[{"embeddable":true,"href":"https:\/\/www.ngdcare.nl\/fr\/wp-json\/wp\/v2\/comments?post=10713"}],"wp:featuredmedia":[{"embeddable":true,"href":"https:\/\/www.ngdcare.nl\/fr\/wp-json\/wp\/v2\/media\/10987"}],"wp:attachment":[{"href":"https:\/\/www.ngdcare.nl\/fr\/wp-json\/wp\/v2\/media?parent=10713"}],"wp:term":[{"taxonomy":"product_brand","embeddable":true,"href":"https:\/\/www.ngdcare.nl\/fr\/wp-json\/wp\/v2\/product_brand?post=10713"},{"taxonomy":"product_cat","embeddable":true,"href":"https:\/\/www.ngdcare.nl\/fr\/wp-json\/wp\/v2\/product_cat?post=10713"},{"taxonomy":"product_tag","embeddable":true,"href":"https:\/\/www.ngdcare.nl\/fr\/wp-json\/wp\/v2\/product_tag?post=10713"},{"taxonomy":"merken","embeddable":true,"href":"https:\/\/www.ngdcare.nl\/fr\/wp-json\/wp\/v2\/merken?post=10713"}],"curies":[{"name":"wp","href":"https:\/\/api.w.org\/{rel}","templated":true}]}}