{"id":11173,"date":"2025-11-26T22:11:04","date_gmt":"2025-11-26T21:11:04","guid":{"rendered":"https:\/\/www.ngdcare.nl\/product\/non class\u00e9\/fleur-de-baies\/"},"modified":"2025-11-26T22:11:04","modified_gmt":"2025-11-26T21:11:04","slug":"fleur-de-baies","status":"publish","type":"product","link":"https:\/\/www.ngdcare.nl\/fr\/product\/sante-veterinaire\/enrichissement\/garnitures-alimentaires\/fleur-de-baies\/","title":{"rendered":"Fleur de baies"},"content":{"rendered":"<p data-start=\"2594\" data-end=\"2988\"><strong>La fleur de baie<\/strong> est un m\u00e9lange riche en couleur et en antioxydants de <strong>canneberges lyophilis\u00e9es<\/strong>, <strong>de cassis<\/strong> , et <strong>de fleurs comestibles<\/strong>. La lyophilisation pr\u00e9serve de mani\u00e8re optimale les polyph\u00e9nols naturels, colorants et vitamines. La combinaison des baies fonc\u00e9es et des fleurs offre un large \u00e9ventail de substances v\u00e9g\u00e9tales qui s\u2019int\u00e8grent dans un r\u00e9gime avec une attention particuli\u00e8re au soutien antioxydant.  <\/p>\n<p data-start=\"2990\" data-end=\"3358\">Ce m\u00e9lange a un go\u00fbt frais et peut facilement \u00eatre ajout\u00e9 au yaourt et aux smoothies chez l\u2019humain et les enfants, ainsi qu\u2019\u00e0 travers la viande fra\u00eeche ou la conserve. Les acides naturels et les pigments des baies en font un ajout attrayant aussi bien pour les humains que pour les animaux qui appr\u00e9cient une touche fruit\u00e9e dans leur alimentation. Les fleurs contribuent \u00e0 la variation des flavono\u00efdes et des colorants de l\u00e9gumes.  <\/p>\n<p data-start=\"3360\" data-end=\"3625\">La fleur de baie est id\u00e9ale pour un usage quotidien, comme ajout color\u00e9 \u00e0 un repas ou pour enrichir l\u2019alimentation. Le dosage doux et le go\u00fbt doux le rendent adapt\u00e9 \u00e0 tous les \u00e2ges et esp\u00e8ces animales, \u00e0 condition qu\u2019il soit adapt\u00e9 aux besoins individuels. <\/p>\n","protected":false},"excerpt":{"rendered":"<p data-start=\"5425\" data-end=\"5572\">Berry Blossom est un m\u00e9lange color\u00e9 de superaliments de canneberge, de cassis noir et de fleurs comestibles, pour les antioxydants, les polyph\u00e9nols et une saveur de fruits frais.<\/p>\n","protected":false},"featured_media":11175,"comment_status":"open","ping_status":"closed","template":"","meta":{"wds_primary_product_brand":0,"wds_primary_product_cat":0,"wds_primary_merken":0},"product_brand":[],"product_cat":[976,4771],"product_tag":[5816,5818,5820,5822,5826,5824,779],"merken":[],"class_list":{"0":"post-11173","1":"product","2":"type-product","3":"status-publish","4":"has-post-thumbnail","6":"product_cat-garnitures-alimentaires","7":"product_cat-superaliments","8":"product_tag-antioxydants","9":"product_tag-baies","10":"product_tag-canneberge","11":"product_tag-cassis","12":"product_tag-melange-de-fleurs","13":"product_tag-polyphenols","14":"product_tag-superaliment","15":"infinite-scroll-item","16":"sales-flash-overlay","17":"woocommerce-text-align-center","18":"woocommerce-image-align-center","19":"do-quantity-buttons","21":"first","22":"instock","23":"taxable","24":"shipping-taxable","25":"purchasable","26":"product-type-simple"},"_links":{"self":[{"href":"https:\/\/www.ngdcare.nl\/fr\/wp-json\/wp\/v2\/product\/11173","targetHints":{"allow":["GET"]}}],"collection":[{"href":"https:\/\/www.ngdcare.nl\/fr\/wp-json\/wp\/v2\/product"}],"about":[{"href":"https:\/\/www.ngdcare.nl\/fr\/wp-json\/wp\/v2\/types\/product"}],"replies":[{"embeddable":true,"href":"https:\/\/www.ngdcare.nl\/fr\/wp-json\/wp\/v2\/comments?post=11173"}],"wp:featuredmedia":[{"embeddable":true,"href":"https:\/\/www.ngdcare.nl\/fr\/wp-json\/wp\/v2\/media\/11175"}],"wp:attachment":[{"href":"https:\/\/www.ngdcare.nl\/fr\/wp-json\/wp\/v2\/media?parent=11173"}],"wp:term":[{"taxonomy":"product_brand","embeddable":true,"href":"https:\/\/www.ngdcare.nl\/fr\/wp-json\/wp\/v2\/product_brand?post=11173"},{"taxonomy":"product_cat","embeddable":true,"href":"https:\/\/www.ngdcare.nl\/fr\/wp-json\/wp\/v2\/product_cat?post=11173"},{"taxonomy":"product_tag","embeddable":true,"href":"https:\/\/www.ngdcare.nl\/fr\/wp-json\/wp\/v2\/product_tag?post=11173"},{"taxonomy":"merken","embeddable":true,"href":"https:\/\/www.ngdcare.nl\/fr\/wp-json\/wp\/v2\/merken?post=11173"}],"curies":[{"name":"wp","href":"https:\/\/api.w.org\/{rel}","templated":true}]}}