{"id":11204,"date":"2025-11-26T23:00:47","date_gmt":"2025-11-26T22:00:47","guid":{"rendered":"https:\/\/www.ngdcare.nl\/product\/non class\u00e9\/vitalite-verte\/"},"modified":"2025-11-26T23:00:47","modified_gmt":"2025-11-26T22:00:47","slug":"vitalite-verte","status":"publish","type":"product","link":"https:\/\/www.ngdcare.nl\/fr\/sante-veterinaire\/enrichissement\/garnitures-alimentaires\/vitalite-verte\/vitalite-verte\/","title":{"rendered":"Vitalit\u00e9 verte"},"content":{"rendered":"<p data-start=\"468\" data-end=\"881\"><strong>Green Vitality<\/strong> est une composition compos\u00e9e de quatre plantes nutritives : <strong>les \u00e9pinards<\/strong>, <strong>le brocoli<\/strong>, <strong>le chou fris\u00e9<\/strong> et <strong>la betterave<\/strong>. Ces l\u00e9gumes comptent parmi les sources les plus riches en phytonutriments dans l\u2019alimentation quotidienne et contiennent de la chlorophylle, des antioxydants, des vitamines et min\u00e9raux naturels. Ces substances contribuent \u00e0 l\u2019\u00e9nergie g\u00e9n\u00e9rale et apportent un soutien lorsqu\u2019il y a besoin de nutriments verts suppl\u00e9mentaires.  <\/p>\n<p data-start=\"883\" data-end=\"1257\">La combinaison des l\u00e9gumes-feuilles avec de la betterave cr\u00e9e un m\u00e9lange \u00e9quilibr\u00e9 de folates naturels, de fibres, de plantes riches en nitrates et de pigments de couleur. Cette composition convient aussi bien aux individus actifs qu\u2019aux situations o\u00f9 un suppl\u00e9ment de nutrition des plantes est souhait\u00e9. La poudre se m\u00e9lange facilement au yaourt, \u00e0 la viande fra\u00eeche, aux croquettes, aux smoothies ou aux m\u00e9langes de l\u00e9gumes.  <\/p>\n<p data-start=\"1259\" data-end=\"1487\">Green Vitality peut \u00eatre utilis\u00e9 quotidiennement pour soutenir une alimentation vari\u00e9e. Le go\u00fbt doux le rend facile \u00e0 utiliser aussi bien pour les mangeurs difficiles que pour les animaux qui r\u00e9agissent sensiblement aux saveurs fortes. <\/p>\n","protected":false},"excerpt":{"rendered":"<p><strong>Green Vitality<\/strong> est un puissant m\u00e9lange de superaliments verts avec \u00e9pinards, brocoli, chou fris\u00e9 et betterave pour une vitalit\u00e9 quotidienne, de l\u2019\u00e9nergie et un apport naturel en phytonutriments<\/p>\n","protected":false},"featured_media":11206,"comment_status":"open","ping_status":"closed","template":"","meta":{"wds_primary_product_brand":0,"wds_primary_product_cat":0,"wds_primary_merken":0},"product_brand":[],"product_cat":[976,4771],"product_tag":[5816,5898,5896,5897,573,5894,779,5514,655],"merken":[],"class_list":{"0":"post-11204","1":"product","2":"type-product","3":"status-publish","4":"has-post-thumbnail","6":"product_cat-garnitures-alimentaires","7":"product_cat-superaliments","8":"product_tag-antioxydants","9":"product_tag-betterave","10":"product_tag-brocoli","11":"product_tag-chou-frise","12":"product_tag-desintoxication","13":"product_tag-epinard","14":"product_tag-superaliment","15":"product_tag-verdure","16":"product_tag-vitalite","17":"infinite-scroll-item","18":"sales-flash-overlay","19":"woocommerce-text-align-center","20":"woocommerce-image-align-center","21":"do-quantity-buttons","23":"first","24":"instock","25":"taxable","26":"shipping-taxable","27":"purchasable","28":"product-type-simple"},"_links":{"self":[{"href":"https:\/\/www.ngdcare.nl\/fr\/wp-json\/wp\/v2\/product\/11204","targetHints":{"allow":["GET"]}}],"collection":[{"href":"https:\/\/www.ngdcare.nl\/fr\/wp-json\/wp\/v2\/product"}],"about":[{"href":"https:\/\/www.ngdcare.nl\/fr\/wp-json\/wp\/v2\/types\/product"}],"replies":[{"embeddable":true,"href":"https:\/\/www.ngdcare.nl\/fr\/wp-json\/wp\/v2\/comments?post=11204"}],"wp:featuredmedia":[{"embeddable":true,"href":"https:\/\/www.ngdcare.nl\/fr\/wp-json\/wp\/v2\/media\/11206"}],"wp:attachment":[{"href":"https:\/\/www.ngdcare.nl\/fr\/wp-json\/wp\/v2\/media?parent=11204"}],"wp:term":[{"taxonomy":"product_brand","embeddable":true,"href":"https:\/\/www.ngdcare.nl\/fr\/wp-json\/wp\/v2\/product_brand?post=11204"},{"taxonomy":"product_cat","embeddable":true,"href":"https:\/\/www.ngdcare.nl\/fr\/wp-json\/wp\/v2\/product_cat?post=11204"},{"taxonomy":"product_tag","embeddable":true,"href":"https:\/\/www.ngdcare.nl\/fr\/wp-json\/wp\/v2\/product_tag?post=11204"},{"taxonomy":"merken","embeddable":true,"href":"https:\/\/www.ngdcare.nl\/fr\/wp-json\/wp\/v2\/merken?post=11204"}],"curies":[{"name":"wp","href":"https:\/\/api.w.org\/{rel}","templated":true}]}}