{"id":11402,"date":"2025-11-27T15:25:43","date_gmt":"2025-11-27T14:25:43","guid":{"rendered":"https:\/\/www.ngdcare.nl\/product\/non%20class\u00e9\/mjamjam-poulet-juteux-et-saumon-sauvage\/"},"modified":"2025-11-28T11:27:06","modified_gmt":"2025-11-28T10:27:06","slug":"mjamjam-poulet-juteux-et-saumon-sauvage","status":"publish","type":"product","link":"https:\/\/www.ngdcare.nl\/fr\/product\/animalerie\/chat\/nutrition\/nourriture-humide\/mjamjam-poulet-juteux-et-saumon-sauvage\/","title":{"rendered":"MjAMjAM DUO \u2013 Poulet et saumon sauvage"},"content":{"rendered":"<p>Ce repas fournit \u00e0 votre chat tout ce dont il a besoin. Le saumon frais combin\u00e9 \u00e0 de la viande de poulet tendre offre une exp\u00e9rience gustative exclusive tout en apportant toutes les vitamines et min\u00e9raux essentiels. \u00ab Orient\u00e9 vers l\u2019esp\u00e8ce, naturel et proche de la proie \u00bb \u2013 cela signifie pour nous une forte teneur en viande. Les c\u00e9r\u00e9ales, le sucre, les conservateurs, les ar\u00f4mes et les liants synth\u00e9tiques sont compl\u00e8tement abandonn\u00e9s.   <\/p>\n<p data-start=\"1181\" data-end=\"1203\"><strong data-start=\"1185\" data-end=\"1203\">Recommandation d\u2019alimentation<\/strong><\/p>\n<ul>\n<li data-start=\"1206\" data-end=\"1268\"><strong data-start=\"1206\" data-end=\"1227\">200 \u00e0 400 g par jour<\/strong> pour un chat adulte pesant environ 3 \u00e0 5 kg.<\/li>\n<li data-start=\"1271\" data-end=\"1315\">Gardez de l\u2019eau fra\u00eeche disponible en permanence.<\/li>\n<li data-start=\"1318\" data-end=\"1369\">Apr\u00e8s ouverture, conservez au r\u00e9frig\u00e9rateur jusqu\u2019\u00e0 24 heures.<\/li>\n<li data-start=\"1372\" data-end=\"1416\">De pr\u00e9f\u00e9rence nourrir \u00e0 <strong data-start=\"1388\" data-end=\"1408\">temp\u00e9rature ambiante<\/strong> .<\/li>\n<\/ul>\n","protected":false},"excerpt":{"rendered":"<p><strong>MjAMjAM Juicy Chicken &amp; Wild Salmon<\/strong> est un repas de haute qualit\u00e9, sans c\u00e9r\u00e9ales, avec du saumon frais et de la viande de poulet tendre. Riche en vitamines essentielles, min\u00e9raux et taurine pour une sant\u00e9 optimale de votre chat. <\/p>\n","protected":false},"featured_media":11403,"comment_status":"open","ping_status":"closed","template":"","meta":[],"product_brand":[],"product_cat":[5066,5033,5293,5156],"product_tag":[],"merken":[],"class_list":{"0":"post-11402","1":"product","2":"type-product","3":"status-publish","4":"has-post-thumbnail","6":"product_cat-animalerie","7":"product_cat-chat","8":"product_cat-nourriture-humide","9":"product_cat-nutrition","10":"infinite-scroll-item","11":"sales-flash-overlay","12":"woocommerce-text-align-center","13":"woocommerce-image-align-center","14":"do-quantity-buttons","16":"first","17":"instock","18":"sold-individually","19":"taxable","20":"shipping-taxable","21":"purchasable","22":"product-type-variable"},"_links":{"self":[{"href":"https:\/\/www.ngdcare.nl\/fr\/wp-json\/wp\/v2\/product\/11402","targetHints":{"allow":["GET"]}}],"collection":[{"href":"https:\/\/www.ngdcare.nl\/fr\/wp-json\/wp\/v2\/product"}],"about":[{"href":"https:\/\/www.ngdcare.nl\/fr\/wp-json\/wp\/v2\/types\/product"}],"replies":[{"embeddable":true,"href":"https:\/\/www.ngdcare.nl\/fr\/wp-json\/wp\/v2\/comments?post=11402"}],"wp:featuredmedia":[{"embeddable":true,"href":"https:\/\/www.ngdcare.nl\/fr\/wp-json\/wp\/v2\/media\/11403"}],"wp:attachment":[{"href":"https:\/\/www.ngdcare.nl\/fr\/wp-json\/wp\/v2\/media?parent=11402"}],"wp:term":[{"taxonomy":"product_brand","embeddable":true,"href":"https:\/\/www.ngdcare.nl\/fr\/wp-json\/wp\/v2\/product_brand?post=11402"},{"taxonomy":"product_cat","embeddable":true,"href":"https:\/\/www.ngdcare.nl\/fr\/wp-json\/wp\/v2\/product_cat?post=11402"},{"taxonomy":"product_tag","embeddable":true,"href":"https:\/\/www.ngdcare.nl\/fr\/wp-json\/wp\/v2\/product_tag?post=11402"},{"taxonomy":"merken","embeddable":true,"href":"https:\/\/www.ngdcare.nl\/fr\/wp-json\/wp\/v2\/merken?post=11402"}],"curies":[{"name":"wp","href":"https:\/\/api.w.org\/{rel}","templated":true}]}}